{"id":1057,"date":"2015-08-24T11:49:27","date_gmt":"2015-08-24T09:49:27","guid":{"rendered":"http:\/\/zvk.meinezvk.de\/?page_id=1057"},"modified":"2025-05-07T06:41:30","modified_gmt":"2025-05-07T04:41:30","slug":"rentenrechner-2","status":"publish","type":"page","link":"https:\/\/zvk.meinezvk.de\/?page_id=1057","title":{"rendered":"Rentenrechner"},"content":{"rendered":"<p>Wir freuen uns, dass Sie unseren Betriebsrentenrechner nutzen wollen.<\/p>\n<p class=\"none\">\n<div class=\"su-service\"><div class=\"su-service-title\" style=\"padding-left:44px;min-height:30px;line-height:30px\"><i class=\"sui sui-info\" style=\"font-size:30px;color:#0099cc\"><\/i> Bitte beachten Sie:<\/div><div class=\"su-service-content su-u-clearfix su-u-trim\" style=\"padding-left:44px\">Dieser Rechner dient ausschlie\u00dflich der Orientierung. Diese Hochrechnung ersetzt nicht die verbindliche    Rentenberechnung zum tats&auml;chlichen Rentenbeginn.<\/div><\/div><\/p>\n<p><!--DMAILER_SECTION_BOUNDARY_--><\/p>\n<div id=\"c436\" class=\"csc-default\"><script src=\"https:\/\/zvk.meinezvk.de\/wp-content\/uploads\/betriebsrentenrechner.js\" type=\"text\/javascript\"><\/script><\/p>\n<div id=\"eingabe\" style=\"display:block;\">\n<form name=\"fDaten\" action=\"\">\n<table style=\"width:100%;\" border=\"0\" summary=\"\">\n<tr>\n<td colspan=\"2\">\n<p>\n        <\/td>\n<\/tr>\n<tr>\n<td style=\"text-align:left;vertical-align: top;\"><strong>Geburtsdatum:<\/strong><\/td>\n<td>\n<table border=\"0\" summary=\"\">\n<tr>\n<td><input id=\"inputGebTag\" type=\"text\" name=\"GebTag\" value=\"TT\" maxlength=\"2\" size=\"2\" \/><\/p>\n<td><\/td>\n<td><input id=\"inputGebMonat\" type=\"text\" name=\"GebMonat\" value=\"MM\" maxlength=\"2\" size=\"2\" \/> <\/p>\n<td><\/td>\n<td><input id=\"inputGebJahr\" type=\"text\" name=\"GebJahr\" value=\"JJJJ\" maxlength=\"4\" size=\"3\" \/> <\/p>\n<td style=\"color: rgb(241, 241, 241);\">33333333333333333333333333333333<\/td>\n<\/tr>\n<\/table>\n<\/td>\n<td>\n            <a class=\"tooltip\"><img decoding=\"async\" src=\"https:\/\/zvk.meinezvk.de\/wp-content\/uploads\/info_blue.png\" border=\"0\" alt=\"\" title=\"\" \/><span> Bitte geben Sie hier Ihr Geburtsdatum ein. Eine Pflichtversicherung ist fr\u00fchestens mit Vollendung des 17. Lebensjahres m\u00f6glich. Daher kann diese Prognoseberechnung auch erst ab Vollendung des 17. Lebensjahres beginnen. <\/span><\/a>\n        <\/td>\n<\/tr>\n<tr>\n<td style=\"text-align:left;vertical-align: top;\"><strong>Renteneintrittsalter:<\/strong><\/td>\n<td>\n<table border=\"0\" summary=\"\">\n<tr>\n<td><input id=\"inputRenteDef\" type=\"radio\" class=\"csc-mailform-radio\" name=\"rb_Rentenbeginn\" value=\"GesRente\" \/><\/td>\n<td><label for=\"inputRenteDef\">Gesetzliche Regelaltersrente<\/label><\/td>\n<td style=\"color: rgb(241, 241, 241);\">zdjjjjddddeeesdfsdfsdfsedhdsddfasdfafddudddddd<\/td>\n<\/tr>\n<\/table>\n<\/td>\n<td>\n            <a class=\"tooltip\" ><img decoding=\"async\" src=\"https:\/\/zvk.meinezvk.de\/wp-content\/uploads\/info_blue.png\" border=\"0\" alt=\"\" title=\"\" \/><span> Das gesetzliche Regelrenteneintrittsalter ist der Zeitpunkt, zu dem Sie ohne Abschl\u00e4ge in Rente gehen k\u00f6nnen. Dies ist durch Ihr Geburtsdatum bereits hinterlegt. <\/span><\/a>\n        <\/td>\n<\/tr>\n<tr>\n<td>&nbsp;<\/td>\n<td>\n<table border=\"0\" summary=\"\">\n<tr>\n<td><input id=\"inputRenteUser\" type=\"radio\" class=\"csc-mailform-radio\" name=\"rb_Rentenbeginn\" value=\"BenRente\" \/><\/td>\n<td><label for=\"inputRenteUser\">Benutzerdefiniert<\/label><\/td>\n<td><input id=\"inputRenteUserJahr\" type=\"text\" name=\"rente_user_jahr\" value=\"JJ\" maxlength=\"2\" size=\"2\" \/><\/td>\n<td><\/td>\n<td><input id=\"inputRenteUserMonat\" type=\"text\" name=\"rente_user_monat\" value=\"MM\" maxlength=\"2\" size=\"2\" \/><\/td>\n<td style=\"color: rgb(241, 241, 241);\">45345344523452345234553453455555<\/td>\n<\/tr>\n<\/table>\n<\/td>\n<td>\n            <a class=\"tooltip\" ><img decoding=\"async\" src=\"https:\/\/zvk.meinezvk.de\/wp-content\/uploads\/info_blue.png\" border=\"0\" alt=\"\" title=\"\" \/><span> Alternativ w\u00e4hlen Sie hier das Alter aus, zu dem Sie in Rente gehen m\u00f6chten. Ein Anspruch auf Betriebsrente besteht ab dem Zeitpunkt, ab dem Sie eine Altersrente aus der gesetzlichen Rentenversicherung beanspruchen k\u00f6nnen. Zudem muss die Wartezeit von 60 Umlage-\/ Beitragsmonaten erf\u00fcllt sein. <\/span><\/a>\n        <\/td>\n<\/tr>\n<tr>\n<td style=\"text-align:left;vertical-align: top;\"><strong>Erworbene Anwartschaft:<\/strong><\/td>\n<td>\n<table border=\"0\" summary=\"\">\n<tr>\n<td><input id=\"inputAnwartVK\" type=\"text\" name=\"anwart_vk\" value=\"\" maxlength=\"3\" size=\"3\" \/><\/td>\n<td>\n<h3>,<\/h3>\n<\/td>\n<td><input id=\"inputAnwartNK\" type=\"text\" name=\"anwart_nk\" value=\"\" maxlength=\"2\" size=\"2\" \/><\/td>\n<td>Punkte<\/td>\n<td style=\"color: rgb(241, 241, 241);\">jjjjjjjjjjjjjjjjjjjjjjjjrrrrrrrrrrrrfeeeeeeeeeeeeeeeeejjjjjwqewejjjjj<\/td\n                <\/tr>\n<\/table>\n<\/td>\n<td>\n            <a class=\"tooltip\" ><img decoding=\"async\" src=\"https:\/\/zvk.meinezvk.de\/wp-content\/uploads\/info_blue.png\" border=\"0\" alt=\"\" title=\"\" \/><span> Bitte geben Sie hier Ihre bereits erworbenen Versorgungspunkte aus der Pflichtversicherung ein. Diese k\u00f6nnen Sie Ihrem letzten Versicherungsnachweis entnehmen. <\/span><\/a>\n        <\/td>\n<\/tr>\n<tr>\n<td>&nbsp;<\/td>\n<td>\n<table border=\"0\" summary=\"\">\n<tr>\n<td>Zum 01.01.<\/td>\n<td><span id=\"spanSelectYear\"><\/span><\/td>\n<td style=\"color: rgb(241, 241, 241);\">xxxxxxxxxxxxyyyyyyyyyyyyyyyyxxxxxxxxxxxxxxxxxxxxxxxx<\/td>\n<\/tr>\n<\/table>\n<\/td>\n<td>&nbsp;<\/td>\n<\/tr>\n<tr>\n<td style=\"text-align:left;vertical-align: top;\"><strong>Entgelt:<\/strong><\/td>\n<td>\n<table border=\"0\" summary=\"\">\n<tr>\n<td>\n                        <select id=\"selectEntgelt\" name=\"sEntgelt\" size=\"1\"><option value=\"EntgeltM\">monatlich<\/option><option value=\"EntgeltJ\">j\u00e4hrlich<\/option><\/select>\n                    <\/td>\n<td><input id=\"inputEntgeltVK\" type=\"text\" name=\"entgelt_vk\" value=\"\" maxlength=\"6\" size=\"5\" \/><\/td>\n<td>\n<h3>,<\/h3>\n<\/td>\n<td><input id=\"inputEntgeltNK\" type=\"text\" name=\"entgelt_nk\" value=\"00\" maxlength=\"2\" size=\"2\" \/><\/p>\n<td><strong>\u20ac<\/strong><\/td>\n<\/td>\n<td style=\"color: rgb(241, 241, 241);\">7878787787878787887878787878787878787<\/td>\n<\/tr>\n<\/table>\n<\/td>\n<td>\n            <a class=\"tooltip\" ><img decoding=\"async\" src=\"https:\/\/zvk.meinezvk.de\/wp-content\/uploads\/info_blue.png\" border=\"0\" alt=\"\" title=\"\" \/><span> Bitte geben Sie hier Ihr zusatzversorgungspflichtiges Entgelt ein. Zusatzversorgungspflichtiges Entgelt ist grunds\u00e4tzlich Ihr steuerpflichtiger Arbeitslohn. Sie haben die M\u00f6glichkeit, das monatliche oder j\u00e4hrliche Entgelt einzutragen. Entnehmen Sie dies dem Versicherungsnachweis bzw. Ihrer Lohnabrechnung. <\/span><\/a>\n        <\/td>\n<\/tr>\n<tr>\n<td colspan=\"3\" style=\"text-align:right;\"><input id=\"ButtonWeiter\" type=\"button\" name=\"weiter\" value=\"weiter\" onclick=\"calculate();\" \/><\/td>\n<\/tr>\n<\/table>\n<div id=\"toolTip\"><\/div>\n<\/form>\n<\/div>\n<div id=\"warten\" style=\"display:none; text-align:center;\">\n<p>    <img decoding=\"async\" src=\"https:\/\/zvk.meinezvk.de\/wp-content\/uploads\/loading.gif\" border=\"0\" alt=\"Bitte warten\" title=\"Bitte warten\" \/><\/p>\n<p>    Bitte warten, Ihre Daten werden berechnet&#8230;\n<\/p><\/div>\n<div id=\"ausgabe\" style=\"display:none;\">\n<form name=\"fAusgabe\" action=\"\">\n<table style=\"width:100%;\" border=\"0\" summary=\"\">\n<tr>\n<td style=\"color: rgb(102, 102, 102);\">\n<h3>Mit diesen Daten haben wir Ihre Betriebsrente berechnet:<\/h3>\n<p><\/p>\n<div align=\"center\">\n<table style=\"width: 50%;\" align=\"center\" summary=\"\" border=\"0\">\n<tbody>\n<td >\n<ul>\n<li><strong>Geburtsdatum:<\/strong> <span id=\"GebDatum\"><\/span><\/li>\n<li><strong>Anwartschaft zum <span id=\"AnwZum\"><\/span>:<\/strong> <span id=\"AnwPunkte\"><\/span>&nbsp;VP<\/li>\n<li><strong>Rentenbeginn:<\/strong> <span id=\"RentenBeginn\"><\/span><\/li>\n<li><strong>ZV-pflichtiges Jahresbrutto:<\/strong> <span id=\"JahresBrutto\"><\/span>&nbsp;&euro;<\/li>\n<\/ul>\n<\/td>\n<\/tr>\n<\/tbody>\n<\/table>\n<\/tr>\n<tr>\n<td>\n            <\/p>\n<p><h3><strong>Betriebsrente ohne Abschlag: <span style=\"color: rgb(0, 153, 204);\" id=\"BetriebsRente\"><\/span>&nbsp;&euro; monatlich<\/strong><\/h3>\n<\/p>\n<p>\n        <\/td>\n<\/tr>\n<tr>\n<td>\n<p>\n                Ausgehend von den von Ihnen erfassten Angaben k&ouml;nnen Sie hochgerechnet auf<br \/>\n                das <strong><span id=\"AusgabeRenteJahr\"><\/span>. Lebensjahr und <span id=\"AusgabeRenteMonat\"><\/strong><\/span>&nbsp;Monate<br \/>\n                eine zus&auml;tzliche Altervorsorge bei der ZVK Th&uuml;ringen in H&ouml;he von<br \/>\n                <strong><span id=\"BetriebsRente2\"><\/span>&nbsp;&euro;<\/strong> erwarten.\n            <\/p>\n<\/td>\n<\/tr>\n<tr>\n<td>\n            <\/p>\n<p>\n                <strong>Bitte beachten Sie:<\/strong> Die Berechnung basiert auf Ihren Eintragungen und den derzeit geltenden Satzungsbestimmungen.<\/p>\n<p class=\"none\">Sie unterstellt eine durchgehende Pflichtversicherung mit gleich bleibendem Entgelt und dient daher lediglich als Anhaltspunkt f&uuml;r eine m&ouml;gliche k&uuml;nftige Entwicklung Ihrer Betriebsrente wegen Alters.<\/p>\n<p class=\"none\">Falls Sie nicht bis zum oben genannten Alter arbeiten, vermindert sich die Leistung entsprechend. Die Hochrechnung ersetzt nicht die verbindliche Rentenberechnung zum tats&auml;chlichen Rentenbeginn. Prognosen f&uuml;r k&uuml;nftge Jahre k&ouml;nnen aus ihr nicht abgeleitet werden.<\/p>\n<p> Die ausgewiesene Rente ist wegen des zu erwartenden Anstiegs der Lebenshaltungskosten und der damit verbundenen Geldentwertung (Inflation) in ihrer Kaufkraft nicht mit einem heutigen Einkommen vergleichbar.\n            <\/p>\n<\/td>\n<\/tr>\n<tr>\n<td>\n            <\/p>\n<p>\n                Dieser Rechner dient ausschlie\u00dflich der Orientierung und beinhaltet keine Aussagen zu Rentenabschl&auml;gen,<br \/>\n                Steuern und Krankenkassenbeitr&auml;gen.\n            <\/p>\n<\/td>\n<\/tr>\n<tr>\n<td style=\"text-align:right;\"><input id=\"ButtonZurueck\" type=\"button\" name=\"zurueck\" value=\"zur&uuml;ck\" onclick=\"back();\" \/><\/td>\n<\/tr>\n<\/table>\n<\/form>\n<\/div>\n<p><script type=\"text\/javascript\">onLoadToDo();<\/script><\/div>\n<p><!--DMAILER_SECTION_BOUNDARY_END--><br \/>\n<br class=\"none\" \/><br \/>\n<br class=\"none\" \/><br \/>\n<br class=\"none\" \/><br \/>\n<br class=\"none\" \/><\/p>\n","protected":false},"excerpt":{"rendered":"<p>Wir freuen uns, dass Sie unseren Betriebsrentenrechner nutzen wollen. Geburtsdatum: 33333333333333333333333333333333 Bitte geben Sie hier Ihr Geburtsdatum ein. Eine Pflichtversicherung ist fr\u00fchestens mit Vollendung des 17. Lebensjahres m\u00f6glich. Daher kann diese Prognoseberechnung auch erst&#46;&#46;&#46;<\/p>\n","protected":false},"author":1,"featured_media":0,"parent":0,"menu_order":0,"comment_status":"closed","ping_status":"closed","template":"","meta":{"footnotes":""},"class_list":["post-1057","page","type-page","status-publish","hentry"],"_links":{"self":[{"href":"https:\/\/zvk.meinezvk.de\/index.php?rest_route=\/wp\/v2\/pages\/1057","targetHints":{"allow":["GET"]}}],"collection":[{"href":"https:\/\/zvk.meinezvk.de\/index.php?rest_route=\/wp\/v2\/pages"}],"about":[{"href":"https:\/\/zvk.meinezvk.de\/index.php?rest_route=\/wp\/v2\/types\/page"}],"author":[{"embeddable":true,"href":"https:\/\/zvk.meinezvk.de\/index.php?rest_route=\/wp\/v2\/users\/1"}],"replies":[{"embeddable":true,"href":"https:\/\/zvk.meinezvk.de\/index.php?rest_route=%2Fwp%2Fv2%2Fcomments&post=1057"}],"version-history":[{"count":42,"href":"https:\/\/zvk.meinezvk.de\/index.php?rest_route=\/wp\/v2\/pages\/1057\/revisions"}],"predecessor-version":[{"id":163574,"href":"https:\/\/zvk.meinezvk.de\/index.php?rest_route=\/wp\/v2\/pages\/1057\/revisions\/163574"}],"wp:attachment":[{"href":"https:\/\/zvk.meinezvk.de\/index.php?rest_route=%2Fwp%2Fv2%2Fmedia&parent=1057"}],"curies":[{"name":"wp","href":"https:\/\/api.w.org\/{rel}","templated":true}]}}