{"id":162980,"date":"2021-10-26T10:51:18","date_gmt":"2021-10-26T08:51:18","guid":{"rendered":"https:\/\/zvk.meinezvk.de\/?page_id=162980"},"modified":"2021-12-27T16:59:30","modified_gmt":"2021-12-27T15:59:30","slug":"vorl-rechengoessen-2022","status":"publish","type":"page","link":"https:\/\/zvk.meinezvk.de\/?page_id=162980","title":{"rendered":"Rechengr\u00f6\u00dfen 2022"},"content":{"rendered":"<div class=\"su-spoiler su-spoiler-style-fancy su-spoiler-icon-plus su-spoiler-closed\" data-scroll-offset=\"0\" data-anchor-in-url=\"no\"><div class=\"su-spoiler-title\" tabindex=\"0\" role=\"button\"><span class=\"su-spoiler-icon\"><\/span>Allgemein<\/div><div class=\"su-spoiler-content su-u-clearfix su-u-trim\"><\/p>\n<table class=\"contenttable aligncenter\" style=\"height: 241px;\">\n<tbody>\n<tr>\n<td><strong>Umlagesatz<\/strong><\/td>\n<td><span style=\"color: #000000;\"><strong>1,4 %<\/strong><\/span><\/td>\n<\/tr>\n<tr>\n<td><strong>Zusatzbeitrag<\/strong><\/td>\n<td><span style=\"color: #000000;\"><strong>4,3 %<\/strong><\/span><br \/>\n(2,3 % AN-Anteil und 2,0 % AG-Anteil bei Bindung an den ATV-K)<\/td>\n<\/tr>\n<tr>\n<td><strong>Max. Betrag des zusatzversorgungspflichtigen Entgeltes<\/strong><br \/>\n(\u00a7 62 Abs. 2 Satz 3 der Satzung)<\/td>\n<td><span style=\"color: #000000;\"><strong>16.875 \u20ac<\/strong><\/span><br \/>\n<span style=\"color: #000000;\"> <strong>33.750 \u20ac<\/strong> (einschl. Sonderzahlung)<\/span><\/td>\n<\/tr>\n<tr>\n<td><span style=\"color: #000000;\"><strong>Grenzbetrag f\u00fcr zus\u00e4tzliche Umlage<\/strong><\/span><br \/>\n<span style=\"color: #000000;\"> (\u00a7 76 der Satzung)<\/span><\/td>\n<td><span style=\"color: #000000;\"><strong>7.951,34 \u20ac <\/strong>(bis 31.03.2022)<br \/>\n<strong>8.094,46 \u20ac<\/strong> (ab 01.04.2022)<br \/>\n<strong>12.285,76<\/strong> <strong>\u20ac<\/strong> (einschl. Sonderzahlung)<\/span><\/td>\n<\/tr>\n<\/tbody>\n<\/table>\n<p><\/div><\/div>\n<div class=\"su-spoiler su-spoiler-style-fancy su-spoiler-icon-plus su-spoiler-closed\" data-scroll-offset=\"0\" data-anchor-in-url=\"no\"><div class=\"su-spoiler-title\" tabindex=\"0\" role=\"button\"><span class=\"su-spoiler-icon\"><\/span>Steuer<\/div><div class=\"su-spoiler-content su-u-clearfix su-u-trim\"><\/p>\n<table class=\"contenttable\">\n<tbody>\n<tr>\n<td><span style=\"color: #000000;\"><strong>Steuerfreie Umlage<\/strong><\/span><\/td>\n<td><span style=\"color: #000000;\"><strong>2.538 \u20ac<\/strong> j\u00e4hrlich bzw.<\/span><br \/>\n<span style=\"color: #000000;\"> <strong>211,50 \u20ac<\/strong> monatlich bei Verwendung Verteilmodell<\/span><\/td>\n<\/tr>\n<tr>\n<td><span style=\"color: #000000;\"><strong>Grenzen f\u00fcr pauschale Versteuerung der Umlagen<\/strong><\/span><br \/>\n<span style=\"color: #000000;\"> (\u00a7 40 b EStG n. F.)<\/span><\/td>\n<td><span style=\"color: #000000;\"><strong>89,48 \u20ac<\/strong> monatlich f\u00fcr tarifgebundene Arbeitgeber<\/span><br \/>\n<span style=\"color: #000000;\"> <strong>146,- \u20ac<\/strong> monatlich bzw. <strong><span style=\"color: #000000;\">1.752,00<\/span> \u20ac<\/strong> j\u00e4hrlich f\u00fcr nicht tarifgebundene Arbeitgeber<\/span><\/td>\n<\/tr>\n<\/tbody>\n<\/table>\n<p><\/div><\/div>\n<div class=\"su-spoiler su-spoiler-style-fancy su-spoiler-icon-plus su-spoiler-closed\" data-scroll-offset=\"0\" data-anchor-in-url=\"no\"><div class=\"su-spoiler-title\" tabindex=\"0\" role=\"button\"><span class=\"su-spoiler-icon\"><\/span>Riester<\/div><div class=\"su-spoiler-content su-u-clearfix su-u-trim\"><\/p>\n<table class=\"contenttable\">\n<tbody>\n<tr>\n<td><strong>Mindesteigenbeitrag f\u00fcr volle Riester-F\u00f6rderung<\/strong><br \/>\n(nach \u00a7 86 EStG)<\/td>\n<td><strong>4 %<\/strong> der sozialversicherungspflichtigen Einnahmen des Vorjahres<\/td>\n<\/tr>\n<tr>\n<td><strong>Riester-Grundzulage<\/strong><br \/>\n(\u00a7 84 EStG)<\/td>\n<td><strong>175 \u20ac<\/strong><br \/>\n+ 200 \u20ac (einmalig ab 2008 f\u00fcr alle bis zum 25. Lebensjahr)<\/td>\n<\/tr>\n<tr>\n<td><strong>Riester-Kinderzulage<\/strong><\/td>\n<td><strong>300 \u20ac<\/strong><br \/>\n<strong>185 \u20ac (<\/strong>f\u00fcr bis Ende 2007 geborene Kinder)<\/td>\n<\/tr>\n<tr>\n<td><strong>Sockelbeitrag Riester<\/strong><br \/>\n(Mindestens vom Versicherten selbst aufzubringender Beitrag nach \u00a7 86 EStG)<\/td>\n<td><strong>60 \u20ac<\/strong><\/td>\n<\/tr>\n<tr>\n<td><strong>Max. steuerlich f\u00f6rderf\u00e4higer Betrag bei Riester<\/strong><br \/>\n(Sonderausgabenabzug nach \u00a7 10 a EStG)<\/td>\n<td><strong>2.100 \u20ac<\/strong><\/td>\n<\/tr>\n<\/tbody>\n<\/table>\n<p><\/div><\/div>\n<div class=\"su-spoiler su-spoiler-style-fancy su-spoiler-icon-plus su-spoiler-closed\" data-scroll-offset=\"0\" data-anchor-in-url=\"no\"><div class=\"su-spoiler-title\" tabindex=\"0\" role=\"button\"><span class=\"su-spoiler-icon\"><\/span>Entgeltumwandlung<\/div><div class=\"su-spoiler-content su-u-clearfix su-u-trim\"><\/p>\n<table class=\"contenttable\">\n<tbody>\n<tr>\n<td><span style=\"color: #000000;\"><strong>Grenze f\u00fcr Steuerfreiheit<\/strong><br \/>\n(\u00a7 3 Nr. 63 EStG)<br \/>\n<strong>Grenze f\u00fcr Sozialversicherungsfreiheit<\/strong><br \/>\n(\u00a7 1 Abs. 1 Nr. 9 SvEV)<\/span><\/td>\n<td><span style=\"color: #000000;\"><strong>6.768 \u20ac (564 \u20ac\/Monat)<\/strong><\/span><\/p>\n<p><span style=\"color: #000000;\"><strong>3.384 \u20ac (282 \u20ac\/Monat)<\/strong><\/span><\/td>\n<\/tr>\n<tr>\n<td><span style=\"color: #000000;\"><strong>Mindestbeitrag Entgeltumwandlung<\/strong><\/span><br \/>\n<span style=\"color: #000000;\"> (1\/160 der Bezugsgr\u00f6\u00dfe nach \u00a7 18 Abs. 1 SGB IV)<\/span><\/td>\n<td><span style=\"color: #000000;\"><strong>246,75 \u20ac<\/strong> j\u00e4hrlich<\/span><\/td>\n<\/tr>\n<\/tbody>\n<\/table>\n<p><\/div><\/div>\n<div class=\"su-spoiler su-spoiler-style-fancy su-spoiler-icon-plus su-spoiler-closed\" data-scroll-offset=\"0\" data-anchor-in-url=\"no\"><div class=\"su-spoiler-title\" tabindex=\"0\" role=\"button\"><span class=\"su-spoiler-icon\"><\/span>Historie Umlage und Zusatzbeitrag<\/div><div class=\"su-spoiler-content su-u-clearfix su-u-trim\"><\/p>\n<table class=\"contenttable\">\n<thead>\n<tr>\n<th scope=\"col\"><\/th>\n<th scope=\"col\">Umlage<\/th>\n<th scope=\"col\">Zusatzbeitrag<\/th>\n<\/tr>\n<\/thead>\n<tbody>\n<tr>\n<td><\/td>\n<td colspan=\"2\" rowspan=\"1\">Prozentsatz des zusatzversorgungspflichtigen Entgelts<\/td>\n<\/tr>\n<tr>\n<td style=\"text-align: center;\">1997<\/td>\n<td>1,0 v.H.<\/td>\n<td><\/td>\n<\/tr>\n<tr>\n<td style=\"text-align: center;\">1999<\/td>\n<td>1,2 v.H.<\/td>\n<td><\/td>\n<\/tr>\n<tr>\n<td style=\"text-align: center;\">2000<\/td>\n<td>1,4 v.H.<\/td>\n<td><\/td>\n<\/tr>\n<tr>\n<td>2001<\/td>\n<td>1,7 v.H.<\/td>\n<td><\/td>\n<\/tr>\n<tr>\n<td style=\"text-align: center;\">2002<\/td>\n<td>1,9 v.H.<\/td>\n<td><\/td>\n<\/tr>\n<tr>\n<td style=\"text-align: center;\">2003<\/td>\n<td>1,7 v.H.<\/td>\n<td>1,3 v.H.<\/td>\n<\/tr>\n<tr>\n<td style=\"text-align: center;\">2004<\/td>\n<td>1,7 v.H.<\/td>\n<td>2,7 v.H.<\/td>\n<\/tr>\n<tr>\n<td style=\"text-align: center;\">2005<\/td>\n<td>1,7 v.H.<\/td>\n<td>3,0 v.H.<\/td>\n<\/tr>\n<tr>\n<td style=\"text-align: center;\">2006<\/td>\n<td>1,7 v.H.<\/td>\n<td>3,3 v.H.<\/td>\n<\/tr>\n<tr>\n<td>2007<\/td>\n<td>1,7 v.H.<\/td>\n<td>3,6 v.H.<\/td>\n<\/tr>\n<tr>\n<td style=\"text-align: center;\">2008<\/td>\n<td>1,7 v.H.<\/td>\n<td>4,0 v.H.<\/td>\n<\/tr>\n<tr>\n<td style=\"text-align: center;\" rowspan=\"1\">2009<\/td>\n<td rowspan=\"1\">1,7 v.H.<\/td>\n<td rowspan=\"1\">4,0 v.H.<\/td>\n<\/tr>\n<tr>\n<td style=\"text-align: center;\" rowspan=\"1\">2010<\/td>\n<td rowspan=\"1\">1,2 v.H.<\/td>\n<td rowspan=\"1\">4,0 v.H.<\/td>\n<\/tr>\n<tr>\n<td style=\"text-align: center;\" rowspan=\"1\">2011<\/td>\n<td rowspan=\"1\">1,1 v.H.<\/td>\n<td rowspan=\"1\">4,0 v.H.<\/td>\n<\/tr>\n<tr>\n<td rowspan=\"1\">2012<\/td>\n<td rowspan=\"1\">1,1 v.H.<\/td>\n<td rowspan=\"1\">4,0 v.H<\/td>\n<\/tr>\n<tr>\n<td rowspan=\"1\">2013<\/td>\n<td rowspan=\"1\">1,1 v.H.<\/td>\n<td rowspan=\"1\">4,0 v.H<\/td>\n<\/tr>\n<tr>\n<td rowspan=\"1\">2014<\/td>\n<td rowspan=\"1\">1,1 v.H.<\/td>\n<td rowspan=\"1\">4,0 v.H<\/td>\n<\/tr>\n<tr>\n<td rowspan=\"1\">2015<\/td>\n<td rowspan=\"1\">1,1 v.H.<\/td>\n<td rowspan=\"1\">4,0 v.H<\/td>\n<\/tr>\n<tr>\n<td rowspan=\"1\">2016<\/td>\n<td rowspan=\"1\">1,1 v.H.<\/td>\n<td rowspan=\"1\">4,0 v.H<\/td>\n<\/tr>\n<tr>\n<td rowspan=\"1\">2017<\/td>\n<td rowspan=\"1\">1,1 v.H.<\/td>\n<td rowspan=\"1\">4,0 v.H<\/td>\n<\/tr>\n<tr>\n<td rowspan=\"1\">2018<\/td>\n<td rowspan=\"1\">1,1 v.H.<\/td>\n<td rowspan=\"1\">4,0 v.H<\/td>\n<\/tr>\n<tr>\n<td rowspan=\"1\">2019<\/td>\n<td rowspan=\"1\">1,1 v.H.<\/td>\n<td rowspan=\"1\">4,0 v.H<\/td>\n<\/tr>\n<tr>\n<td rowspan=\"1\">2020<\/td>\n<td rowspan=\"1\">1,1 v.H.<\/td>\n<td rowspan=\"1\">4,0 v.H<\/td>\n<\/tr>\n<tr>\n<td rowspan=\"1\">2021<\/td>\n<td rowspan=\"1\">1,3 v.H.<\/td>\n<td rowspan=\"1\">4,2 v.H<\/td>\n<\/tr>\n<tr>\n<td rowspan=\"1\">2022<\/td>\n<td rowspan=\"1\">1,4 v.H.<\/td>\n<td rowspan=\"1\">4,3 v.H<\/td>\n<\/tr>\n<\/tbody>\n<\/table>\n<p><\/div><\/div>\n<div class=\"su-spoiler su-spoiler-style-fancy su-spoiler-icon-plus su-spoiler-closed\" data-scroll-offset=\"0\" data-anchor-in-url=\"no\"><div class=\"su-spoiler-title\" tabindex=\"0\" role=\"button\"><span class=\"su-spoiler-icon\"><\/span>zus\u00e4tzliche Umlage<\/div><div class=\"su-spoiler-content su-u-clearfix su-u-trim\"><\/p>\n<p>Ab 2002 ist die zus\u00e4tzliche Umlage von 9 v. H. des zusatzversorgungspflichtigen Entgelts nur f\u00fcr die Besch\u00e4ftigten zu entrichten, f\u00fcr die am 31.12.2001 schon und am 01.01.2002 noch eine zus\u00e4tzliche Umlage gezahlt wurde.<br \/>\nAufgrund der zwischen den Tarifvertragsparteien abgestimmten Fassung des 4. \u00c4nderungstarifvertrags zum ATV-K richtet sich der Grenzbetrag f\u00fcr die zus\u00e4tzliche Umlage ab dem 01.07.2007 nach dem 1,133-fachen des Betrages der Entgeltgruppe 15 Stufe 6 TV\u00f6D Tarifgebiet Ost bzw. West, einschlie\u00dflich der Jahressonderzahlung.<\/p>\n<table class=\"contenttable\">\n<thead>\n<tr>\n<th scope=\"col\"><b>ma\u00dfgebender Grenzbetrag<br \/>\n<\/b><\/th>\n<th scope=\"col\"><b>mtl. Betrag<br \/>\n<\/b><\/th>\n<th scope=\"col\"><b>im Monat der Zuwendung<\/b><\/th>\n<\/tr>\n<\/thead>\n<tbody>\n<tr>\n<td>01.09.1998 \u2013 31.03.1999<\/td>\n<td>8.573,20 DM<\/td>\n<td>14.514,43 DM<\/td>\n<\/tr>\n<tr>\n<td>01.04.1999 \u2013 31.07.2000<\/td>\n<td>8.838,97 DM<\/td>\n<td>14.779,64 DM<\/td>\n<\/tr>\n<tr>\n<td>01.08.2000 \u2013 31.12.2000<\/td>\n<td>9.067,88 DM<\/td>\n<td>15.042,71 DM<\/td>\n<\/tr>\n<tr>\n<td>01.01.2001 \u2013 31.08.2001<\/td>\n<td>9.224,21 DM<\/td>\n<td>15.302,04 DM<\/td>\n<\/tr>\n<tr>\n<td>01.09.2001 \u2013 31.12.2001<\/td>\n<td>9.445,61 DM<\/td>\n<td>15.523,86 DM<\/td>\n<\/tr>\n<tr>\n<td>01.01.2002 \u2013 31.12.2002<\/td>\n<td>4.911,32 \u20ac<\/td>\n<td>8.071,75 \u20ac<\/td>\n<\/tr>\n<tr>\n<td>01.01.2003 \u2013 31.03.2003<\/td>\n<td>4.965,88 \u20ac<\/td>\n<td>8.161,42 \u20ac<\/td>\n<\/tr>\n<tr>\n<td>01.04.2003 \u2013 31.12.2003<\/td>\n<td>5.085,07 \u20ac<\/td>\n<td>8.280,53 \u20ac<\/td>\n<\/tr>\n<tr>\n<td>01.01.2004 \u2013 30.04.2004<\/td>\n<td>5.220,56 \u20ac<\/td>\n<td>8.468,79 \u20ac<\/td>\n<\/tr>\n<tr>\n<td>01.05.2004 \u2013 31.12.2004<\/td>\n<td>5.272,77 \u20ac<\/td>\n<td>8.520,80 \u20ac<\/td>\n<\/tr>\n<tr>\n<td>01.01.2005 \u2013 30.06.2005<\/td>\n<td>5.272,77 \u20ac<\/td>\n<td>8.520,80 \u20ac<\/td>\n<\/tr>\n<tr>\n<td>01.07.2005 \u2013 31.12.2005<\/td>\n<td>5.358,28 \u20ac<\/td>\n<td>8.658,96 \u20ac<\/td>\n<\/tr>\n<tr>\n<td>01.01.2006 \u2013 30.06.2006<\/td>\n<td>5.358,28 \u20ac<\/td>\n<td>8.658,96 \u20ac<\/td>\n<\/tr>\n<tr>\n<td>01.07.2006 \u2013 30.06.2007<\/td>\n<td>5.443,77 \u20ac<\/td>\n<td>8.797,13 \u20ac<\/td>\n<\/tr>\n<tr>\n<td>01.07.2007 \u2013 31.03.2008<\/td>\n<td>5.527,91 \u20ac<\/td>\n<td>8.015,47 \u20ac<\/td>\n<\/tr>\n<tr>\n<td>01.04.2008 \u2013 31.12.2008<\/td>\n<td>5.756,05 \u20ac<\/td>\n<td>8.346,27 \u20ac<\/td>\n<\/tr>\n<tr>\n<td rowspan=\"1\">01.01.2009 \u2013 31.12.2009<\/td>\n<td rowspan=\"1\">5.917,22 \u20ac<\/td>\n<td rowspan=\"1\">8.579,96 \u20ac<\/td>\n<\/tr>\n<tr>\n<td rowspan=\"1\">01.01.2010 \u2013 31.12.2010<\/td>\n<td rowspan=\"1\">6.173,42 \u20ac<\/td>\n<td rowspan=\"1\">8.951,46 \u20ac<\/td>\n<\/tr>\n<tr>\n<td rowspan=\"1\">01.01.2011 \u2013 31.07.2011<\/td>\n<td rowspan=\"1\">6.210,46 \u20ac<\/td>\n<td rowspan=\"1\">9.005,17 \u20ac<\/td>\n<\/tr>\n<tr>\n<td rowspan=\"1\">01.08.2011 \u2013 29.02.2012<\/td>\n<td rowspan=\"1\">6.241,52 \u20ac<\/td>\n<td rowspan=\"1\">9.050,20 \u20ac<\/td>\n<\/tr>\n<tr>\n<td rowspan=\"1\">01.03.2012 \u2013 31.12.2012<\/td>\n<td rowspan=\"1\">6.459,97 \u20ac<\/td>\n<td rowspan=\"1\">9.366,95 \u20ac<\/td>\n<\/tr>\n<tr>\n<td rowspan=\"1\">01.01.2013 \u2013 31.07.2013<\/td>\n<td rowspan=\"1\">6.550,41 \u20ac<\/td>\n<td rowspan=\"1\">9.631,06 \u20ac<\/td>\n<\/tr>\n<tr>\n<td rowspan=\"1\">01.08.2013 \u2013 31.12.2013<\/td>\n<td rowspan=\"1\">6.642,11 \u20ac<\/td>\n<td rowspan=\"1\">9.631,06 \u20ac<\/td>\n<\/tr>\n<tr>\n<td rowspan=\"1\">01.01.2014 \u2013 28.02.2014<\/td>\n<td rowspan=\"1\">6.642,11 \u20ac<\/td>\n<td rowspan=\"1\">9.631,06 \u20ac<\/td>\n<\/tr>\n<tr>\n<td rowspan=\"1\">01.03.2014 &#8211; 28.02.2015<\/td>\n<td rowspan=\"1\">6.841,37 \u20ac<\/td>\n<td rowspan=\"1\">9.919,99 \u20ac<\/td>\n<\/tr>\n<tr>\n<td rowspan=\"1\">01.03.2015 &#8211; 28.02.2016<\/td>\n<td rowspan=\"1\">7.005,57 \u20ac<\/td>\n<td rowspan=\"1\">10.158,07 \u20ac<\/td>\n<\/tr>\n<tr>\n<td rowspan=\"1\">01.03.2016 &#8211; 31.01.2017<\/td>\n<td rowspan=\"1\">7.173,70 \u20ac<\/td>\n<td rowspan=\"1\">10.326,00 \u20ac<\/td>\n<\/tr>\n<tr>\n<td rowspan=\"1\">01.02.2017 &#8211; 28.02.2018<\/td>\n<td rowspan=\"1\">7.342,28 \u20ac<\/td>\n<td rowspan=\"1\">10.284,33 \u20ac<\/td>\n<\/tr>\n<tr>\n<td rowspan=\"1\">01.03.2018 &#8211; 31.03.2019<\/td>\n<td rowspan=\"1\">7.554,47 \u20ac<\/td>\n<td rowspan=\"1\">10.488,62 \u20ac<\/td>\n<\/tr>\n<tr>\n<td rowspan=\"1\">01.04.2019 &#8211; 29.02.2020<\/td>\n<td rowspan=\"1\">7.766,66 \u20ac<\/td>\n<td rowspan=\"1\">11.064,38 \u20ac<\/td>\n<\/tr>\n<tr>\n<td rowspan=\"1\">01.03.2020 &#8211; 31.03.2021<\/td>\n<td rowspan=\"1\">7.841,56 \u20ac<\/td>\n<td rowspan=\"1\">11.414,96 \u20ac<\/td>\n<\/tr>\n<tr>\n<td rowspan=\"1\">01.04.2021 &#8211; 31.03.2022<\/td>\n<td rowspan=\"1\">7.951,34 \u20ac<\/td>\n<td rowspan=\"1\">11.821,26 \u20ac<\/td>\n<\/tr>\n<tr>\n<td rowspan=\"1\">ab 01.04.2022<\/td>\n<td rowspan=\"1\">8.094,46 \u20ac<\/td>\n<td rowspan=\"1\">12.285,76 \u20ac<\/td>\n<\/tr>\n<\/tbody>\n<\/table>\n<p><\/div><\/div>\n<div class=\"su-spoiler su-spoiler-style-fancy su-spoiler-icon-plus su-spoiler-closed\" data-scroll-offset=\"0\" data-anchor-in-url=\"no\"><div class=\"su-spoiler-title\" tabindex=\"0\" role=\"button\"><span class=\"su-spoiler-icon\"><\/span>Grenzwerte f\u00fcr das zv-pflichtige Entgelt<\/div><div class=\"su-spoiler-content su-u-clearfix su-u-trim\"><\/p>\n<p>Das monatliche zusatzversorgungspflichtige Entgelt unterliegt einer Bemessungsgrenze. Diese betr\u00e4gt ab 2002 das 2,5-fache der Beitragsbemessungsgrenze in der gesetzlichen Rentenversicherung. Die Meldung entsprechend der bisherigen B11-Grenze ist bis 31.12.2002 weiterhin m\u00f6glich.<\/p>\n<table class=\"contenttable\">\n<thead>\n<tr>\n<th scope=\"col\"><b>B11-Grenze: <\/b><\/th>\n<th scope=\"col\"><b>mtl. Betrag<br \/>\n<\/b><\/th>\n<th scope=\"col\"><b>im Monat der Zuwendung<br \/>\n<\/b><\/th>\n<\/tr>\n<\/thead>\n<tbody>\n<tr>\n<td>01.01.1998 \u2013 31.12.1998<\/td>\n<td>15.994,32 DM<\/td>\n<td>27.243,93 DM<\/td>\n<\/tr>\n<tr>\n<td>01.01.1999 \u2013 31.12.2000<\/td>\n<td>16.520,72 DM<\/td>\n<td>27.969,58 DM<\/td>\n<\/tr>\n<tr>\n<td>01.01.2001 \u2013 31.12.2001<\/td>\n<td>17.098,09 DM<\/td>\n<td>28.611,95 DM<\/td>\n<\/tr>\n<tr>\n<td>01.01.2002 \u2013 31.12.2002<\/td>\n<td>9.052,91 \u20ac<\/td>\n<td>15.042,32 \u20ac<\/td>\n<\/tr>\n<tr>\n<td colspan=\"3\" rowspan=\"1\"><b>2,5 x BBG RV<\/b><\/td>\n<\/tr>\n<tr>\n<td>01.01.2002 \u2013 31.12.2002<\/td>\n<td>9.375,00 \u20ac<\/td>\n<td>18.750,00 \u20ac<\/td>\n<\/tr>\n<tr>\n<td>01.01.2003 \u2013 31.12.2003<\/td>\n<td>10.625,00 \u20ac<\/td>\n<td>21.250,00 \u20ac<\/td>\n<\/tr>\n<tr>\n<td>01.01.2004 &#8211; 31.12.2004<\/td>\n<td>10.875,00 \u20ac<\/td>\n<td>21.750,00 \u20ac<\/td>\n<\/tr>\n<tr>\n<td>01.01.2005 &#8211; 31.12.2006<\/td>\n<td>11.000,00 \u20ac<\/td>\n<td>22.000,00 \u20ac<\/td>\n<\/tr>\n<tr>\n<td>01.01.2007 &#8211; 31.12.2007<\/td>\n<td>11.375,00 \u20ac<\/td>\n<td>22.750,00 \u20ac<\/td>\n<\/tr>\n<tr>\n<td>01.01.2008 &#8211; 31.12.2008<\/td>\n<td>11.250,00 \u20ac<\/td>\n<td>22.500,00 \u20ac<\/td>\n<\/tr>\n<tr>\n<td rowspan=\"1\">01.01.2009 &#8211; 31.12.2009<\/td>\n<td rowspan=\"1\">11.375,00 \u20ac<\/td>\n<td rowspan=\"1\">22.750,00 \u20ac<\/td>\n<\/tr>\n<tr>\n<td rowspan=\"1\">01.01.2010 &#8211; 31.12.2010<\/td>\n<td rowspan=\"1\">11.625,00 \u20ac<\/td>\n<td rowspan=\"1\">23.250,00 \u20ac<\/td>\n<\/tr>\n<tr>\n<td rowspan=\"1\">01.01.2011 &#8211; 31.12.2012<\/td>\n<td rowspan=\"1\">12.000,00 \u20ac<\/td>\n<td rowspan=\"1\">24.000,00 \u20ac<\/td>\n<\/tr>\n<tr>\n<td rowspan=\"1\">01.01.2013 &#8211; 31.12.2013<\/td>\n<td rowspan=\"1\">12.250,00 \u20ac<\/td>\n<td rowspan=\"1\">24.500,00 \u20ac<\/td>\n<\/tr>\n<tr>\n<td rowspan=\"1\">01.01.2014 &#8211; 31.12.2014<\/td>\n<td rowspan=\"1\">12.500,00 \u20ac<\/td>\n<td rowspan=\"1\">25.000,00 \u20ac<\/td>\n<\/tr>\n<tr>\n<td rowspan=\"1\">01.01.2015 &#8211; 31.12.2015<\/td>\n<td rowspan=\"1\">13.000,00 \u20ac<\/td>\n<td rowspan=\"1\">26.000,00 \u20ac<\/td>\n<\/tr>\n<tr>\n<td rowspan=\"1\">01.01.2016 &#8211; 31.12.2016<\/td>\n<td rowspan=\"1\">13.500,00 \u20ac<\/td>\n<td rowspan=\"1\">27.000,00 \u20ac<\/td>\n<\/tr>\n<tr>\n<td rowspan=\"1\">01.01.2017 &#8211; 31.12.2017<\/td>\n<td rowspan=\"1\">14.250,00 \u20ac<\/td>\n<td rowspan=\"1\">28.500,00 \u20ac<\/td>\n<\/tr>\n<tr>\n<td rowspan=\"1\">01.01.2018 &#8211; 31.12.2018<\/td>\n<td rowspan=\"1\">14.500,00 \u20ac<\/td>\n<td rowspan=\"1\">29.000,00 \u20ac<\/td>\n<\/tr>\n<tr>\n<td rowspan=\"1\">01.01.2019 &#8211; 31.12.2019<\/td>\n<td rowspan=\"1\">15.375,00 \u20ac<\/td>\n<td rowspan=\"1\">30.750,00 \u20ac<\/td>\n<\/tr>\n<tr>\n<td rowspan=\"1\">01.01.2020 &#8211; 31.12.2020<\/td>\n<td rowspan=\"1\">16.125,00 \u20ac<\/td>\n<td rowspan=\"1\">32.250,00 \u20ac<\/td>\n<\/tr>\n<tr>\n<td rowspan=\"1\">01.01.2021 &#8211; 31.12.2021<\/td>\n<td rowspan=\"1\">16.750,00 \u20ac<\/td>\n<td rowspan=\"1\">33.500,00 \u20ac<\/td>\n<\/tr>\n<tr>\n<td rowspan=\"1\">01.01.2022 &#8211; 31.12.2022<\/td>\n<td rowspan=\"1\">16.875,00 \u20ac<\/td>\n<td rowspan=\"1\">33.750,00 \u20ac<\/td>\n<\/tr>\n<\/tbody>\n<\/table>\n<p><\/div><\/div>\n","protected":false},"excerpt":{"rendered":"","protected":false},"author":7,"featured_media":0,"parent":650,"menu_order":0,"comment_status":"closed","ping_status":"closed","template":"","meta":{"footnotes":""},"class_list":["post-162980","page","type-page","status-publish","hentry"],"_links":{"self":[{"href":"https:\/\/zvk.meinezvk.de\/index.php?rest_route=\/wp\/v2\/pages\/162980","targetHints":{"allow":["GET"]}}],"collection":[{"href":"https:\/\/zvk.meinezvk.de\/index.php?rest_route=\/wp\/v2\/pages"}],"about":[{"href":"https:\/\/zvk.meinezvk.de\/index.php?rest_route=\/wp\/v2\/types\/page"}],"author":[{"embeddable":true,"href":"https:\/\/zvk.meinezvk.de\/index.php?rest_route=\/wp\/v2\/users\/7"}],"replies":[{"embeddable":true,"href":"https:\/\/zvk.meinezvk.de\/index.php?rest_route=%2Fwp%2Fv2%2Fcomments&post=162980"}],"version-history":[{"count":6,"href":"https:\/\/zvk.meinezvk.de\/index.php?rest_route=\/wp\/v2\/pages\/162980\/revisions"}],"predecessor-version":[{"id":163004,"href":"https:\/\/zvk.meinezvk.de\/index.php?rest_route=\/wp\/v2\/pages\/162980\/revisions\/163004"}],"up":[{"embeddable":true,"href":"https:\/\/zvk.meinezvk.de\/index.php?rest_route=\/wp\/v2\/pages\/650"}],"wp:attachment":[{"href":"https:\/\/zvk.meinezvk.de\/index.php?rest_route=%2Fwp%2Fv2%2Fmedia&parent=162980"}],"curies":[{"name":"wp","href":"https:\/\/api.w.org\/{rel}","templated":true}]}}