{"id":163155,"date":"2022-12-14T10:36:35","date_gmt":"2022-12-14T09:36:35","guid":{"rendered":"https:\/\/zvk.meinezvk.de\/?page_id=163155"},"modified":"2022-12-22T11:02:42","modified_gmt":"2022-12-22T10:02:42","slug":"enrgeltumwandlungsrechner2023test","status":"publish","type":"page","link":"https:\/\/zvk.meinezvk.de\/?page_id=163155","title":{"rendered":"Entgeltumwandlungsrechner 2023"},"content":{"rendered":"<p>Wir freuen uns, dass Sie unseren Entgeltumwandlungsrechner nutzen wollen.<\/p>\n<p class=\"none\">\n<div class=\"su-service\"><div class=\"su-service-title\" style=\"padding-left:44px;min-height:30px;line-height:30px\"><i class=\"sui sui-info\" style=\"font-size:30px;color:#0099cc\"><\/i> Bitte beachten Sie:<\/div><div class=\"su-service-content su-u-clearfix su-u-trim\" style=\"padding-left:44px\">Dieser Rechner dient ausschlie\u00dflich der Orientierung. Diese Hochrechnung ersetzt nicht die verbindliche    Rentenberechnung zum tats&auml;chlichen Rentenbeginn.<\/div><\/div><\/p>\n<div id=\"c564\" class=\"csc-default\"><script src=\"https:\/\/zvk.meinezvk.de\/wp-content\/uploads\/entgeltumwandlung2023.js\" type=\"text\/javascript\"><\/script><br \/>\n<script src=\"https:\/\/zvk.meinezvk.de\/wp-content\/uploads\/jsfunc.validateform.js\" type=\"text\/javascript\"><\/script><\/p>\n<div id=\"eingabe\" style=\"display: block;\">\n<form name=\"fDaten\" action=\"\">\n<table style=\"width: 100%;\" summary=\"\" border=\"0\">\n<tbody>\n<tr>\n<td colspan=\"2\">\n<p>\n        <\/td>\n<td>&nbsp;<\/td>\n<\/tr>\n<tr>\n<td style=\"text-align:left;vertical-align: top;\"><strong>Geburtsdatum:<\/strong><\/td>\n<td>\n<table summary=\"\" border=\"0\">\n<tbody>\n<tr>\n<td><input id=\"inputGebTag\" name=\"GebTag\" value=\"TT\" maxlength=\"2\" size=\"2\" type=\"text\" \/><\/td>\n<td><\/td>\n<td><input id=\"inputGebMonat\" name=\"GebMonat\" value=\"MM\" maxlength=\"2\" size=\"2\" type=\"text\" \/><\/td>\n<td><\/td>\n<td><input id=\"inputGebJahr\" name=\"GebJahr\" value=\"JJJJ\" maxlength=\"4\" size=\"3\" type=\"text\" \/>\n                    <\/td>\n<td style=\"color: rgb(241, 241, 241);\">33333333333333333333333333333333<\/td>\n<\/tr>\n<\/tbody>\n<\/table>\n<\/td>\n<td>\n            <a class=\"tooltip\"><img decoding=\"async\" src=\"https:\/\/zvk.meinezvk.de\/wp-content\/uploads\/info_blue.png\" alt=\"\" title=\"\" border=\"0\" \/><span>Bitte geben Sie hier Ihr Geburtsdatum ein. Eine Pflichtversicherung ist fr\u00fchestens mit Vollendung des 17. Lebensjahres m\u00f6glich. Daher kann diese Prognoseberechnung auch erst ab Vollendung des 17. Lebensjahres beginnen. <\/span><\/a>\n        <\/td>\n<\/tr>\n<tr>\n<td style=\"text-align:left;vertical-align: top;\"><strong>Gew\u00fcnschter Versicherungsbeginn:<\/strong><\/td>\n<td>\n<table summary=\"\" border=\"0\">\n<tbody>\n<tr>\n<td>Zum 01.<\/td>\n<td><span id=\"spanSelectMonth\"><select id=\"selectMonth\" name=\"vers_beginn_monat\" size=\"1\"><option>1<\/option><option>2<\/option><option>3<\/option><option>4<\/option><option>5<\/option><option>6<\/option><option>7<\/option><option>8<\/option><option>9<\/option><option>10<\/option><option>11<\/option><option>12<\/option><\/select><\/span><\/td>\n<td><span id=\"spanSelectYear\"><select id=\"selectYear\" name=\"vers_beginn_jahr\" size=\"1\"><option>2008<\/option><option>2009<\/option><\/select><\/span><\/td>\n<td style=\"color: rgb(241, 241, 241);\">33333333333333333333333333333333<\/td>\n<\/tr>\n<\/tbody>\n<\/table>\n<\/td>\n<td>&nbsp;<\/td>\n<\/tr>\n<p><!--\n      \n\n<tr>\n        \n\n<td style=\"text-align:left;vertical-align: top;\"><strong>Gew\u00fcnschte Risikoabsicherung neben der Altersrente:<\/strong><\/td>\n\n\n        \n\n<td>\n            \n\n<table summary=\"\" border=\"0\">\n                \n\n<tbody>\n\n<tr>\n                    \n\n<td><input id=\"inputRisikoEM\" class=\"csc-mailform-check\" name=\"cb_EM\" value=\"EM\" type=\"checkbox\"><\/td>\n\n\n                    \n\n<td><label for=\"inputRisikoEM\">Erwerbsminderung<\/label><\/td>\n\n\n                    \n\n<td><input id=\"inputRisikoHB\" class=\"csc-mailform-check\" name=\"cb_HB\" value=\"HB\" type=\"checkbox\"><\/td>\n\n\n                    \n\n<td><label for=\"inputRisikoHB\">Hinterbliebene<\/label><\/td>\n\n\n                <\/tr>\n\n\n            <\/tbody>\n\n<\/table>\n\n\n        <\/td>\n\n\n        \n\n<td>\n            <a class=\"tooltip\"><img decoding=\"async\" src=\"https:\/\/zvk.meinezvk.de\/wp-content\/uploads\/info_blue.png\" alt=\"\" title=\"\" border=\"0\"><span>Entscheiden Sie hier, welche Risiken Sie zus\u00e4tzlich zur Altersvorsorge absichern wollen. Eine Erwerbsminderungsrente oder Hinterbliebenenrente erhalten Sie, wenn Sie anspruchsberechtigt im Sinne der gesetzlichen Rentenversicherung sind. Die Varianten sind einzeln, aber auch in Kombination m\u00f6glich.<\/span><\/a>\n        <\/td>\n\n\n      <\/tr>\n\n\n--><\/p>\n<tr>\n<td style=\"text-align:left;vertical-align: top;\"><strong>Renteneintrittsalter:<\/strong><\/td>\n<td>\n<table summary=\"\" border=\"0\">\n<tbody>\n<tr>\n<td><input id=\"inputRenteDef\" class=\"csc-mailform-radio\" name=\"rb_Rentenbeginn\" value=\"GesRente\" type=\"radio\" \/><\/td>\n<td><label for=\"inputRenteDef\">Gesetzliche Regelaltersrente<\/label><\/td>\n<td style=\"color: rgb(241, 241, 241);\">333333333333333333333333333<\/td>\n<\/tr>\n<\/tbody>\n<\/table>\n<\/td>\n<td>\n            <a class=\"tooltip\"><img decoding=\"async\" src=\"https:\/\/zvk.meinezvk.de\/wp-content\/uploads\/info_blue.png\" alt=\"\" title=\"\" border=\"0\" \/><span>Das gesetzliche Regelrenteneintrittsalter ist der Zeitpunkt, zu dem Sie ohne Abschl\u00e4ge in Rente gehen k\u00f6nnen. Dies ist durch Ihr Geburtsdatum bereits hinterlegt. <\/span><\/a>\n        <\/td>\n<\/tr>\n<tr>\n<td>&nbsp;<\/td>\n<td>\n<table summary=\"\" border=\"0\">\n<tbody>\n<tr>\n<td><input id=\"inputRenteUser\" class=\"csc-mailform-radio\" name=\"rb_Rentenbeginn\" value=\"BenRente\" type=\"radio\" \/><\/td>\n<td><label for=\"inputRenteUser\">Benutzerdefiniert<\/label><\/td>\n<td><input id=\"inputRenteUserJahr\" name=\"rente_user_jahr\" value=\"JJ\" maxlength=\"2\" size=\"2\" type=\"text\" \/><\/td>\n<td><\/td>\n<td><input id=\"inputRenteUserMonat\" name=\"rente_user_monat\" value=\"MM\" maxlength=\"2\" size=\"2\" type=\"text\" \/><\/td>\n<td style=\"color: rgb(241, 241, 241);\">33333333333333333<\/td>\n<\/tr>\n<\/tbody>\n<\/table>\n<\/td>\n<td>\n            <a class=\"tooltip\"><img decoding=\"async\" src=\"https:\/\/zvk.meinezvk.de\/wp-content\/uploads\/info_blue.png\" alt=\"\" align=\"top\" title=\"\" border=\"0\" \/><span>Alternativ w\u00e4hlen Sie hier das Alter aus, zu dem Sie in Rente gehen m\u00f6chten. Wollen Sie dies vor Vollendung des 65. Lebensjahres, fordern Sie eine Berechnung bitte telefonisch an.<\/span><\/a>\n        <\/td>\n<\/tr>\n<tr>\n<td style=\"text-align:left;vertical-align: top;\"><strong>Gew\u00fcnschter Betrag:<\/strong><\/td>\n<td>\n<table summary=\"\" border=\"0\">\n<tbody>\n<tr>\n<td><input id=\"inputBetragVK\" name=\"betrag_vk\" value=\"\" maxlength=\"4\" size=\"3\" type=\"text\" \/><\/td>\n<td>\n<h3>,<\/h3>\n<\/td>\n<td><input id=\"inputBetragNK\" name=\"betrag_nk\" value=\"00\" maxlength=\"2\" size=\"2\" type=\"text\" \/><\/td>\n<td><strong>\u20ac<\/strong><\/td>\n<td style=\"color: rgb(241, 241, 241);\">33333333333333333333333333333333333333333<\/td>\n<\/tr>\n<\/tbody>\n<\/table>\n<\/td>\n<td>\n            <a class=\"tooltip\"><img decoding=\"async\" src=\"https:\/\/zvk.meinezvk.de\/wp-content\/uploads\/info_blue.png\" alt=\"\" title=\"\" border=\"0\" \/><span> Geben Sie hier den Betrag ein, den Sie umwandeln m\u00f6chten. Beachten Sie dabei bitte den Mindestbeitrag von 254,63 \u20ac (monatlich 21,22 \u20ac). Maximal k\u00f6nnen im Jahr 3.504,- \u20ac steuer- und sozialabgabenfrei umgewandelt werden. Weitere 3.504,- \u20ac k\u00f6nnen steuerfrei umgewandelt werden, sind jedoch sozialabgabenpflichtig. Beitr\u00e4ge dar\u00fcber hinaus sind sowohl steuer- als auch sozialabgabenpflichtig. Der vom Arbeitgeber gezahlte Zusatzbeitrag wird auf die oben genannten Grenzbetr\u00e4ge angerechnet.<\/span><\/a>\n        <\/td>\n<\/tr>\n<tr>\n<td style=\"text-align:left;vertical-align: top;\"><strong>Zahlungsrhythmus:<\/strong><\/td>\n<td>\n<table summary=\"\" border=\"0\">\n<tbody>\n<tr>\n<td><input id=\"inputZRmon\" class=\"csc-mailform-radio\" name=\"rb_Zahlung\" value=\"ZRmon\" type=\"radio\" \/><\/td>\n<td><label for=\"inputZRmon\">monatlich<\/label><\/td>\n<td><input id=\"inputZRvj\" class=\"csc-mailform-radio\" name=\"rb_Zahlung\" value=\"ZRvj\" type=\"radio\" \/><\/td>\n<td><label for=\"inputZRvj\">viertelj\u00e4hrlich<\/label><\/td>\n<td><input id=\"inputZRhj\" class=\"csc-mailform-radio\" name=\"rb_Zahlung\" value=\"ZRhj\" type=\"radio\" \/><\/td>\n<td><label for=\"inputZRhj\">halbj\u00e4hrlich<\/label><\/td>\n<td><input id=\"inputZRj\" class=\"csc-mailform-radio\" name=\"rb_Zahlung\" value=\"ZRj\" type=\"radio\" \/><\/td>\n<td><label for=\"inputZRj\">j\u00e4hrlich<\/label><\/td>\n<td style=\"color: rgb(241, 241, 241);\">33333333<\/td>\n<\/tr>\n<\/tbody>\n<\/table>\n<\/td>\n<td>\n            <a class=\"tooltip\"><img decoding=\"async\" src=\"https:\/\/zvk.meinezvk.de\/wp-content\/uploads\/info_blue.png\" alt=\"\" title=\"\" border=\"0\" \/><span>Bitte geben Sie uns bekannt, welchen Zahlungsrhythmus Sie f\u00fcr den gew\u00fcnschten Betrag favorisieren.<\/span><\/a>\n        <\/td>\n<\/tr>\n<tr>\n<td style=\"text-align:left;vertical-align: top;\"><strong>Beitrag aus j\u00e4hrlicher Sonderzuwendung:<\/strong><\/td>\n<td>\n<table summary=\"\" border=\"0\">\n<tbody>\n<tr>\n<td><input id=\"inputSonderVK\" name=\"sonder_vk\" value=\"\" maxlength=\"4\" size=\"3\" type=\"text\" \/><\/td>\n<td>\n<h3>,<\/h3>\n<\/td>\n<td><input id=\"inputSonderNK\" name=\"sonder_nk\" value=\"00\" maxlength=\"2\" size=\"2\" type=\"text\" \/><\/td>\n<td><strong>\u20ac<\/strong><\/td>\n<td style=\"color: rgb(241, 241, 241);\">3334444444444444444444444444444444433333<\/td>\n<\/tr>\n<\/tbody>\n<\/table>\n<\/td>\n<td>\n            <a class=\"tooltip\"><img decoding=\"async\" src=\"https:\/\/zvk.meinezvk.de\/wp-content\/uploads\/info_blue.png\" alt=\"\" title=\"\" border=\"0\" \/><span>Zus\u00e4tzlich haben Sie die M\u00f6glichkeit einen bestimmten Betrag Ihrer j\u00e4hrlichen Sonderzuwendung (z.B. Weihnachtsgeld) umzuwandeln. Bitte geben Sie hier die gew\u00fcnschte H\u00f6he ein.<\/span><\/a>\n        <\/td>\n<\/tr>\n<tr>\n<td colspan=\"3\" style=\"text-align: right;\"><input id=\"ButtonWeiter\" name=\"weiter\" value=\"weiter\" onclick=\"calculate();\" type=\"button\" \/><\/td>\n<\/tr>\n<\/tbody>\n<\/table>\n<div id=\"toolTip\"><\/div>\n<\/form>\n<\/div>\n<div id=\"warten\" style=\"display:none; text-align:center;\">\n<p>    <img decoding=\"async\" src=\"https:\/\/www.kvt-zvk.de\/fileadmin\/templates\/images\/loading.gif\" border=\"0\" alt=\"Bitte warten\" title=\"Bitte warten\" \/><\/p>\n<p>    Bitte warten, Ihre Daten werden berechnet&#8230;\n<\/p><\/div>\n<div id=\"ausgabe\" style=\"display: none;\">\n<form name=\"fAusgabe\" action=\"\">\n<table style=\"width: 100%;\" summary=\"\" border=\"0\">\n<tbody>\n<tr>\n<td colspan=\"2\">\n<h5>Auf Grundlage Ihrer Angaben k\u00f6nnen wir Ihnen folgendes Angebot unterbreiten:<\/h5>\n<div align=\"center\">\n<table style=\"width: 50%;\" align=\"center\" summary=\"\" border=\"0\">\n<tbody>\n<tr>\n<td>\n<ul>\n<li><strong>Geburtsdatum:<\/strong> <span id=\"outputGebDatum\"><\/span><\/li>\n<li><strong>Vertragsbeginn:<\/strong> <span id=\"outputVertrBeg\"><\/span><\/li>\n<li><strong>Rentenbeginn:<\/strong> <span id=\"RentenBeginn\"><\/span><\/li>\n<li><strong>Umzuwandelnder Bruttobeitrag <br \/>\n(Jahressumme):<\/strong> <span id=\"outputJahresbeitrag\"><\/span>&nbsp;\u20ac<\/li>\n<\/ul>\n<\/td>\n<\/tr>\n<\/tbody>\n<\/table>\n<\/div>\n<p>\n            <\/td>\n<\/tr>\n<tr><\/br><\/p>\n<td>\n<h5>Garantierte Altersrente<\/h5>\n<\/td>\n<td>\n<h5>Weitere Variante<\/h5>\n<\/td>\n<\/tr>\n<tr>\n<td style=\"text-align:left; vertical-align: top;\">\n<table>\n<tbody>\n<tr bgcolor=\"#ffffff\">\n<td>\n<p style=\"font-size:16px;\"><strong>Betriebsrente mit folgenden Bausteinen:<\/p>\n<ul>\n<li style=\"color: rgb(0, 153, 204);\"><strong>Altersvorsorge (AV)<\/strong><\/li>\n<li style=\"color: rgb(0, 153, 204);\"><strong>Erwerbsminderung (EM)<\/strong><\/li>\n<li style=\"color: rgb(0, 153, 204);\"><strong>Hinterbliebenenschutz (Hibli)<\/strong><\/li>\n<p><\/p>\n<h5><span style=\"color: rgb(0, 153, 204);\" id=\"BetriebsRente\"><\/span>&nbsp;\u20ac <\/b><strong>monatliche Rente<\/strong>\n<\/ul>\n<\/td>\n<\/tr>\n<tr>\n<\/tr>\n<tr>\n<td>&nbsp;<\/td>\n<\/tr>\n<tr>\n<td>&nbsp;<\/td>\n<\/tr>\n<tr>\n<td>&nbsp;<\/td>\n<\/tr>\n<tr>\n<td>&nbsp;<\/td>\n<\/tr>\n<tr>\n<td>&nbsp;<\/td>\n<\/tr>\n<tr>\n<td>&nbsp;<\/td>\n<\/tr>\n<\/tbody>\n<\/table>\n<\/td>\n<td style=\"text-align:left; vertical-align: top;\">\n<table bgcolor=\"#ffffff\">\n<tbody>\n<tr>\n<td>\n<p style=\"font-size:16px;\"><strong>Betriebsrente mit folgenden Bausteinen:<\/p>\n<ul>\n<li style=\"color: rgb(0, 153, 204);\"><strong>Altersvorsorge (AV)<\/strong><\/li>\n<li style=\"color: rgb(0, 153, 204);\"><strong>Erwerbsminderung (EM)<\/strong><\/li>\n<li style=\"color: rgb(0, 153, 204);\"><strong>Verzicht auf Hinterbliebenenschutz (Hibli)<\/li>\n<p><\/p>\n<h5><span style=\"color: rgb(0, 153, 204);\" id=\"BetriebsRente_HB_EM\"><\/span>&nbsp;\u20ac <strong>monatliche Rente<\/strong><\/h5>\n<\/ul>\n<\/td>\n<\/tr>\n<\/tbody>\n<\/table>\n<\/td>\n<\/tr>\n<tr>\n<td colspan=\"2\">\n<p style=\"font-size:16px\">Diese Ergebnisse beruhen auf Ihren Angaben. Sie sind unverbindlich und dienen lediglich der Orientierung. <br \/><strong>Unser Tipp: Fordern Sie direkt Ihr pers\u00f6nliches Angebot an!<\/strong><\/p>\n<\/td>\n<\/tr>\n<tr>\n<td colspan=\"2\" style=\"text-align: center;\"><input id=\"ButtonZurueck\" name=\"zurueck\" value=\"Zur\u00fcck zur Eingabe\" onclick=\"back();\" type=\"button\" \/> <input id=\"ButtonZurueck\" name=\"zurueck\" value=\"Angebot jetzt anfordern!\" onClick=\"javascript:window.open('https:\/\/zvk.meinezvk.de\/?page_id=162892', '_blank');\" type=\"button\" \/><\/td>\n<\/tr>\n<\/tbody>\n<\/table>\n<\/form>\n<\/div>\n<div id=\"div_angebot\" style=\"display: none;\">\n<h5>Angebot jetzt anfordern<\/h5>\n<p><\/p>\n<form method=\"post\" name=\"fAngebot\" onsubmit=\"return validateForm('fAngebot','Vorname,Vorname,Nachname,Nachname,Strasse_Hausnummer,Stra\u00dfe-Hausnummer,PLZ_Wohnort,PLZ-Wohnort,Datenschutz,Datenschutzbestimmungen','','Bitte f\u00fcllen Sie folgende(s) Feld(er) aus:','')\">\n<div>\n<div class=\"mailformLabel\">\n            <label for=\"mailformVersicherungsnummer\">Versicherungsnummer:<\/label>\n        <\/div>\n<p>        <input type=\"text\" name=\"Versicherungsnummer\" id=\"mailformVersicherungsnummer\" size=\"32\" maxlength=\"7\" value=\"\" \/><\/p>\n<div class=\"mailformLabel\">\n            <label for=\"mailformAnrede\">Anrede:<\/label>\n        <\/div>\n<p>        <select name=\"Anrede\" id=\"mailformAnrede\" size=\"1\"><option value=\"Herr\">Herr<\/option><option value=\"Frau\">Frau<\/option><\/select><\/p>\n<div class=\"mailformLabel\">\n            <label for=\"mailformTitel\">Titel:<\/label>\n        <\/div>\n<p>        <input type=\"text\" name=\"Titel\" id=\"mailformTitel\" size=\"60\" value=\"\" \/><\/p>\n<div>\n            <label for=\"mailformVorname\">Vorname:*<\/label>\n        <\/div>\n<p>        <input type=\"text\" name=\"Vorname\" id=\"mailformVorname\" size=\"60\" value=\"\" \/><\/p>\n<div>\n            <label for=\"mailformNachname\">Nachname:*<\/label>\n        <\/div>\n<p>        <input type=\"text\" name=\"Nachname\" id=\"mailformNachname\" size=\"60\" value=\"\" \/><\/p>\n<div>\n            <label for=\"mailformStrasse_Hausnummer\">Stra\u00dfe, Hausnummer:*<\/label>\n        <\/div>\n<p>        <input type=\"text\" name=\"Strasse_Hausnummer\" id=\"mailformStrasse_Hausnummer\" size=\"60\" value=\"\" \/><\/p>\n<div class=\"mailformLabel\">\n            <label for=\"mailformPLZ_Wohnort\">PLZ, Wohnort:*<\/label>\n        <\/div>\n<p>        <input type=\"text\" name=\"PLZ_Wohnort\" id=\"mailformPLZ_Wohnort\" size=\"60\" value=\"\" \/><\/p>\n<div class=\"mailformLabel\">\n            <label for=\"mailformTelefon\">Telefon:<\/label>\n        <\/div>\n<p>        <input type=\"text\" name=\"Telefon\" id=\"mailformTelefon\" size=\"60\" value=\"\" \/><\/p>\n<fieldset id=\"mailformDatenschutz\">\n<legend>Datenschutzbestimmungen akzeptieren<\/legend>\n<p>            <input type=\"radio\" name=\"Datenschutz\" id=\"mailformDatenschutzja\" value=\"ja\" class=\"csc-mailform-radio\" \/><br \/>\n            <label for=\"mailformDatenschutzja\">ja<\/label><br \/>\n        <\/fieldset>\n<\/p><\/div>\n<p>    <input type=\"hidden\" id=\"idGebDat\" name=\"GebDat\" value=\"\" \/><br \/>\n    <input type=\"hidden\" id=\"idVersBeginn\" name=\"VersBeginn\" value=\"\" \/><br \/>\n    <input type=\"hidden\" id=\"idEM\" name=\"Erwerbsminderung\" value=\"\" \/><br \/>\n    <input type=\"hidden\" id=\"idHB\" name=\"Hinterbliebene\" value=\"\" \/><br \/>\n    <input type=\"hidden\" id=\"idEMHB\" name=\"KeinRisiko\" value=\"\" \/><br \/>\n    <input type=\"hidden\" id=\"idRentenAlterM\" name=\"RentenAlterMonat\" value=\"\" \/><br \/>\n    <input type=\"hidden\" id=\"idRentenAlterJ\" name=\"RentenAlterJahr\" value=\"\" \/><br \/>\n    <input type=\"hidden\" id=\"idBetrag\" name=\"Betrag\" value=\"\" \/><br \/>\n    <input type=\"hidden\" id=\"idRate\" name=\"Rate\" value=\"\" \/><br \/>\n    <input type=\"hidden\" id=\"idSonderbetrag\" name=\"Sonderbetrag\" value=\"\" \/><br \/>\n    <input type=\"hidden\" name=\"action\" value=\"sendOfferRequest\" \/><br \/>\n    <input id=\"ButtonZurueck2\" name=\"zurueck\" value=\"Zur\u00fcck\" onclick=\"back2();\" type=\"button\" \/><br \/>\n    <input type=\"submit\" name=\"formtype_mail\" id=\"mailformformtype_mail\" value=\"Abschicken\" class=\"csc-mailform-submit\" \/><br \/>\n    <\/form>\n<\/div>\n<p><script type=\"text\/javascript\">onLoadToDo();<\/script><\/div>\n","protected":false},"excerpt":{"rendered":"<p>Wir freuen uns, dass Sie unseren Entgeltumwandlungsrechner nutzen wollen. &nbsp; Geburtsdatum: 33333333333333333333333333333333 Bitte geben Sie hier Ihr Geburtsdatum ein. Eine Pflichtversicherung ist fr\u00fchestens mit Vollendung des 17. Lebensjahres m\u00f6glich. Daher kann diese Prognoseberechnung auch&#46;&#46;&#46;<\/p>\n","protected":false},"author":1,"featured_media":0,"parent":0,"menu_order":0,"comment_status":"closed","ping_status":"closed","template":"","meta":{"footnotes":""},"class_list":["post-163155","page","type-page","status-publish","hentry"],"_links":{"self":[{"href":"https:\/\/zvk.meinezvk.de\/index.php?rest_route=\/wp\/v2\/pages\/163155","targetHints":{"allow":["GET"]}}],"collection":[{"href":"https:\/\/zvk.meinezvk.de\/index.php?rest_route=\/wp\/v2\/pages"}],"about":[{"href":"https:\/\/zvk.meinezvk.de\/index.php?rest_route=\/wp\/v2\/types\/page"}],"author":[{"embeddable":true,"href":"https:\/\/zvk.meinezvk.de\/index.php?rest_route=\/wp\/v2\/users\/1"}],"replies":[{"embeddable":true,"href":"https:\/\/zvk.meinezvk.de\/index.php?rest_route=%2Fwp%2Fv2%2Fcomments&post=163155"}],"version-history":[{"count":16,"href":"https:\/\/zvk.meinezvk.de\/index.php?rest_route=\/wp\/v2\/pages\/163155\/revisions"}],"predecessor-version":[{"id":163174,"href":"https:\/\/zvk.meinezvk.de\/index.php?rest_route=\/wp\/v2\/pages\/163155\/revisions\/163174"}],"wp:attachment":[{"href":"https:\/\/zvk.meinezvk.de\/index.php?rest_route=%2Fwp%2Fv2%2Fmedia&parent=163155"}],"curies":[{"name":"wp","href":"https:\/\/api.w.org\/{rel}","templated":true}]}}