{"id":163379,"date":"2023-12-14T09:12:08","date_gmt":"2023-12-14T08:12:08","guid":{"rendered":"https:\/\/zvk.meinezvk.de\/?page_id=163379"},"modified":"2024-04-11T16:44:41","modified_gmt":"2024-04-11T14:44:41","slug":"zvk-und-deutsche-rentenversicherung-vernetzen-sich","status":"publish","type":"page","link":"https:\/\/zvk.meinezvk.de\/?page_id=163379","title":{"rendered":"ZVK und Deutsche Rentenversicherung vernetzen sich"},"content":{"rendered":"<p><a href=\"https:\/\/zvk.meinezvk.de\/wp-content\/uploads\/sites\/2\/2023\/12\/Einleger.jpg\" data-rel=\"lightbox-image-0\" data-rl_title=\"\" data-rl_caption=\"\" title=\"\" data-wpel-link=\"internal\"><img loading=\"lazy\" decoding=\"async\" class=\"aligncenter size-full wp-image-163386\" src=\"https:\/\/zvk.meinezvk.de\/wp-content\/uploads\/sites\/2\/2023\/12\/Einleger.jpg\" alt=\"\" width=\"1000\" height=\"514\" srcset=\"https:\/\/zvk.meinezvk.de\/wp-content\/uploads\/sites\/2\/2023\/12\/Einleger.jpg 1000w, https:\/\/zvk.meinezvk.de\/wp-content\/uploads\/sites\/2\/2023\/12\/Einleger-300x154.jpg 300w, https:\/\/zvk.meinezvk.de\/wp-content\/uploads\/sites\/2\/2023\/12\/Einleger-768x395.jpg 768w, https:\/\/zvk.meinezvk.de\/wp-content\/uploads\/sites\/2\/2023\/12\/Einleger-600x308.jpg 600w\" sizes=\"auto, (max-width: 1000px) 100vw, 1000px\" \/><\/a><\/p>\n<p>Zur Berechnung der Betriebsrente ben\u00f6tigt die ZVK Th\u00fcringen verschiedene Informationen. Hierzu geh\u00f6rt der Nachweis \u00fcber den Anspruch auf die Rente aus der Deutschen Rentenversicherung. Durch Einf\u00fchrung des elektronischen Datenaustausches werden alle erforderlichen Informationen von der Deutschen Rentenversicherung an die ZVK Th\u00fcringen \u00fcbermittelt. Einen Bescheid m\u00fcssen Sie uns nicht vorlegen. Das soll Ihnen die Beantragung der Betriebsrente erleichtern.<\/p>\n<p>Wichtige Fragen rund um den Datenaustausch beantworten wir Ihnen nachfolgend:<\/p>\n<div class=\"su-spoiler su-spoiler-style-fancy su-spoiler-icon-plus\" data-scroll-offset=\"0\" data-anchor-in-url=\"no\"><div class=\"su-spoiler-title\" tabindex=\"0\" role=\"button\"><span class=\"su-spoiler-icon\"><\/span><strong>Ab wann habe ich Anspruch auf die Altersrente aus der ZVK Th\u00fcringen?<\/strong><\/div><div class=\"su-spoiler-content su-u-clearfix su-u-trim\">Wesentliche Voraussetzungen f\u00fcr die Gew\u00e4hrung der Betriebsrente sind folgende:<\/p>\n<ul>\n<li>Eintritt des Versicherungsfalles (Rentenbeginn),<\/li>\n<li>Erf\u00fcllung der Wartezeit.<\/li>\n<\/ul>\n<p>Au\u00dferdem muss ein Anspruch auf die Altersrente als Vollrente in der Deutschen Rentenversicherung bestehen. Der Bezug einer Altersrente als Teilrente l\u00f6st in der Zusatzversorgung keinen Versicherungsfall aus. <\/div><\/div>\n<div class=\"su-spoiler su-spoiler-style-fancy su-spoiler-icon-plus su-spoiler-closed\" data-scroll-offset=\"0\" data-anchor-in-url=\"no\"><div class=\"su-spoiler-title\" tabindex=\"0\" role=\"button\"><span class=\"su-spoiler-icon\"><\/span><strong>Muss ich die Betriebsrente beantragen?<\/strong><\/div><div class=\"su-spoiler-content su-u-clearfix su-u-trim\">Ja, f\u00fcr die Gew\u00e4hrung einer Betriebsrente durch die Zusatzversorgungskasse Th\u00fcringen bedarf es eines schriftlichen Antrags (\u00a7 31 d. Satzung).<\/div><\/div>\n<div class=\"su-spoiler su-spoiler-style-fancy su-spoiler-icon-plus su-spoiler-closed\" data-scroll-offset=\"0\" data-anchor-in-url=\"no\"><div class=\"su-spoiler-title\" tabindex=\"0\" role=\"button\"><span class=\"su-spoiler-icon\"><\/span><strong>Wann und wie stelle ich den Rentenantrag?<\/strong><\/div><div class=\"su-spoiler-content su-u-clearfix su-u-trim\">Sobald Sie Ihren Rentenantrag bei der gesetzlichen Rentenversicherung gestellt haben, sollten Sie Ihre Betriebsrente beantragen. Aufgrund des elektronischen Datenaustauschs mit der Deutschen Rentenversicherung ist die Vorlage des Rentenbescheides nicht notwendig. Die Berechnung Ihrer Betriebsrente kann jedoch erst erfolgen, wenn Ihre gesetzliche Rente festgesetzt wurde und uns die erforderlichen Daten hierzu vom gesetzlichen Rententr\u00e4ger vorliegen.<\/p>\n<p>Die <strong>Antragsunterlagen<\/strong> finden Sie <a href=\"https:\/\/zvk.meinezvk.de\/?page_id=457\" target=\"_blank\" rel=\"noopener\" data-wpel-link=\"internal\"><strong>hier<\/strong><\/a>. Bitte reichen Sie die Unterlagen vollst\u00e4ndig ausgef\u00fcllt und unterschrieben ein.<\/p>\n<p>Bitte beachten Sie, dass die Betriebsrente aus der Pflichtversicherung und der Freiwilligen Versicherung zusammen mit nur einem Vordruck beantragt werden.<\/div><\/div>\n<div class=\"su-spoiler su-spoiler-style-fancy su-spoiler-icon-plus su-spoiler-closed\" data-scroll-offset=\"0\" data-anchor-in-url=\"no\"><div class=\"su-spoiler-title\" tabindex=\"0\" role=\"button\"><span class=\"su-spoiler-icon\"><\/span><strong>Muss ich den Rentenbescheid der Deutschen Rentenversicherung einreichen?<\/strong><\/div><div class=\"su-spoiler-content su-u-clearfix su-u-trim\">Nein, die ZVK Th\u00fcringen fordert die zur Feststellung des Versicherungsfalls und zur Berechnung der Betriebsrente erforderlichen Daten direkt von den Tr\u00e4gern der gesetzlichen Rentenversicherung an.<\/p>\n<p>Das spart Zeit und Papier und vereinfacht Ihnen die Beantragung der Betriebsrente.<\/div><\/div>\n<div class=\"su-spoiler su-spoiler-style-fancy su-spoiler-icon-plus su-spoiler-closed\" data-scroll-offset=\"0\" data-anchor-in-url=\"no\"><div class=\"su-spoiler-title\" tabindex=\"0\" role=\"button\"><span class=\"su-spoiler-icon\"><\/span><strong>Seit wann und wie werden die Daten zwischen der ZVK und der Deutschen Rentenversicherung ausgetauscht?<\/strong><\/div><div class=\"su-spoiler-content su-u-clearfix su-u-trim\">Zum 01.01.2024 wurde der Datenaustausch eingef\u00fchrt. Alle Betriebsrentner werden zu diesem Verfahren angemeldet.<br \/>\nDer Datenaustausch zwischen der ZVK Th\u00fcringen und dem gesetzlichen Rentenversicherungstr\u00e4ger erfolgt elektronisch durch eine gesicherte und verschl\u00fcsselte Verbindung.<\/p>\n<p>Rechtsgrundlage f\u00fcr den Datenaustausch ist \u00a7 20 Abs. 1 des Tarifvertrags \u00fcber die zus\u00e4tzliche Altersvorsorge der Besch\u00e4ftigten des \u00f6ffentlichen Dienstes \u2013 Altersvorsorge-TV-Kommunal \u2013 (ATV-K).<\/div><\/div>\n<div class=\"su-spoiler su-spoiler-style-fancy su-spoiler-icon-plus su-spoiler-closed\" data-scroll-offset=\"0\" data-anchor-in-url=\"no\"><div class=\"su-spoiler-title\" tabindex=\"0\" role=\"button\"><span class=\"su-spoiler-icon\"><\/span><strong>Welche Daten werden vom Rentenversicherungstr\u00e4ger \u00fcbermittelt?<\/strong><\/div><div class=\"su-spoiler-content su-u-clearfix su-u-trim\">Der Tr\u00e4ger der gesetzlichen Rentenversicherung \u00fcbermittelt, soweit relevant, folgende Daten: Datum des Rentenbescheids, Angaben zu Leistungsfall und -art, Zugangsfaktor, Beginn und Ende der Rente, Berechnungs- oder Ablehnungsgrund, Angaben zur Kranken-\/Pflegeversicherung, Kennzeichen f\u00fcr einen m\u00f6glichen Erstattungsanspruch eines Sozialversicherungstr\u00e4gers, Kennzeichen zum Versorgungsausgleich sowie Angaben zum Ruhen der Rente oder zum Bezug einer Teilrente.<\/div><\/div>\n<div class=\"su-spoiler su-spoiler-style-fancy su-spoiler-icon-plus su-spoiler-closed\" data-scroll-offset=\"0\" data-anchor-in-url=\"no\"><div class=\"su-spoiler-title\" tabindex=\"0\" role=\"button\"><span class=\"su-spoiler-icon\"><\/span><strong>Ich erhalte bereits eine Betriebsrente, ist der elektronische Datenaustausch dann noch notwendig?<\/strong><\/div><div class=\"su-spoiler-content su-u-clearfix su-u-trim\">Ja, wird Ihre gesetzliche Rente neu berechnet, muss auch der Betriebsrentenanspruch dem Grunde und der H\u00f6he nach \u00fcberpr\u00fcft werden.<\/p>\n<p>Die Betriebsrente muss zum Beispiel in folgenden F\u00e4llen \u00fcberpr\u00fcft werden:<\/p>\n<ul>\n<li>Umwandlung einer Rente wegen teilweiser Erwerbsminderung in eine Rente wegen voller Erwerbsminderung<\/li>\n<li>Umwandlung der Rente wegen Erwerbsminderung in eine Altersrente<\/li>\n<li>\u00dcberpr\u00fcfung des Hinzuverdienstes bei Renten wegen Erwerbsminderung<\/li>\n<li>Umwandlung einer Altersrente als Vollrente in eine Altersrente als Teilrente<\/li>\n<li>Umwandlung einer kleinen Witwen-\/Witwerrente in eine gro\u00dfe Witwen-\/Witwerrente<\/li>\n<li>Anrechnung von Einkommen bei Hinterbliebenenrenten<\/li>\n<\/ul>\n<p>Die \u00c4nderungen Ihrer Rente aus der Deutschen Rentenversicherung werden uns vom Rentenversicherungstr\u00e4ger automatisch \u00fcbermittelt. Den Rentenbescheid hier\u00fcber m\u00fcssen Sie uns nicht vorlegen. Sofern sich \u00c4nderungen Ihrer Betriebsrente ergeben, werden Sie von uns informiert.<\/div><\/div>\n<div class=\"su-spoiler su-spoiler-style-fancy su-spoiler-icon-plus\" data-scroll-offset=\"0\" data-anchor-in-url=\"no\"><div class=\"su-spoiler-title\" tabindex=\"0\" role=\"button\"><span class=\"su-spoiler-icon\"><\/span><strong>Welche \u00c4nderungen muss ich der ZVK nach Rentenbeginn weiterhin mitteilen?<\/strong><\/div><div class=\"su-spoiler-content su-u-clearfix su-u-trim\">Da wir nicht alle Informationen von der Deutschen Rentenversicherung erhalten, sind wir weiterhin auf Ihre Hilfe angewiesen.<\/p>\n<p>Sie m\u00fcssen uns weiterhin folgende \u00c4nderungen mitteilen:<\/p>\n<ul>\n<li><a href=\"https:\/\/zvk.meinezvk.de\/?page_id=162833\" target=\"_blank\" rel=\"noopener\" data-wpel-link=\"internal\"><strong>\u00c4nderung der Anschrift<\/strong><\/a><\/li>\n<li><a href=\"https:\/\/zvk.meinezvk.de\/?page_id=162833\" target=\"_blank\" rel=\"noopener\" data-wpel-link=\"internal\"><strong>\u00c4nderung der Bankverbindung<\/strong><\/a><\/li>\n<li><strong>Krankenkassenwechsel<\/strong><\/li>\n<\/ul>\n<p>Die Anzeigepflichten sind hier nicht abschlie\u00dfend genannt. Diese erhalten Sie mit den Unterlagen zur Festsetzung Ihrer Betriebsrente.<\/div><\/div>\n","protected":false},"excerpt":{"rendered":"<p>Zur Berechnung der Betriebsrente ben\u00f6tigt die ZVK Th\u00fcringen verschiedene Informationen. Hierzu geh\u00f6rt der Nachweis \u00fcber den Anspruch auf die Rente aus der Deutschen Rentenversicherung. Durch Einf\u00fchrung des elektronischen Datenaustausches werden alle erforderlichen Informationen von&#46;&#46;&#46;<\/p>\n","protected":false},"author":1,"featured_media":0,"parent":0,"menu_order":0,"comment_status":"closed","ping_status":"closed","template":"","meta":{"footnotes":""},"class_list":["post-163379","page","type-page","status-publish","hentry"],"_links":{"self":[{"href":"https:\/\/zvk.meinezvk.de\/index.php?rest_route=\/wp\/v2\/pages\/163379","targetHints":{"allow":["GET"]}}],"collection":[{"href":"https:\/\/zvk.meinezvk.de\/index.php?rest_route=\/wp\/v2\/pages"}],"about":[{"href":"https:\/\/zvk.meinezvk.de\/index.php?rest_route=\/wp\/v2\/types\/page"}],"author":[{"embeddable":true,"href":"https:\/\/zvk.meinezvk.de\/index.php?rest_route=\/wp\/v2\/users\/1"}],"replies":[{"embeddable":true,"href":"https:\/\/zvk.meinezvk.de\/index.php?rest_route=%2Fwp%2Fv2%2Fcomments&post=163379"}],"version-history":[{"count":6,"href":"https:\/\/zvk.meinezvk.de\/index.php?rest_route=\/wp\/v2\/pages\/163379\/revisions"}],"predecessor-version":[{"id":163451,"href":"https:\/\/zvk.meinezvk.de\/index.php?rest_route=\/wp\/v2\/pages\/163379\/revisions\/163451"}],"wp:attachment":[{"href":"https:\/\/zvk.meinezvk.de\/index.php?rest_route=%2Fwp%2Fv2%2Fmedia&parent=163379"}],"curies":[{"name":"wp","href":"https:\/\/api.w.org\/{rel}","templated":true}]}}