{"id":163491,"date":"2024-07-23T16:06:09","date_gmt":"2024-07-23T14:06:09","guid":{"rendered":"https:\/\/zvk.meinezvk.de\/?page_id=163491"},"modified":"2024-07-25T16:34:46","modified_gmt":"2024-07-25T14:34:46","slug":"pflgeversicherungsbeitraege-angepasst-wir-brauchen-ihre-mitarbeit","status":"publish","type":"page","link":"https:\/\/zvk.meinezvk.de\/?page_id=163491","title":{"rendered":"Pflegeversicherungsbeitr\u00e4ge angepasst &#8211; Wir brauchen Ihre Mitarbeit"},"content":{"rendered":"<p><strong>Informationen zum Pflegeunterst\u00fctzungs- und -entlastungsgesetz (PUEG)<\/strong><\/p>\n<p>Durch das Pflegeunterst\u00fctzungs- und -entlastungsgesetz (PUEG) gibt es f\u00fcr Eltern Anpassungen bei den Pflegeversicherungsbeitr\u00e4gen. Wenn Sie<\/p>\n<ul>\n<li>eine <strong>Betriebsrente<\/strong> beziehen <strong>und<\/strong><\/li>\n<li><strong>mindestens zwei Kinder unter 25 Jahren<\/strong> haben,<\/li>\n<\/ul>\n<p>ben\u00f6tigen wir Ihre Mitarbeit. Melden Sie uns ganz einfach \u00fcber das folgende Webformular die notwendigen Daten, und wir pr\u00fcfen umgehend Ihre Betriebsrente.<\/p>\n<div class=\"su-spoiler su-spoiler-style-fancy su-spoiler-icon-plus su-spoiler-closed\" data-scroll-offset=\"0\" data-anchor-in-url=\"no\"><div class=\"su-spoiler-title\" tabindex=\"0\" role=\"button\"><span class=\"su-spoiler-icon\"><\/span>Kinderdaten (PUEG)<\/div><div class=\"su-spoiler-content su-u-clearfix su-u-trim\"><br \/>\n<div class=\"su-service style.css\"><div class=\"su-service-title\" style=\"padding-left:44px;min-height:30px;line-height:30px\"><i class=\"sui sui-info-circle\" style=\"font-size:30px;color:#0099cc\"><\/i> Bitte beachten:<\/div><div class=\"su-service-content su-u-clearfix su-u-trim\" style=\"padding-left:44px\">Bei den mit * gekennzeichneten Feldern handelt es sich um Pflichtfelder.<\/div><\/div><br \/>\n\n<div class=\"wpcf7 no-js\" id=\"wpcf7-f163456-o1\" lang=\"de-DE\" dir=\"ltr\" data-wpcf7-id=\"163456\">\n<div class=\"screen-reader-response\"><p role=\"status\" aria-live=\"polite\" aria-atomic=\"true\"><\/p> <ul><\/ul><\/div>\n<form action=\"\/index.php?rest_route=%2Fwp%2Fv2%2Fpages%2F163491#wpcf7-f163456-o1\" method=\"post\" class=\"wpcf7-form init\" id=\"anfrage\" aria-label=\"Kontaktformular\" novalidate=\"novalidate\" data-status=\"init\">\n<fieldset class=\"hidden-fields-container\"><input type=\"hidden\" name=\"_wpcf7\" value=\"163456\" \/><input type=\"hidden\" name=\"_wpcf7_version\" value=\"6.1.5\" \/><input type=\"hidden\" name=\"_wpcf7_locale\" value=\"de_DE\" \/><input type=\"hidden\" name=\"_wpcf7_unit_tag\" value=\"wpcf7-f163456-o1\" \/><input type=\"hidden\" name=\"_wpcf7_container_post\" value=\"0\" \/><input type=\"hidden\" name=\"_wpcf7_posted_data_hash\" value=\"\" \/>\n<\/fieldset>\n<p>Meine Daten:\n<\/p>\n<p><span class=\"wpcf7-form-control-wrap\" data-name=\"text-32a\"><input size=\"45\" maxlength=\"400\" class=\"wpcf7-form-control wpcf7-text wpcf7-validates-as-required\" aria-required=\"true\" aria-invalid=\"false\" placeholder=\"Name*\" value=\"\" type=\"text\" name=\"text-32a\" \/><\/span><br \/>\n<span class=\"wpcf7-form-control-wrap\" data-name=\"email-168a\"><input size=\"45\" maxlength=\"400\" class=\"wpcf7-form-control wpcf7-email wpcf7-validates-as-required wpcf7-text wpcf7-validates-as-email\" aria-required=\"true\" aria-invalid=\"false\" placeholder=\"E-Mail*\" value=\"\" type=\"email\" name=\"email-168a\" \/><\/span><br \/>\n<span class=\"wpcf7-form-control-wrap\" data-name=\"text-34a\"><input size=\"19\" maxlength=\"7\" class=\"wpcf7-form-control wpcf7-text wpcf7-validates-as-required\" aria-required=\"true\" aria-invalid=\"false\" placeholder=\"Versicherungsnummer*\" value=\"\" type=\"text\" name=\"text-34a\" \/><\/span><br \/>\n<span class=\"wpcf7-form-control-wrap\" data-name=\"text-35a\"><input size=\"13\" maxlength=\"10\" class=\"wpcf7-form-control wpcf7-text wpcf7-validates-as-required\" aria-required=\"true\" aria-invalid=\"false\" placeholder=\"Geburtsdatum*\" value=\"\" type=\"text\" name=\"text-35a\" \/><\/span>\n<\/p>\n<p><br \/>\nIch m\u00f6chte Ihnen die folgenden Daten meiner Kinder mitteilen:<br \/>\n\t<font color=\"#ff0000\">BITTE NUR KINDER UNTER 25 JAHREN MELDEN!\n\t<\/font>\n<\/p>\n<p><span class=\"wpcf7-form-control-wrap\" data-name=\"text-36a11\"><input size=\"12\" maxlength=\"10\" class=\"wpcf7-form-control wpcf7-text\" aria-invalid=\"false\" placeholder=\"Kind 1 geb. am\" value=\"\" type=\"text\" name=\"text-36a11\" \/><\/span><br \/>\n<span class=\"wpcf7-form-control-wrap\" data-name=\"text-36a22\"><input size=\"12\" maxlength=\"10\" class=\"wpcf7-form-control wpcf7-text\" aria-invalid=\"false\" placeholder=\"Kind 2 geb. am\" value=\"\" type=\"text\" name=\"text-36a22\" \/><\/span><br \/>\n<span class=\"wpcf7-form-control-wrap\" data-name=\"text-36a33\"><input size=\"12\" maxlength=\"10\" class=\"wpcf7-form-control wpcf7-text\" aria-invalid=\"false\" placeholder=\"Kind 3 geb. am\" value=\"\" type=\"text\" name=\"text-36a33\" \/><\/span><br \/>\n<span class=\"wpcf7-form-control-wrap\" data-name=\"text-36a44\"><input size=\"12\" maxlength=\"10\" class=\"wpcf7-form-control wpcf7-text\" aria-invalid=\"false\" placeholder=\"Kind 4 geb. am\" value=\"\" type=\"text\" name=\"text-36a44\" \/><\/span><br \/>\n<span class=\"wpcf7-form-control-wrap\" data-name=\"text-36a55\"><input size=\"12\" maxlength=\"10\" class=\"wpcf7-form-control wpcf7-text\" aria-invalid=\"false\" placeholder=\"Kind 5 geb. am\" value=\"\" type=\"text\" name=\"text-36a55\" \/><\/span>\n<\/p>\n<p><span id=\"wpcf7-69de5f781cae0-wrapper\" class=\"wpcf7-form-control-wrap Sicher-468-wrap\" style=\"display:none !important; visibility:hidden !important;\"><input type=\"hidden\" name=\"Sicher-468-time-start\" value=\"1776181112\"><input type=\"hidden\" name=\"Sicher-468-time-check\" value=\"4\"><input id=\"wpcf7-69de5f781cae0-field\"  class=\"wpcf7-form-control wpcf7-text\" type=\"text\" name=\"Sicher-468\" value=\"\" size=\"40\" tabindex=\"-1\" autocomplete=\"off\" \/><\/span><span id=\"wpcf7-69de5f781cb4c-wrapper\" class=\"wpcf7-form-control-wrap Sicher2-468-wrap\" style=\"display:none !important; visibility:hidden !important;\"><input type=\"hidden\" name=\"Sicher2-468-time-start\" value=\"1776181112\"><input type=\"hidden\" name=\"Sicher2-468-time-check\" value=\"4\"><input id=\"wpcf7-69de5f781cb4c-field\"  class=\"wpcf7-form-control wpcf7-text\" type=\"text\" name=\"Sicher2-468\" value=\"\" size=\"40\" tabindex=\"-1\" autocomplete=\"off\" \/><\/span>\n<\/p>\n<p>Ich akzeptiere die <a href=\"https:\/\/zvk.meinezvk.de\/?page_id=14\" target=\"_blank\" title=\"Datenschutzbestimmungen\" data-wpel-link=\"internal\">Datenschutzbestimmungen!<\/a><span class=\"wpcf7-form-control-wrap\" data-name=\"AGB\"><span class=\"wpcf7-form-control wpcf7-acceptance\"><span class=\"wpcf7-list-item\"><input type=\"checkbox\" name=\"AGB\" value=\"1\" aria-invalid=\"false\" \/><\/span><\/span><\/span>\n<\/p>\n<p><input class=\"wpcf7-form-control wpcf7-submit has-spinner\" type=\"submit\" value=\"Senden\" \/>\n<\/p><div class=\"wpcf7-response-output\" aria-hidden=\"true\"><\/div>\n<\/form>\n<\/div>\n<\/div><\/div>\n<hr \/>\n<p>Mit dem zum 01.07.2023 in Kraft getretenen Pflegeunterst\u00fctzungs- und -entlastungsgesetz (PUEG) sind unter anderem Leistungsverbesserungen f\u00fcr Pflegebed\u00fcrftige und deren Angeh\u00f6rigen auf den Weg gebracht worden.<\/p>\n<p><strong>Durch das Gesetz wurde auch der regul\u00e4re Beitragssatz zur Pflegeversicherung um 0,35 % angehoben.<\/strong><\/p>\n<ul>\n<li>Bei Kinderlosen gilt ein Beitragssatz in H\u00f6he von 4 %.<\/li>\n<li>Eltern zahlen generell 0,6 % weniger als Kinderlose (3,40 %).<\/li>\n<li>Der Beitragssatz verringert sich ab dem zweiten und bis zum f\u00fcnften Kind um einen Abschlag in H\u00f6he von 0,25 % je Kind.<\/li>\n<li>Der Beitragssatz kann demzufolge bis auf 2,40 % sinken (bei 5 Kindern unter 25 Jahre).<\/li>\n<\/ul>\n<p><strong>Es gelten somit folgende Beitragss\u00e4tze:<br \/>\n<\/strong><div class=\"su-column su-column-size-2-3\"><div class=\"su-column-inner su-u-clearfix su-u-trim\">\n<table id=\"tablepress-6\" class=\"tablepress tablepress-id-6\">\n<thead>\n<tr class=\"row-1\">\n\t<th class=\"column-1\">ohne Kinder<\/th><th class=\"column-2\">4,20 %<\/th>\n<\/tr>\n<\/thead>\n<tbody class=\"row-striping row-hover\">\n<tr class=\"row-2\">\n\t<td class=\"column-1\">1 Kind<\/td><td class=\"column-2\">3,60 %<\/td>\n<\/tr>\n<tr class=\"row-3\">\n\t<td class=\"column-1\">2 Kinder (unter 25 Jahre)<\/td><td class=\"column-2\">3,35 %<\/td>\n<\/tr>\n<tr class=\"row-4\">\n\t<td class=\"column-1\">3 Kinder (unter 25 Jahre)<\/td><td class=\"column-2\">3,10 %<\/td>\n<\/tr>\n<tr class=\"row-5\">\n\t<td class=\"column-1\">4 Kinder (unter 25 Jahre)<\/td><td class=\"column-2\">2,85 %<\/td>\n<\/tr>\n<tr class=\"row-6\">\n\t<td class=\"column-1\">ab 5 Kindern (unter 25 Jahre)<\/td><td class=\"column-2\">2,60 %<\/td>\n<\/tr>\n<\/tbody>\n<\/table>\n<!-- #tablepress-6 from cache --> <\/div><\/div><\/p>\n<p>&nbsp;<\/p>\n<p>&nbsp;<\/p>\n<p>&nbsp;<\/p>\n<p>&nbsp;<\/p>\n<p>&nbsp;<\/p>\n<p>&nbsp;<\/p>\n<hr \/>\n<p>Das Gesetz sieht vor, dass <strong>bis Mitte 2025 ein digitales Verfahren<\/strong> zur Erhebung und zum Nachweis der Anzahl der ber\u00fccksichtigungsf\u00e4higen Kinder entwickelt wird. Damit sollen den beitragsabf\u00fchrenden Stellen sowie den Pflegekassen die Daten bis sp\u00e4testens zu diesem Zeitpunkt in digitaler Form zur Verf\u00fcgung gestellt werden. <strong>Betroffene Renten werden dann r\u00fcckwirkend<\/strong> (fr\u00fchestens ab dem 01.07.2023) mit den reduzierten Beitragss\u00e4tzen <strong>korrigiert<\/strong>.<br \/>\nDie neuen Beitragss\u00e4tze f\u00fcr Kinderlose und die Reduzierung f\u00fcr ein Kind haben wir bereits anhand der vorhandenen Daten ber\u00fccksichtigt.<\/p>\n<p><strong>Auswirkungen am Beispiel:<\/strong><br \/>\n\n<table id=\"tablepress-7\" class=\"tablepress tablepress-id-7\">\n<thead>\n<tr class=\"row-1\">\n\t<td class=\"column-1\"><\/td><th class=\"column-2\">kein Kind <br \/>\n(Zuschlag)<\/th><th class=\"column-3\">1 Kind<\/th><th class=\"column-4\">2 Kinder <br \/>\nunter 25<\/th><th class=\"column-5\">3 Kinder <br \/>\nunter 25<\/th><th class=\"column-6\">4 Kinder <br \/>\nunter 25<\/th><th class=\"column-7\">5 Kinder <br \/>\nunter 25<\/th>\n<\/tr>\n<\/thead>\n<tbody class=\"row-striping row-hover\">\n<tr class=\"row-2\">\n\t<td class=\"column-1\">Bruttorente<\/td><td class=\"column-2\">300,00 \u20ac<\/td><td class=\"column-3\">300,00 \u20ac<\/td><td class=\"column-4\">300,00 \u20ac<\/td><td class=\"column-5\">300,00 \u20ac<\/td><td class=\"column-6\">300,00 \u20ac<\/td><td class=\"column-7\">300,00 \u20ac<\/td>\n<\/tr>\n<tr class=\"row-3\">\n\t<td class=\"column-1\">Beitragssatz<\/td><td class=\"column-2\">4,20%<\/td><td class=\"column-3\">3,60%<\/td><td class=\"column-4\">3,35%<\/td><td class=\"column-5\">3,10%<\/td><td class=\"column-6\">2,85%<\/td><td class=\"column-7\">2,60%<\/td>\n<\/tr>\n<tr class=\"row-4\">\n\t<td class=\"column-1\">Abzug PV<\/td><td class=\"column-2\">12,60 \u20ac<\/td><td class=\"column-3\">10,80 \u20ac<\/td><td class=\"column-4\">10,05 \u20ac<\/td><td class=\"column-5\">9,30 \u20ac<\/td><td class=\"column-6\">8,55 \u20ac<\/td><td class=\"column-7\">7,80 \u20ac<\/td>\n<\/tr>\n<\/tbody>\n<\/table>\n<!-- #tablepress-7 from cache --><\/p>\n","protected":false},"excerpt":{"rendered":"<p>Informationen zum Pflegeunterst\u00fctzungs- und -entlastungsgesetz (PUEG) Durch das Pflegeunterst\u00fctzungs- und -entlastungsgesetz (PUEG) gibt es f\u00fcr Eltern Anpassungen bei den Pflegeversicherungsbeitr\u00e4gen. Wenn Sie eine Betriebsrente beziehen und mindestens zwei Kinder unter 25 Jahren haben, ben\u00f6tigen&#46;&#46;&#46;<\/p>\n","protected":false},"author":1,"featured_media":0,"parent":0,"menu_order":0,"comment_status":"closed","ping_status":"closed","template":"","meta":{"footnotes":""},"class_list":["post-163491","page","type-page","status-publish","hentry"],"_links":{"self":[{"href":"https:\/\/zvk.meinezvk.de\/index.php?rest_route=\/wp\/v2\/pages\/163491","targetHints":{"allow":["GET"]}}],"collection":[{"href":"https:\/\/zvk.meinezvk.de\/index.php?rest_route=\/wp\/v2\/pages"}],"about":[{"href":"https:\/\/zvk.meinezvk.de\/index.php?rest_route=\/wp\/v2\/types\/page"}],"author":[{"embeddable":true,"href":"https:\/\/zvk.meinezvk.de\/index.php?rest_route=\/wp\/v2\/users\/1"}],"replies":[{"embeddable":true,"href":"https:\/\/zvk.meinezvk.de\/index.php?rest_route=%2Fwp%2Fv2%2Fcomments&post=163491"}],"version-history":[{"count":8,"href":"https:\/\/zvk.meinezvk.de\/index.php?rest_route=\/wp\/v2\/pages\/163491\/revisions"}],"predecessor-version":[{"id":163500,"href":"https:\/\/zvk.meinezvk.de\/index.php?rest_route=\/wp\/v2\/pages\/163491\/revisions\/163500"}],"wp:attachment":[{"href":"https:\/\/zvk.meinezvk.de\/index.php?rest_route=%2Fwp%2Fv2%2Fmedia&parent=163491"}],"curies":[{"name":"wp","href":"https:\/\/api.w.org\/{rel}","templated":true}]}}