{"id":163517,"date":"2024-10-08T15:39:59","date_gmt":"2024-10-08T13:39:59","guid":{"rendered":"https:\/\/zvk.meinezvk.de\/?page_id=163517"},"modified":"2025-10-16T10:09:27","modified_gmt":"2025-10-16T08:09:27","slug":"vorlaeufige-rechengroessen-2025","status":"publish","type":"page","link":"https:\/\/zvk.meinezvk.de\/?page_id=163517","title":{"rendered":"Rechengr\u00f6\u00dfen 2025"},"content":{"rendered":"<style><span data-mce-type=\"bookmark\" style=\"display: inline-block; width: 0px; overflow: hidden; line-height: 0;\" class=\"mce_SELRES_start\">\ufeff<\/span><br \/>    .contenttable {<br \/>      width: 100%;<br \/>      border-collapse: collapse;<br \/>      font-family: Arial, sans-serif;<br \/>      font-size: 14px;<br \/>      margin: 20px 0;<br \/>    }<\/p>\n<p>    .contenttable th,<br \/>    .contenttable td {<br \/>      border: 1px solid #ddd;<br \/>      padding: 8px 12px;<br \/>      text-align: center;<br \/>    }<\/p>\n<p>    .contenttable thead {<br \/>      background-color: #004080;<br \/>      color: white;<br \/>      font-weight: bold;<br \/>    }<\/p>\n<p>    .contenttable tbody tr:nth-child(even) {<br \/>      background-color: #f9f9f9;<br \/>    }<\/p>\n<p>    .contenttable tbody tr:hover {<br \/>      background-color: #f1f1f1;<br \/>    }<\/p>\n<p>    .contenttable td:first-child {<br \/>      font-weight: bold;<br \/>      text-align: left;<br \/>    }<\/p>\n<p>    .contenttable caption {<br \/>      caption-side: top;<br \/>      font-size: 16px;<br \/>      font-weight: bold;<br \/>      margin-bottom: 10px;<br \/>    }<br \/>  <\/style>\n<div class=\"su-spoiler su-spoiler-style-fancy su-spoiler-icon-plus su-spoiler-closed\" data-scroll-offset=\"0\" data-anchor-in-url=\"no\"><div class=\"su-spoiler-title\" tabindex=\"0\" role=\"button\"><span class=\"su-spoiler-icon\"><\/span>Allgemein<\/div><div class=\"su-spoiler-content su-u-clearfix su-u-trim\"><\/p>\n<table class=\"contenttable aligncenter\">\n<tbody>\n<tr>\n<td><strong>Umlagesatz<\/strong><\/td>\n<td><strong>1,7 %<\/strong><\/td>\n<\/tr>\n<tr>\n<td><strong>Zusatzbeitrag<\/strong><\/td>\n<td><strong>4,4 %<\/strong><br \/>\n(2,4 % AN-Anteil und 2,0 % AG-Anteil bei Bindung an den ATV-K)<\/td>\n<\/tr>\n<tr>\n<td><strong>Max. Betrag des zusatzversorgungspflichtigen Entgeltes<\/strong><br \/>\n(\u00a7 62 Abs. 2 Satz 3 der Satzung)<\/td>\n<td><strong>20.125 \u20ac<\/strong><br \/>\n<strong>40.250 \u20ac<\/strong> (einschl. Sonderzahlung)<\/td>\n<\/tr>\n<tr>\n<td><strong>Grenzbetrag f\u00fcr zus\u00e4tzliche Umlage<\/strong><br \/>\n(\u00a7 76 der Satzung)<\/td>\n<td><strong>8.778,71 \u20ac<\/strong> (bis 31.03.2025)<br \/>\n<strong>9.042,08 \u20ac<\/strong> (ab 01.04.2025)<br \/>\n<strong>13.724,06 \u20ac<\/strong> (einschl. Jahressonderzahlung)<\/td>\n<\/tr>\n<\/tbody>\n<\/table>\n<p><\/div><\/div>\n<div class=\"su-spoiler su-spoiler-style-fancy su-spoiler-icon-plus su-spoiler-closed\" data-scroll-offset=\"0\" data-anchor-in-url=\"no\"><div class=\"su-spoiler-title\" tabindex=\"0\" role=\"button\"><span class=\"su-spoiler-icon\"><\/span>Steuer<\/div><div class=\"su-spoiler-content su-u-clearfix su-u-trim\"><\/p>\n<table class=\"contenttable\">\n<tbody>\n<tr>\n<td><strong>Steuerfreie Umlage<\/strong><\/td>\n<td><strong>3.864 \u20ac<\/strong> j\u00e4hrlich bzw.<br \/>\n<strong>322,00 \u20ac<\/strong> monatlich bei Verwendung Verteilmodell<\/td>\n<\/tr>\n<tr>\n<td><strong>Grenzen f\u00fcr pauschale Versteuerung der Umlagen<\/strong><br \/>\n(\u00a7 40 b EStG n. F.)<\/td>\n<td><strong>89,48 \u20ac<\/strong> monatlich f\u00fcr tarifgebundene Arbeitgeber<br \/>\n<strong>146,- \u20ac<\/strong> monatlich bzw. <strong>1.752,00 \u20ac<\/strong> j\u00e4hrlich f\u00fcr nicht tarifgebundene Arbeitgeber<\/td>\n<\/tr>\n<\/tbody>\n<\/table>\n<p><\/div><\/div>\n<div class=\"su-spoiler su-spoiler-style-fancy su-spoiler-icon-plus su-spoiler-closed\" data-scroll-offset=\"0\" data-anchor-in-url=\"no\"><div class=\"su-spoiler-title\" tabindex=\"0\" role=\"button\"><span class=\"su-spoiler-icon\"><\/span>Riester<\/div><div class=\"su-spoiler-content su-u-clearfix su-u-trim\"><\/p>\n<table class=\"contenttable\">\n<tbody>\n<tr>\n<td><strong>Mindesteigenbeitrag f\u00fcr volle Riester-F\u00f6rderung<\/strong><br \/>\n(nach \u00a7 86 EStG)<\/td>\n<td><strong>4 %<\/strong> der sozialversicherungspflichtigen Einnahmen des Vorjahres<\/td>\n<\/tr>\n<tr>\n<td><strong>Riester-Grundzulage<\/strong><br \/>\n(\u00a7 84 EStG)<\/td>\n<td><strong>175 \u20ac<\/strong><br \/>\n+ 200 \u20ac (einmalig ab 2008 f\u00fcr alle bis zum 25. Lebensjahr)<\/td>\n<\/tr>\n<tr>\n<td><strong>Riester-Kinderzulage<\/strong><\/td>\n<td><strong>300 \u20ac<\/strong><br \/>\n<strong>185 \u20ac (<\/strong>f\u00fcr bis Ende 2007 geborene Kinder)<\/td>\n<\/tr>\n<tr>\n<td><strong>Sockelbeitrag Riester<\/strong><br \/>\n(Mindestens vom Versicherten selbst aufzubringender Beitrag nach \u00a7 86 EStG)<\/td>\n<td><strong>60 \u20ac<\/strong><\/td>\n<\/tr>\n<tr>\n<td><strong>Max. steuerlich f\u00f6rderf\u00e4higer Betrag bei Riester<\/strong><br \/>\n(Sonderausgabenabzug nach \u00a7 10 a EStG)<\/td>\n<td><strong>2.100 \u20ac<\/strong><\/td>\n<\/tr>\n<\/tbody>\n<\/table>\n<p><\/div><\/div>\n<div class=\"su-spoiler su-spoiler-style-fancy su-spoiler-icon-plus su-spoiler-closed\" data-scroll-offset=\"0\" data-anchor-in-url=\"no\"><div class=\"su-spoiler-title\" tabindex=\"0\" role=\"button\"><span class=\"su-spoiler-icon\"><\/span>Entgeltumwandlung<\/div><div class=\"su-spoiler-content su-u-clearfix su-u-trim\"><\/p>\n<table class=\"contenttable\">\n<tbody>\n<tr>\n<td><strong>Grenze f\u00fcr Steuerfreiheit<\/strong><br \/>\n(\u00a7 3 Nr. 63 EStG)<br \/>\n<strong>Grenze f\u00fcr Sozialversicherungsfreiheit<\/strong><br \/>\n(\u00a7 1 Abs. 1 Nr. 9 SvEV)<\/td>\n<td><strong>7.728 \u20ac (644 \u20ac\/Monat)<\/strong><\/p>\n<p><strong>3.864 \u20ac (322 \u20ac\/Monat)<\/strong><\/td>\n<\/tr>\n<tr>\n<td><strong>Mindestbeitrag Entgeltumwandlung<\/strong><br \/>\n(1\/160 der Bezugsgr\u00f6\u00dfe nach \u00a7 18 Abs. 1 SGB IV)<\/td>\n<td><strong>280,88 \u20ac<\/strong> j\u00e4hrlich<\/td>\n<\/tr>\n<\/tbody>\n<\/table>\n<p><\/div><\/div>\n<div class=\"su-spoiler su-spoiler-style-fancy su-spoiler-icon-plus su-spoiler-closed\" data-scroll-offset=\"0\" data-anchor-in-url=\"no\"><div class=\"su-spoiler-title\" tabindex=\"0\" role=\"button\"><span class=\"su-spoiler-icon\"><\/span>Historie Umlage und Zusatzbeitrag<\/div><div class=\"su-spoiler-content su-u-clearfix su-u-trim\"><\/p>\n<table class=\"contenttable\">\n<caption>Umlage und Zusatzbeitrag (Prozentsatz des zusatzversorgungspflichtigen Entgelts)<\/caption>\n<thead>\n<tr>\n<th scope=\"col\">Jahr<\/th>\n<th scope=\"col\">Umlage<\/th>\n<th scope=\"col\">Zusatzbeitrag<\/th>\n<\/tr>\n<\/thead>\n<tbody>\n<tr>\n<td>2026<\/td>\n<td>1,7 v.H.<\/td>\n<td>4,4 v.H.<\/td>\n<\/tr>\n<tr>\n<td>2025<\/td>\n<td>1,7 v.H.<\/td>\n<td>4,4 v.H.<\/td>\n<\/tr>\n<tr>\n<td>2024<\/td>\n<td>1,7 v.H.<\/td>\n<td>4,4 v.H.<\/td>\n<\/tr>\n<tr>\n<td>2023<\/td>\n<td>1,5 v.H.<\/td>\n<td>4,4 v.H.<\/td>\n<\/tr>\n<tr>\n<td>2022<\/td>\n<td>1,4 v.H.<\/td>\n<td>4,3 v.H.<\/td>\n<\/tr>\n<tr>\n<td>2021<\/td>\n<td>1,3 v.H.<\/td>\n<td>4,2 v.H.<\/td>\n<\/tr>\n<tr>\n<td>2020<\/td>\n<td>1,1 v.H.<\/td>\n<td>4,0 v.H.<\/td>\n<\/tr>\n<tr>\n<td>2019<\/td>\n<td>1,1 v.H.<\/td>\n<td>4,0 v.H.<\/td>\n<\/tr>\n<tr>\n<td>2018<\/td>\n<td>1,1 v.H.<\/td>\n<td>4,0 v.H.<\/td>\n<\/tr>\n<tr>\n<td>2017<\/td>\n<td>1,1 v.H.<\/td>\n<td>4,0 v.H.<\/td>\n<\/tr>\n<tr>\n<td>2016<\/td>\n<td>1,1 v.H.<\/td>\n<td>4,0 v.H.<\/td>\n<\/tr>\n<tr>\n<td>2015<\/td>\n<td>1,1 v.H.<\/td>\n<td>4,0 v.H.<\/td>\n<\/tr>\n<tr>\n<td>2014<\/td>\n<td>1,1 v.H.<\/td>\n<td>4,0 v.H.<\/td>\n<\/tr>\n<tr>\n<td>2013<\/td>\n<td>1,1 v.H.<\/td>\n<td>4,0 v.H.<\/td>\n<\/tr>\n<tr>\n<td>2012<\/td>\n<td>1,1 v.H.<\/td>\n<td>4,0 v.H.<\/td>\n<\/tr>\n<tr>\n<td>2011<\/td>\n<td>1,1 v.H.<\/td>\n<td>4,0 v.H.<\/td>\n<\/tr>\n<tr>\n<td>2010<\/td>\n<td>1,2 v.H.<\/td>\n<td>4,0 v.H.<\/td>\n<\/tr>\n<tr>\n<td>2009<\/td>\n<td>1,7 v.H.<\/td>\n<td>4,0 v.H.<\/td>\n<\/tr>\n<tr>\n<td>2008<\/td>\n<td>1,7 v.H.<\/td>\n<td>4,0 v.H.<\/td>\n<\/tr>\n<tr>\n<td>2007<\/td>\n<td>1,7 v.H.<\/td>\n<td>3,6 v.H.<\/td>\n<\/tr>\n<tr>\n<td>2006<\/td>\n<td>1,7 v.H.<\/td>\n<td>3,3 v.H.<\/td>\n<\/tr>\n<tr>\n<td>2005<\/td>\n<td>1,7 v.H.<\/td>\n<td>3,0 v.H.<\/td>\n<\/tr>\n<tr>\n<td>2004<\/td>\n<td>1,7 v.H.<\/td>\n<td>2,7 v.H.<\/td>\n<\/tr>\n<tr>\n<td>2003<\/td>\n<td>1,7 v.H.<\/td>\n<td>1,3 v.H.<\/td>\n<\/tr>\n<tr>\n<td>2002<\/td>\n<td>1,9 v.H.<\/td>\n<td><\/td>\n<\/tr>\n<tr>\n<td>2001<\/td>\n<td>1,7 v.H.<\/td>\n<td><\/td>\n<\/tr>\n<tr>\n<td>2000<\/td>\n<td>1,4 v.H.<\/td>\n<td><\/td>\n<\/tr>\n<tr>\n<td>1999<\/td>\n<td>1,2 v.H.<\/td>\n<td><\/td>\n<\/tr>\n<tr>\n<td>1997<\/td>\n<td>1,0 v.H.<\/td>\n<td><\/td>\n<\/tr>\n<\/tbody>\n<\/table>\n<p><\/div><\/div>\n<div class=\"su-spoiler su-spoiler-style-fancy su-spoiler-icon-plus su-spoiler-closed\" data-scroll-offset=\"0\" data-anchor-in-url=\"no\"><div class=\"su-spoiler-title\" tabindex=\"0\" role=\"button\"><span class=\"su-spoiler-icon\"><\/span>zus\u00e4tzliche Umlage<\/div><div class=\"su-spoiler-content su-u-clearfix su-u-trim\"><\/p>\n<p>Ab 2002 ist die zus\u00e4tzliche Umlage von 9 v. H. des zusatzversorgungspflichtigen Entgelts nur f\u00fcr die Besch\u00e4ftigten zu entrichten, f\u00fcr die am 31.12.2001 schon und am 01.01.2002 noch eine zus\u00e4tzliche Umlage gezahlt wurde.<br \/>\nAufgrund der zwischen den Tarifvertragsparteien abgestimmten Fassung des 4. \u00c4nderungstarifvertrags zum ATV-K richtet sich der Grenzbetrag f\u00fcr die zus\u00e4tzliche Umlage ab dem 01.07.2007 nach dem 1,133-fachen des Betrages der Entgeltgruppe 15 Stufe 6 TV\u00f6D Tarifgebiet Ost bzw. West, einschlie\u00dflich der Jahressonderzahlung.<\/p>\n<table class=\"contenttable\">\n<thead>\n<tr>\n<th scope=\"col\"><b>Ma\u00dfgebender Grenzbetrag<\/b><\/th>\n<th scope=\"col\"><b>mtl. Betrag<\/b><\/th>\n<th scope=\"col\"><b>im Monat der Zuwendung<\/b><\/th>\n<\/tr>\n<\/thead>\n<tbody>\n<tr>\n<td>01.04.2025 \u2013 30.04.2026<\/td>\n<td>9.042,08 \u20ac<\/td>\n<td>13.724,06 \u20ac<\/td>\n<\/tr>\n<tr>\n<td>01.03.2024 \u2013 31.03.2025<\/td>\n<td>8.778,71 \u20ac<\/td>\n<td>13.324,33 \u20ac<\/td>\n<\/tr>\n<tr>\n<td>01.04.2022 \u2013 29.02.2024<\/td>\n<td>8.094,46 \u20ac<\/td>\n<td>12.285,76 \u20ac<\/td>\n<\/tr>\n<tr>\n<td>01.04.2021 \u2013 31.03.2022<\/td>\n<td>7.951,34 \u20ac<\/td>\n<td>11.821,26 \u20ac<\/td>\n<\/tr>\n<tr>\n<td>01.03.2020 \u2013 31.03.2021<\/td>\n<td>7.841,56 \u20ac<\/td>\n<td>11.414,96 \u20ac<\/td>\n<\/tr>\n<tr>\n<td>01.04.2019 \u2013 29.02.2020<\/td>\n<td>7.766,66 \u20ac<\/td>\n<td>11.064,38 \u20ac<\/td>\n<\/tr>\n<tr>\n<td>01.03.2018 \u2013 31.03.2019<\/td>\n<td>7.554,47 \u20ac<\/td>\n<td>10.488,62 \u20ac<\/td>\n<\/tr>\n<tr>\n<td>01.02.2017 \u2013 28.02.2018<\/td>\n<td>7.342,28 \u20ac<\/td>\n<td>10.284,33 \u20ac<\/td>\n<\/tr>\n<tr>\n<td>01.03.2016 \u2013 31.01.2017<\/td>\n<td>7.173,70 \u20ac<\/td>\n<td>10.326,00 \u20ac<\/td>\n<\/tr>\n<tr>\n<td>01.03.2015 \u2013 28.02.2016<\/td>\n<td>7.005,57 \u20ac<\/td>\n<td>10.158,07 \u20ac<\/td>\n<\/tr>\n<tr>\n<td>01.03.2014 \u2013 28.02.2015<\/td>\n<td>6.841,37 \u20ac<\/td>\n<td>9.919,99 \u20ac<\/td>\n<\/tr>\n<tr>\n<td>01.01.2014 \u2013 28.02.2014<\/td>\n<td>6.642,11 \u20ac<\/td>\n<td>9.631,06 \u20ac<\/td>\n<\/tr>\n<tr>\n<td>01.08.2013 \u2013 31.12.2013<\/td>\n<td>6.642,11 \u20ac<\/td>\n<td>9.631,06 \u20ac<\/td>\n<\/tr>\n<tr>\n<td>01.01.2013 \u2013 31.07.2013<\/td>\n<td>6.550,41 \u20ac<\/td>\n<td>9.631,06 \u20ac<\/td>\n<\/tr>\n<tr>\n<td>01.03.2012 \u2013 31.12.2012<\/td>\n<td>6.459,97 \u20ac<\/td>\n<td>9.366,95 \u20ac<\/td>\n<\/tr>\n<tr>\n<td>01.08.2011 \u2013 29.02.2012<\/td>\n<td>6.241,52 \u20ac<\/td>\n<td>9.050,20 \u20ac<\/td>\n<\/tr>\n<tr>\n<td>01.01.2011 \u2013 31.07.2011<\/td>\n<td>6.210,46 \u20ac<\/td>\n<td>9.005,17 \u20ac<\/td>\n<\/tr>\n<tr>\n<td>01.01.2010 \u2013 31.12.2010<\/td>\n<td>6.173,42 \u20ac<\/td>\n<td>8.951,46 \u20ac<\/td>\n<\/tr>\n<tr>\n<td>01.01.2009 \u2013 31.12.2009<\/td>\n<td>5.917,22 \u20ac<\/td>\n<td>8.579,96 \u20ac<\/td>\n<\/tr>\n<tr>\n<td>01.04.2008 \u2013 31.12.2008<\/td>\n<td>5.756,05 \u20ac<\/td>\n<td>8.346,27 \u20ac<\/td>\n<\/tr>\n<tr>\n<td>01.07.2007 \u2013 31.03.2008<\/td>\n<td>5.527,91 \u20ac<\/td>\n<td>8.015,47 \u20ac<\/td>\n<\/tr>\n<tr>\n<td>01.07.2006 \u2013 30.06.2007<\/td>\n<td>5.443,77 \u20ac<\/td>\n<td>8.797,13 \u20ac<\/td>\n<\/tr>\n<tr>\n<td>01.01.2006 \u2013 30.06.2006<\/td>\n<td>5.358,28 \u20ac<\/td>\n<td>8.658,96 \u20ac<\/td>\n<\/tr>\n<tr>\n<td>01.07.2005 \u2013 31.12.2005<\/td>\n<td>5.358,28 \u20ac<\/td>\n<td>8.658,96 \u20ac<\/td>\n<\/tr>\n<tr>\n<td>01.01.2005 \u2013 30.06.2005<\/td>\n<td>5.272,77 \u20ac<\/td>\n<td>8.520,80 \u20ac<\/td>\n<\/tr>\n<tr>\n<td>01.05.2004 \u2013 31.12.2004<\/td>\n<td>5.272,77 \u20ac<\/td>\n<td>8.520,80 \u20ac<\/td>\n<\/tr>\n<tr>\n<td>01.01.2004 \u2013 30.04.2004<\/td>\n<td>5.220,56 \u20ac<\/td>\n<td>8.468,79 \u20ac<\/td>\n<\/tr>\n<tr>\n<td>01.04.2003 \u2013 31.12.2003<\/td>\n<td>5.085,07 \u20ac<\/td>\n<td>8.280,53 \u20ac<\/td>\n<\/tr>\n<tr>\n<td>01.01.2003 \u2013 31.03.2003<\/td>\n<td>4.965,88 \u20ac<\/td>\n<td>8.161,42 \u20ac<\/td>\n<\/tr>\n<tr>\n<td>01.01.2002 \u2013 31.12.2002<\/td>\n<td>4.911,32 \u20ac<\/td>\n<td>8.071,75 \u20ac<\/td>\n<\/tr>\n<tr>\n<td>01.09.2001 \u2013 31.12.2001<\/td>\n<td>9.445,61 DM<\/td>\n<td>15.523,86 DM<\/td>\n<\/tr>\n<tr>\n<td>01.01.2001 \u2013 31.08.2001<\/td>\n<td>9.224,21 DM<\/td>\n<td>15.302,04 DM<\/td>\n<\/tr>\n<tr>\n<td>01.08.2000 \u2013 31.12.2000<\/td>\n<td>9.067,88 DM<\/td>\n<td>15.042,71 DM<\/td>\n<\/tr>\n<tr>\n<td>01.04.1999 \u2013 31.07.2000<\/td>\n<td>8.838,97 DM<\/td>\n<td>14.779,64 DM<\/td>\n<\/tr>\n<tr>\n<td>01.09.1998 \u2013 31.03.1999<\/td>\n<td>8.573,20 DM<\/td>\n<td>14.514,43 DM<\/td>\n<\/tr>\n<\/tbody>\n<\/table>\n<p><\/div><\/div>\n<div class=\"su-spoiler su-spoiler-style-fancy su-spoiler-icon-plus su-spoiler-closed\" data-scroll-offset=\"0\" data-anchor-in-url=\"no\"><div class=\"su-spoiler-title\" tabindex=\"0\" role=\"button\"><span class=\"su-spoiler-icon\"><\/span>Grenzwerte f\u00fcr das zv-pflichtige Entgelt<\/div><div class=\"su-spoiler-content su-u-clearfix su-u-trim\"><\/p>\n<p>Das monatliche zusatzversorgungspflichtige Entgelt unterliegt einer Bemessungsgrenze. Diese betr\u00e4gt ab 2002 das 2,5-fache der Beitragsbemessungsgrenze in der gesetzlichen Rentenversicherung. Die Meldung entsprechend der bisherigen B11-Grenze ist bis 31.12.2002 weiterhin m\u00f6glich.<\/p>\n<table class=\"contenttable\">\n<thead>\n<tr>\n<th scope=\"col\"><b>B11-Grenze:<\/b><\/th>\n<th scope=\"col\"><b>mtl. Betrag<\/b><\/th>\n<th scope=\"col\"><b>im Monat der Zuwendung<\/b><\/th>\n<\/tr>\n<\/thead>\n<tbody>\n<tr>\n<td>01.01.2025 &#8211; 31.12.2025<\/td>\n<td>20.125,00 \u20ac<\/td>\n<td>40.250,00 \u20ac<\/td>\n<\/tr>\n<tr>\n<td>01.01.2024 &#8211; 31.12.2024<\/td>\n<td>18.625,00 \u20ac<\/td>\n<td>37.250,00 \u20ac<\/td>\n<\/tr>\n<tr>\n<td>01.01.2023 &#8211; 31.12.2023<\/td>\n<td>17.750,00 \u20ac<\/td>\n<td>35.500,00 \u20ac<\/td>\n<\/tr>\n<tr>\n<td>01.01.2022 &#8211; 31.12.2022<\/td>\n<td>16.875,00 \u20ac<\/td>\n<td>33.750,00 \u20ac<\/td>\n<\/tr>\n<tr>\n<td>01.01.2021 &#8211; 31.12.2021<\/td>\n<td>16.750,00 \u20ac<\/td>\n<td>33.500,00 \u20ac<\/td>\n<\/tr>\n<tr>\n<td>01.01.2020 &#8211; 31.12.2020<\/td>\n<td>16.125,00 \u20ac<\/td>\n<td>32.250,00 \u20ac<\/td>\n<\/tr>\n<tr>\n<td>01.01.2019 &#8211; 31.12.2019<\/td>\n<td>15.375,00 \u20ac<\/td>\n<td>30.750,00 \u20ac<\/td>\n<\/tr>\n<tr>\n<td>01.01.2018 &#8211; 31.12.2018<\/td>\n<td>14.500,00 \u20ac<\/td>\n<td>29.000,00 \u20ac<\/td>\n<\/tr>\n<tr>\n<td>01.01.2017 &#8211; 31.12.2017<\/td>\n<td>14.250,00 \u20ac<\/td>\n<td>28.500,00 \u20ac<\/td>\n<\/tr>\n<tr>\n<td>01.01.2016 &#8211; 31.12.2016<\/td>\n<td>13.500,00 \u20ac<\/td>\n<td>27.000,00 \u20ac<\/td>\n<\/tr>\n<tr>\n<td>01.01.2015 &#8211; 31.12.2015<\/td>\n<td>13.000,00 \u20ac<\/td>\n<td>26.000,00 \u20ac<\/td>\n<\/tr>\n<tr>\n<td>01.01.2014 &#8211; 31.12.2014<\/td>\n<td>12.500,00 \u20ac<\/td>\n<td>25.000,00 \u20ac<\/td>\n<\/tr>\n<tr>\n<td>01.01.2013 &#8211; 31.12.2013<\/td>\n<td>12.250,00 \u20ac<\/td>\n<td>24.500,00 \u20ac<\/td>\n<\/tr>\n<tr>\n<td>01.01.2011 &#8211; 31.12.2012<\/td>\n<td>12.000,00 \u20ac<\/td>\n<td>24.000,00 \u20ac<\/td>\n<\/tr>\n<tr>\n<td>01.01.2010 &#8211; 31.12.2010<\/td>\n<td>11.625,00 \u20ac<\/td>\n<td>23.250,00 \u20ac<\/td>\n<\/tr>\n<tr>\n<td>01.01.2009 &#8211; 31.12.2009<\/td>\n<td>11.375,00 \u20ac<\/td>\n<td>22.750,00 \u20ac<\/td>\n<\/tr>\n<tr>\n<td>01.01.2008 &#8211; 31.12.2008<\/td>\n<td>11.250,00 \u20ac<\/td>\n<td>22.500,00 \u20ac<\/td>\n<\/tr>\n<tr>\n<td>01.01.2007 &#8211; 31.12.2007<\/td>\n<td>11.375,00 \u20ac<\/td>\n<td>22.750,00 \u20ac<\/td>\n<\/tr>\n<tr>\n<td>01.01.2005 &#8211; 31.12.2006<\/td>\n<td>11.000,00 \u20ac<\/td>\n<td>22.000,00 \u20ac<\/td>\n<\/tr>\n<tr>\n<td>01.01.2004 &#8211; 31.12.2004<\/td>\n<td>10.875,00 \u20ac<\/td>\n<td>21.750,00 \u20ac<\/td>\n<\/tr>\n<tr>\n<td>01.01.2003 &#8211; 31.12.2003<\/td>\n<td>10.625,00 \u20ac<\/td>\n<td>21.250,00 \u20ac<\/td>\n<\/tr>\n<tr>\n<td>01.01.2002 &#8211; 31.12.2002<\/td>\n<td>9.375,00 \u20ac<\/td>\n<td>18.750,00 \u20ac<\/td>\n<\/tr>\n<tr>\n<td colspan=\"3\"><b>2,5 x BBG RV<\/b><\/td>\n<\/tr>\n<tr>\n<td>01.01.2002 \u2013 31.12.2002<\/td>\n<td>9.052,91 \u20ac<\/td>\n<td>15.042,32 \u20ac<\/td>\n<\/tr>\n<tr>\n<td>01.01.2001 \u2013 31.12.2001<\/td>\n<td>17.098,09 DM<\/td>\n<td>28.611,95 DM<\/td>\n<\/tr>\n<tr>\n<td>01.01.1999 \u2013 31.12.2000<\/td>\n<td>16.520,72 DM<\/td>\n<td>27.969,58 DM<\/td>\n<\/tr>\n<tr>\n<td>01.01.1998 \u2013 31.12.1998<\/td>\n<td>15.994,32 DM<\/td>\n<td>27.243,93 DM<\/td>\n<\/tr>\n<\/tbody>\n<\/table>\n<p><\/div><\/div>\n","protected":false},"excerpt":{"rendered":"","protected":false},"author":1,"featured_media":0,"parent":0,"menu_order":0,"comment_status":"closed","ping_status":"closed","template":"","meta":{"footnotes":""},"class_list":["post-163517","page","type-page","status-publish","hentry"],"_links":{"self":[{"href":"https:\/\/zvk.meinezvk.de\/index.php?rest_route=\/wp\/v2\/pages\/163517","targetHints":{"allow":["GET"]}}],"collection":[{"href":"https:\/\/zvk.meinezvk.de\/index.php?rest_route=\/wp\/v2\/pages"}],"about":[{"href":"https:\/\/zvk.meinezvk.de\/index.php?rest_route=\/wp\/v2\/types\/page"}],"author":[{"embeddable":true,"href":"https:\/\/zvk.meinezvk.de\/index.php?rest_route=\/wp\/v2\/users\/1"}],"replies":[{"embeddable":true,"href":"https:\/\/zvk.meinezvk.de\/index.php?rest_route=%2Fwp%2Fv2%2Fcomments&post=163517"}],"version-history":[{"count":10,"href":"https:\/\/zvk.meinezvk.de\/index.php?rest_route=\/wp\/v2\/pages\/163517\/revisions"}],"predecessor-version":[{"id":163642,"href":"https:\/\/zvk.meinezvk.de\/index.php?rest_route=\/wp\/v2\/pages\/163517\/revisions\/163642"}],"wp:attachment":[{"href":"https:\/\/zvk.meinezvk.de\/index.php?rest_route=%2Fwp%2Fv2%2Fmedia&parent=163517"}],"curies":[{"name":"wp","href":"https:\/\/api.w.org\/{rel}","templated":true}]}}