{"id":163594,"date":"2025-07-28T16:45:31","date_gmt":"2025-07-28T14:45:31","guid":{"rendered":"https:\/\/zvk.meinezvk.de\/?page_id=163594"},"modified":"2025-08-13T14:43:35","modified_gmt":"2025-08-13T12:43:35","slug":"freiwillige-versicherung-ohne-staatliche-foerderung","status":"publish","type":"page","link":"https:\/\/zvk.meinezvk.de\/?page_id=163594","title":{"rendered":"Freiwillige Versicherung ohne staatliche F\u00f6rderung"},"content":{"rendered":"<p>Bei einer <strong>Freiwilligen Versicherung<\/strong>\u00a0die staatlich gef\u00f6rdert wird (<a href=\"https:\/\/zvk.meinezvk.de\/?page_id=253\" target=\"_blank\" rel=\"noopener\" data-wpel-link=\"internal\">Entgeltumwandlung<\/a> oder <a href=\"https:\/\/zvk.meinezvk.de\/?page_id=534\" target=\"_blank\" rel=\"noopener\" data-wpel-link=\"internal\">Riester-F\u00f6rderung<\/a>), muss die sp\u00e4tere Rentenleistung voll versteuert werden.<\/p>\n<p><strong>Das ist beim Verzicht auf staatliche F\u00f6rderung nicht der Fall.<\/strong><br \/>\nSie zahlen als ZVK-Versicherte\/r frei w\u00e4hlbare Beitr\u00e4ge aus Ihrem versteuerten Einkommen in eine Freiwillige Versicherung ohne staatliche F\u00f6rderung.<\/p>\n<p>Die aus diesem Vertrag resultierenden Rentenleistungen sind nur mit dem sog. &#8222;Ertragsanteil&#8220; zu versteuern. Bei einem Rentenbeginn mit vollendetem 65. Lebensjahr m\u00fcssen Sie dann nur 18 % des Rentenbetrages versteuern, sofern die Steuerfreigrenzen \u00fcberschritten sind.<\/p>\n<p><strong class=\"bvk-text-highlight\">Diese Form der Altersvorsorge bietet sich an:<\/strong><\/p>\n<ul>\n<li>wenn Sie eine m\u00f6glichst geringen Steuerbelastung zum Zeitpunkt des Rentenbezugs anstreben, oder<\/li>\n<li>wenn Sie keinen Anspruch auf Entgeltumwandlung oder Riester-F\u00f6rderung haben.<\/li>\n<\/ul>\n<hr \/>\n<div class=\"su-service\"><div class=\"su-service-title\" style=\"padding-left:44px;min-height:30px;line-height:30px\"><i class=\"sui sui-phone\" style=\"font-size:30px;color:#0099cc\"><\/i> Haben Sie Fragen?<\/div><div class=\"su-service-content su-u-clearfix su-u-trim\" style=\"padding-left:44px\">Gern beraten wir Sie telefonisch unter (0 34 66) 33 64-85.<\/div><\/div>\n<div class=\"su-service\"><div class=\"su-service-title\" style=\"padding-left:44px;min-height:30px;line-height:30px\"><i class=\"sui sui-envelope-o\" style=\"font-size:30px;color:#0099cc\"><\/i> Wir sind auch per E-Mail erreichbar!<\/div><div class=\"su-service-content su-u-clearfix su-u-trim\" style=\"padding-left:44px\">Schreiben Sie uns an zvk@kvt-zvk.de<\/div><\/div>\n<div class=\"su-service\"><div class=\"su-service-title\" style=\"padding-left:44px;min-height:30px;line-height:30px\"><i class=\"sui sui-file-text-o\" style=\"font-size:30px;color:#0099cc\"><\/i> Sofort losschreiben:<\/div><div class=\"su-service-content su-u-clearfix su-u-trim\" style=\"padding-left:44px\">Gern k\u00f6nnen Sie auch unser Kontaktformular benutzen!<\/div><\/div>\n\n<div class=\"wpcf7 no-js\" id=\"wpcf7-f148-o1\" lang=\"de-DE\" dir=\"ltr\" data-wpcf7-id=\"148\">\n<div class=\"screen-reader-response\"><p role=\"status\" aria-live=\"polite\" aria-atomic=\"true\"><\/p> <ul><\/ul><\/div>\n<form action=\"\/index.php?rest_route=%2Fwp%2Fv2%2Fpages%2F163594#wpcf7-f148-o1\" method=\"post\" class=\"wpcf7-form init\" aria-label=\"Kontaktformular\" novalidate=\"novalidate\" data-status=\"init\">\n<fieldset class=\"hidden-fields-container\"><input type=\"hidden\" name=\"_wpcf7\" value=\"148\" \/><input type=\"hidden\" name=\"_wpcf7_version\" value=\"6.1.5\" \/><input type=\"hidden\" name=\"_wpcf7_locale\" value=\"de_DE\" \/><input type=\"hidden\" name=\"_wpcf7_unit_tag\" value=\"wpcf7-f148-o1\" \/><input type=\"hidden\" name=\"_wpcf7_container_post\" value=\"0\" \/><input type=\"hidden\" name=\"_wpcf7_posted_data_hash\" value=\"\" \/>\n<\/fieldset>\n<p>Ihr Name (Pflichtfeld)\n<\/p>\n<p><span class=\"wpcf7-form-control-wrap\" data-name=\"text-759\"><input size=\"40\" maxlength=\"400\" class=\"wpcf7-form-control wpcf7-text wpcf7-validates-as-required\" aria-required=\"true\" aria-invalid=\"false\" value=\"\" type=\"text\" name=\"text-759\" \/><\/span>\n<\/p>\n<p>Ihre E-Mail-Adresse (Pflichtfeld)\n<\/p>\n<p><span class=\"wpcf7-form-control-wrap\" data-name=\"email-889\"><input size=\"40\" maxlength=\"50\" class=\"wpcf7-form-control wpcf7-email wpcf7-validates-as-required wpcf7-text wpcf7-validates-as-email\" aria-required=\"true\" aria-invalid=\"false\" value=\"\" type=\"email\" name=\"email-889\" \/><\/span>\n<\/p>\n<p>Ihre Versicherungsnummer oder Ihr Geburtsdatum (Pflichtfeld)\n<\/p>\n<p><span class=\"wpcf7-form-control-wrap\" data-name=\"text-185\"><input size=\"40\" maxlength=\"400\" class=\"wpcf7-form-control wpcf7-text wpcf7-validates-as-required\" aria-required=\"true\" aria-invalid=\"false\" value=\"\" type=\"text\" name=\"text-185\" \/><\/span>\n<\/p>\n<p>Ihre Telefonnummer\n<\/p>\n<p><span class=\"wpcf7-form-control-wrap\" data-name=\"text-189\"><input size=\"40\" maxlength=\"400\" class=\"wpcf7-form-control wpcf7-text\" aria-invalid=\"false\" value=\"\" type=\"text\" name=\"text-189\" \/><\/span>\n<\/p>\n<p>Betreff\n<\/p>\n<p><span class=\"wpcf7-form-control-wrap\" data-name=\"your-subject\"><input size=\"40\" maxlength=\"400\" class=\"wpcf7-form-control wpcf7-text\" aria-invalid=\"false\" value=\"\" type=\"text\" name=\"your-subject\" \/><\/span>\n<\/p>\n<p>Ihre Nachricht (Pflichtfeld)\n<\/p>\n<p><span class=\"wpcf7-form-control-wrap\" data-name=\"textarea-636\"><textarea cols=\"40\" rows=\"10\" maxlength=\"2000\" class=\"wpcf7-form-control wpcf7-textarea wpcf7-validates-as-required\" aria-required=\"true\" aria-invalid=\"false\" name=\"textarea-636\"><\/textarea><\/span>\n<\/p>\n<p>Ich akzeptiere die <a href=\"https:\/\/zvk.meinezvk.de\/?page_id=14\" target=\"_blank\" title=\"Datenschutzbestimmungen\" data-wpel-link=\"internal\">Datenschutzbestimmungen!<\/a><span class=\"wpcf7-form-control-wrap\" data-name=\"AGB\"><span class=\"wpcf7-form-control wpcf7-acceptance\"><span class=\"wpcf7-list-item\"><input type=\"checkbox\" name=\"AGB\" value=\"1\" aria-invalid=\"false\" \/><\/span><\/span><\/span>\n<\/p>\n<p><span id=\"wpcf7-69de5f78347a1-wrapper\" class=\"wpcf7-form-control-wrap sicher-272-wrap\" style=\"display:none !important; visibility:hidden !important;\"><input type=\"hidden\" name=\"sicher-272-time-start\" value=\"1776181112\"><input type=\"hidden\" name=\"sicher-272-time-check\" value=\"4\"><input id=\"wpcf7-69de5f78347a1-field\"  class=\"wpcf7-form-control wpcf7-text\" type=\"text\" name=\"sicher-272\" value=\"\" size=\"40\" tabindex=\"-1\" autocomplete=\"off\" \/><\/span><span id=\"wpcf7-69de5f78347ef-wrapper\" class=\"wpcf7-form-control-wrap sicher2-272-wrap\" style=\"display:none !important; visibility:hidden !important;\"><input type=\"hidden\" name=\"sicher2-272-time-start\" value=\"1776181112\"><input type=\"hidden\" name=\"sicher2-272-time-check\" value=\"4\"><input id=\"wpcf7-69de5f78347ef-field\"  class=\"wpcf7-form-control wpcf7-text\" type=\"text\" name=\"sicher2-272\" value=\"\" size=\"40\" tabindex=\"-1\" autocomplete=\"off\" \/><\/span>\n<\/p>\n<p><input class=\"wpcf7-form-control wpcf7-submit has-spinner\" type=\"submit\" value=\"Senden\" \/>\n<\/p><div class=\"wpcf7-response-output\" aria-hidden=\"true\"><\/div>\n<\/form>\n<\/div>\n\n","protected":false},"excerpt":{"rendered":"<p>Bei einer Freiwilligen Versicherung\u00a0die staatlich gef\u00f6rdert wird (Entgeltumwandlung oder Riester-F\u00f6rderung), muss die sp\u00e4tere Rentenleistung voll versteuert werden. Das ist beim Verzicht auf staatliche F\u00f6rderung nicht der Fall. Sie zahlen als ZVK-Versicherte\/r frei w\u00e4hlbare Beitr\u00e4ge&#46;&#46;&#46;<\/p>\n","protected":false},"author":7,"featured_media":0,"parent":0,"menu_order":0,"comment_status":"closed","ping_status":"closed","template":"","meta":{"footnotes":""},"class_list":["post-163594","page","type-page","status-publish","hentry"],"_links":{"self":[{"href":"https:\/\/zvk.meinezvk.de\/index.php?rest_route=\/wp\/v2\/pages\/163594","targetHints":{"allow":["GET"]}}],"collection":[{"href":"https:\/\/zvk.meinezvk.de\/index.php?rest_route=\/wp\/v2\/pages"}],"about":[{"href":"https:\/\/zvk.meinezvk.de\/index.php?rest_route=\/wp\/v2\/types\/page"}],"author":[{"embeddable":true,"href":"https:\/\/zvk.meinezvk.de\/index.php?rest_route=\/wp\/v2\/users\/7"}],"replies":[{"embeddable":true,"href":"https:\/\/zvk.meinezvk.de\/index.php?rest_route=%2Fwp%2Fv2%2Fcomments&post=163594"}],"version-history":[{"count":4,"href":"https:\/\/zvk.meinezvk.de\/index.php?rest_route=\/wp\/v2\/pages\/163594\/revisions"}],"predecessor-version":[{"id":163600,"href":"https:\/\/zvk.meinezvk.de\/index.php?rest_route=\/wp\/v2\/pages\/163594\/revisions\/163600"}],"wp:attachment":[{"href":"https:\/\/zvk.meinezvk.de\/index.php?rest_route=%2Fwp%2Fv2%2Fmedia&parent=163594"}],"curies":[{"name":"wp","href":"https:\/\/api.w.org\/{rel}","templated":true}]}}