{"id":1669,"date":"2018-02-28T15:34:23","date_gmt":"2018-02-28T14:34:23","guid":{"rendered":"https:\/\/zvk.meinezvk.de\/?page_id=1669"},"modified":"2020-07-03T10:57:22","modified_gmt":"2020-07-03T08:57:22","slug":"nettomodell","status":"publish","type":"page","link":"https:\/\/zvk.meinezvk.de\/?page_id=1669","title":{"rendered":"Nettomodell"},"content":{"rendered":"<p><a href=\"https:\/\/zvk.meinezvk.de\/wp-content\/uploads\/sites\/2\/2018\/02\/Netto.jpg\" data-rel=\"lightbox-image-0\" data-rl_title=\"\" data-rl_caption=\"\" title=\"\" data-wpel-link=\"internal\"><img loading=\"lazy\" decoding=\"async\" class=\"aligncenter size-full wp-image-1670\" src=\"https:\/\/zvk.meinezvk.de\/wp-content\/uploads\/sites\/2\/2018\/02\/Netto.jpg\" alt=\"\" width=\"734\" height=\"599\" srcset=\"https:\/\/zvk.meinezvk.de\/wp-content\/uploads\/sites\/2\/2018\/02\/Netto.jpg 734w, https:\/\/zvk.meinezvk.de\/wp-content\/uploads\/sites\/2\/2018\/02\/Netto-300x245.jpg 300w, https:\/\/zvk.meinezvk.de\/wp-content\/uploads\/sites\/2\/2018\/02\/Netto-600x490.jpg 600w\" sizes=\"auto, (max-width: 734px) 100vw, 734px\" \/><\/a><\/p>\n<div class=\"su-spoiler su-spoiler-style-fancy su-spoiler-icon-plus su-spoiler-closed\" data-scroll-offset=\"0\" data-anchor-in-url=\"no\"><div class=\"su-spoiler-title\" tabindex=\"0\" role=\"button\"><span class=\"su-spoiler-icon\"><\/span>Warum sollte ich das Nettomodell w\u00e4hlen?<\/div><div class=\"su-spoiler-content su-u-clearfix su-u-trim\"><a href=\"https:\/\/zvk.meinezvk.de\/wp-content\/uploads\/sites\/2\/2018\/02\/Netto2.jpg\" data-rel=\"lightbox-image-1\" data-rl_title=\"\" data-rl_caption=\"\" title=\"\" data-wpel-link=\"internal\"><img loading=\"lazy\" decoding=\"async\" class=\"alignright size-medium wp-image-1671\" src=\"https:\/\/zvk.meinezvk.de\/wp-content\/uploads\/sites\/2\/2018\/02\/Netto2-300x241.jpg\" alt=\"\" width=\"300\" height=\"241\" srcset=\"https:\/\/zvk.meinezvk.de\/wp-content\/uploads\/sites\/2\/2018\/02\/Netto2-300x241.jpg 300w, https:\/\/zvk.meinezvk.de\/wp-content\/uploads\/sites\/2\/2018\/02\/Netto2.jpg 510w\" sizes=\"auto, (max-width: 300px) 100vw, 300px\" \/><\/a><\/p>\n<p><strong>Das Nettomodell wird angewendet, wenn Sie sich aktiv daf\u00fcr entscheiden.<\/strong><\/p>\n<p>Bei diesem Modell zahlen Sie Ihren Arbeitnehmeranteil aus dem bereits versteuerten Entgelt, d.h. aus dem Netto.<\/p>\n<p>Deshalb erf\u00fcllt dieser die F\u00f6rdervoraussetzungen des Einkommensteuerrechts und Sie k\u00f6nnen somit die <strong>Riesterf\u00f6rderung (ohne separaten Riestervertrag)<\/strong> in Anspruch nehmen.<\/p>\n<p><strong>Sie erhalten staatliche Zulagen.<\/strong><br \/>\nDiese werden j\u00e4hrlich direkt Ihrem Betriebsrentenkonto gutgeschrieben und erh\u00f6hen damit Ihre Anwartschaft.<br \/>\nAu\u00dferdem k\u00f6nnen Sie Ihren Arbeitnehmeranteil bei der Steuererkl\u00e4rung geltend machen.<\/p>\n<p>Eine weitere F\u00f6rderung wird in der Auszahlungsphase aktiv.<br \/>\nSie zahlen auf Rententeile, die auf<\/p>\n<ul>\n<li>Ihrem Arbeitnehmeranteil und<\/li>\n<li>den Zulagen beruhen,<\/li>\n<\/ul>\n<p>keine Sozialversicherungsbeitr\u00e4ge und <strong>erhalten demzufolge eine h\u00f6here Nettorente.<\/strong><\/p>\n<p>Das Netto-Modell empfiehlt sich daher z.B.<\/p>\n<ul>\n<li>f\u00fcr Versicherte mit Kindern,<\/li>\n<li>f\u00fcr Berufseinsteiger und Azubis,<\/li>\n<li>f\u00fcr Versicherte, die langfristig planen,<\/li>\n<li>f\u00fcr Versicherte, denen eine hohe Betriebsrente wichtig ist.<\/li>\n<\/ul>\n<p><\/div><\/div>\n<div class=\"su-spoiler su-spoiler-style-fancy su-spoiler-icon-plus su-spoiler-closed\" data-scroll-offset=\"0\" data-anchor-in-url=\"no\"><div class=\"su-spoiler-title\" tabindex=\"0\" role=\"button\"><span class=\"su-spoiler-icon\"><\/span>Wie hoch sind die Riesterzulagen?<\/div><div class=\"su-spoiler-content su-u-clearfix su-u-trim\"><\/p>\n<p><a href=\"https:\/\/zvk.meinezvk.de\/wp-content\/uploads\/sites\/2\/2018\/02\/netto3.jpg\" data-rel=\"lightbox-image-2\" data-rl_title=\"\" data-rl_caption=\"\" title=\"\" data-wpel-link=\"internal\"><img loading=\"lazy\" decoding=\"async\" class=\"aligncenter size-full wp-image-1672\" src=\"https:\/\/zvk.meinezvk.de\/wp-content\/uploads\/sites\/2\/2018\/02\/netto3.jpg\" alt=\"\" width=\"774\" height=\"462\" srcset=\"https:\/\/zvk.meinezvk.de\/wp-content\/uploads\/sites\/2\/2018\/02\/netto3.jpg 774w, https:\/\/zvk.meinezvk.de\/wp-content\/uploads\/sites\/2\/2018\/02\/netto3-300x179.jpg 300w, https:\/\/zvk.meinezvk.de\/wp-content\/uploads\/sites\/2\/2018\/02\/netto3-768x458.jpg 768w, https:\/\/zvk.meinezvk.de\/wp-content\/uploads\/sites\/2\/2018\/02\/netto3-600x358.jpg 600w\" sizes=\"auto, (max-width: 774px) 100vw, 774px\" \/><\/a><\/p>\n<p><\/div><\/div>\n<div class=\"su-spoiler su-spoiler-style-fancy su-spoiler-icon-plus\" data-scroll-offset=\"0\" data-anchor-in-url=\"no\"><div class=\"su-spoiler-title\" tabindex=\"0\" role=\"button\"><span class=\"su-spoiler-icon\"><\/span>Kurz und knapp!<\/div><div class=\"su-spoiler-content su-u-clearfix su-u-trim\"><\/p>\n<ol>\n<li>Das <strong>Nettomodell<\/strong> wird angewendet, wenn Sie sich <strong>aktiv daf\u00fcr entscheiden<\/strong>. Diese Entscheidung teilen Sie Ihrem Arbeitgeber schriftlich mit.<\/li>\n<li>Es bringt eine <strong>h\u00f6here Rente<\/strong>.<\/li>\n<li>Dies resultiert aus der zu beantragenden <strong>Riesterf\u00f6rderung<\/strong>.<\/li>\n<li>Dar\u00fcber hinaus zahlen Sie <strong>auf Ihre Betriebsrente weniger SV-Beitr\u00e4ge<\/strong>.<\/li>\n<li>Ein <strong>Wechsel<\/strong> ins Nettomodell ist <strong>jederzeit f\u00fcr die Zukunft m\u00f6glich<\/strong>.<\/li>\n<\/ol>\n<p><a href=\"https:\/\/zvk.meinezvk.de\/?page_id=311\" target=\"_blank\" rel=\"noopener noreferrer\" data-wpel-link=\"internal\"><strong>Gern beraten wir Sie<\/strong><\/a> und unterst\u00fctzen Sie bei Ihrer Entscheidungsfindung.<\/p>\n<p><strong>So treffen Sie die richtige Entscheidung.<\/strong><\/p>\n<p><\/div><\/div>\n","protected":false},"excerpt":{"rendered":"","protected":false},"author":1,"featured_media":0,"parent":387,"menu_order":0,"comment_status":"closed","ping_status":"closed","template":"","meta":{"footnotes":""},"class_list":["post-1669","page","type-page","status-publish","hentry"],"_links":{"self":[{"href":"https:\/\/zvk.meinezvk.de\/index.php?rest_route=\/wp\/v2\/pages\/1669","targetHints":{"allow":["GET"]}}],"collection":[{"href":"https:\/\/zvk.meinezvk.de\/index.php?rest_route=\/wp\/v2\/pages"}],"about":[{"href":"https:\/\/zvk.meinezvk.de\/index.php?rest_route=\/wp\/v2\/types\/page"}],"author":[{"embeddable":true,"href":"https:\/\/zvk.meinezvk.de\/index.php?rest_route=\/wp\/v2\/users\/1"}],"replies":[{"embeddable":true,"href":"https:\/\/zvk.meinezvk.de\/index.php?rest_route=%2Fwp%2Fv2%2Fcomments&post=1669"}],"version-history":[{"count":4,"href":"https:\/\/zvk.meinezvk.de\/index.php?rest_route=\/wp\/v2\/pages\/1669\/revisions"}],"predecessor-version":[{"id":145065,"href":"https:\/\/zvk.meinezvk.de\/index.php?rest_route=\/wp\/v2\/pages\/1669\/revisions\/145065"}],"up":[{"embeddable":true,"href":"https:\/\/zvk.meinezvk.de\/index.php?rest_route=\/wp\/v2\/pages\/387"}],"wp:attachment":[{"href":"https:\/\/zvk.meinezvk.de\/index.php?rest_route=%2Fwp%2Fv2%2Fmedia&parent=1669"}],"curies":[{"name":"wp","href":"https:\/\/api.w.org\/{rel}","templated":true}]}}