{"id":238,"date":"2015-03-12T11:24:10","date_gmt":"2015-03-12T10:24:10","guid":{"rendered":"http:\/\/zvk.meinezvk.de\/?page_id=238"},"modified":"2015-06-18T16:54:09","modified_gmt":"2015-06-18T14:54:09","slug":"glossary","status":"publish","type":"page","link":"https:\/\/zvk.meinezvk.de\/?page_id=238","title":{"rendered":"Von A-Z"},"content":{"rendered":"\n<div class=\"explanatory-dictionary-alphabet\"><a href=\"\/index.php?rest_route=%2Fwp%2Fv2%2Fpages%2F238&amp;Entgeltumwandlung-letter\" data-wpel-link=\"internal\"><\/a><\/div><br \/>\n\t<div class=\"explanatory-dictionary-entry\">\n\t\t<span class=\"explanatory-dictionary-entry-word\">Abschlussgeb\u00fchr<\/span>&nbsp;-&nbsp;\n\t\t<span class=\"explanatory-dictionary-entry-explanation\">Bei der ZVK Th\u00fcringen gibt es keine Abschlussgeb\u00fchren, da die Zusatzversorgung eine tarifvertragliche Leistung ist. Die ZVK Th\u00fcringen als \u00f6ffentlich-rechtliche Einrichtung der Tarifparteien sorgt f\u00fcr deren Umsetzung.\u00a0 Auch beim Abschluss einer Freiwilligen Versicherung sind diese, genau wie <a href=\"https:\/\/zvk.meinezvk.de\/?explandict=provisionen\" target=\"_blank\" data-wpel-link=\"internal\">Provisionen<\/a>, nicht vorgesehen.\r\n\r\n<span style=\"color: #ffffff;\">tzurrrrrrrrrrruuuuuuuuuuuuuuuuuuuuuuuuuuuuuuuuuuuuuuuuuuuuuuuuuuuuuuuuuuuuuuuuuuuuuuuuuuuuuuuuuuuuuuuuuuuuz<\/span><\/span>\n\t\t\t<\/div>\n\t<div class=\"explanatory-dictionary-entry\">\n\t\t<span class=\"explanatory-dictionary-entry-word\">Arbeitgeberwechsel<\/span>&nbsp;-&nbsp;\n\t\t<span class=\"explanatory-dictionary-entry-explanation\">Sie k\u00f6nnen die Freiwillige Versicherung in der Zusatzversorgungskasse auch nach Ihrem Ausscheiden aus dem Arbeitsverh\u00e4ltnis fortf\u00fchren. <span class=\"explanatory-dictionary-entry-explanation\">Dies m\u00fcssen Sie innerhalb von drei Monaten nach Beendigung Ihres Arbeitsverh\u00e4ltnisses bei der Zusatzversorgungskasse beantragen. <span style=\"color: #ffffff;\">...............................................................................................................................................................................................<\/span><\/span><\/span>\n\t\t\t<\/div>\n\t<div class=\"explanatory-dictionary-entry\">\n\t\t<span class=\"explanatory-dictionary-entry-word\">Auswirkungen auf die gesetzliche Rente<\/span>&nbsp;-&nbsp;\n\t\t<span class=\"explanatory-dictionary-entry-explanation\">Da Sie mit einer Entgeltumwandlung Ihr Bruttoentgelt senken, wird sich dadurch Ihre gesetzliche Rente minimal verringern. Zahlen Sie z.B. j\u00e4hrlich 1.200 \u20ac in Ihre Entgeltumwandlung, f\u00fchrt dies zu einer Verringerung der gesetzlichen Rente von ca. 1 \u20ac monatlich.\r\nDieser Verringerung steht immer eine deutlich h\u00f6here Zusatzrente aus der Entgeltumwandlung gegen\u00fcber.\r\n\r\n<span style=\"color: #ffffff;\">margin-top:25px; margin-bottom:10px; border-bottom: 2px solid #E2DCDC;<\/span><\/span>\n\t\t\t<\/div>\n\t<div class=\"explanatory-dictionary-entry\">\n\t\t<span class=\"explanatory-dictionary-entry-word\">Beitr\u00e4ge zur Kranken- und Pflegeversicherung<\/span>&nbsp;-&nbsp;\n\t\t<span class=\"explanatory-dictionary-entry-explanation\">Auch auf Ihre Betriebsrente sind Kranken-, Zusatz- und Pflegeversicherungsbeitr\u00e4ge zu entrichten, wenn Sie Ihre Beitr\u00e4ge aus dem Bruttoentgelt zahlen (Bruttomodell bzw. Entgeltumwandlung).\r\n\r\nBeitr\u00e4ge zur Krankenversicherung werden dann erhoben, wenn die Summe Ihrer Betriebsrenten die Freigrenze von monatlich 197,75 \u20ac (Stand 2026) \u00fcbersteigt. Ihre Krankenkasse teilt uns \u00fcber ein elektronisches Meldeverfahren alle notwendigen Informationen \u00fcber eine Beitragsabf\u00fchrungspflicht mit. Die ZVK als sogenannte Zahlstelle beh\u00e4lt dann monatlich die Beitr\u00e4ge von Ihrer Betriebsrente ein und f\u00fchrt diese an Ihre Krankenkasse ab. Sie m\u00fcssen uns nur \u00fcber einen Wechsel Ihrer Krankenkasse in Kenntnis setzen.\r\n\r\nBeitr\u00e4ge zur gesetzlichen Pflegeversicherung sind auf Ihre komplette Betriebsrente zu entrichten.\r\n\r\n<span style=\"color: #ffffff;\">......................................................................................\u00a0\u00a0\u00a0\u00a0\u00a0\u00a0\u00a0\u00a0\u00a0\u00a0\u00a0\u00a0\u00a0\u00a0\u00a0\u00a0\u00a0\u00a0\u00a0\u00a0\u00a0\u00a0\u00a0\u00a0\u00a0\u00a0\u00a0\u00a0\u00a0\u00a0\u00a0\u00a0\u00a0\u00a0\u00a0\u00a0\u00a0\u00a0\u00a0\u00a0\u00a0\u00a0\u00a0 ..................................................................<\/span><\/span>\n\t\t\t<\/div>\n\t<div class=\"explanatory-dictionary-entry\">\n\t\t<span class=\"explanatory-dictionary-entry-word\">Entgelt<\/span>&nbsp;-&nbsp;\n\t\t<span class=\"explanatory-dictionary-entry-explanation\">Nur das Entgelt aus Ihrem ersten Arbeitsverh\u00e4ltnis kann umgewandelt werden. Entgelt ist insbesondere die laufende Verg\u00fctung, die j\u00e4hrliche Sonderzuwendung und die verm\u00f6genswirksamen Leistungen. Eine Entgeltumwandlung ist nur f\u00fcr k\u00fcnftige Entgeltanspr\u00fcche m\u00f6glich.<span style=\"color: #ffffff;\">........................................................................................................................<\/span>\r\n\r\n<span style=\"color: #ffffff;\">margin-top:25px; margin-bottom:10px; border-bottom: 2px solid #E2DCDC;<\/span><\/span>\n\t\t\t<\/div>\n\t<div class=\"explanatory-dictionary-entry\">\n\t\t<span class=\"explanatory-dictionary-entry-word\">Grenzbetrag<\/span>&nbsp;-&nbsp;\n\t\t<span class=\"explanatory-dictionary-entry-explanation\">Der steuer- und sozialabgabenfreie Jahres-Grenzbetrag f\u00fcr eine Entgeltumwandlung im Jahr 2026 betr\u00e4gt 4.056 \u20ac. Dar\u00fcber hinaus k\u00f6nnen zus\u00e4tzlich noch einmal 4.056 \u20ac steuerfrei, aber sozialabgabenpflichtig, umgewandelt werden.\r\n\r\nZahlen Sie Beitr\u00e4ge in der Pflichtversicherung im Bruttomodell ein, so verringern diese Ihren zur Verf\u00fcgung stehenden Grenzbetrag. Gern errechnen wir Ihnen den m\u00f6glichen Beitrag.\r\n\r\n<span style=\"color: #ffffff;\">margin-top:25px; margin-bottom:10px; border-bottom: 2px solid #E2DCDC;<\/span><\/span>\n\t\t\t<\/div>\n\t<div class=\"explanatory-dictionary-entry\">\n\t\t<span class=\"explanatory-dictionary-entry-word\">Mindestbeitrag<\/span>&nbsp;-&nbsp;\n\t\t<span class=\"explanatory-dictionary-entry-explanation\">Der j\u00e4hrliche Mindestbeitrag f\u00fcr eine Entgeltumwandlung bel\u00e4uft sich f\u00fcr das Jahr 2026 auf 296,63 \u20ac. <span style=\"color: #ffffff;\">...........................................................................................................................................................................................................................<\/span><\/span>\n\t\t\t<\/div>\n\t<div class=\"explanatory-dictionary-entry\">\n\t\t<span class=\"explanatory-dictionary-entry-word\">Nachgelagerte Besteuerung<\/span>&nbsp;-&nbsp;\n\t\t<span class=\"explanatory-dictionary-entry-explanation\">Da in der Ansparphase keine Steuern gezahlt werden, ist die daraus resultierende Betriebsrente nachgelagert zu versteuern. Hinweis:\r\nDa im Alter i.d.R. das Einkommen geringer als w\u00e4hrend des Erwerbslebens ist, sind damit auch der Steuersatz und die Steuerlast geringer. <span style=\"color: #ffffff;\">......................................................................................................................................................................................<\/span><\/span>\n\t\t\t<\/div>\n\t<div class=\"explanatory-dictionary-entry\">\n\t\t<span class=\"explanatory-dictionary-entry-word\">Provisionen<\/span>&nbsp;-&nbsp;\n\t\t<span class=\"explanatory-dictionary-entry-explanation\">Bei der ZVK Th\u00fcringen fallen keine Provisionen an.\r\n\r\nSo profitieren Sie als Versicherter im vollen Umfang von den eingezahlten Beitr\u00e4gen.\r\n\r\n&nbsp;\r\n\r\n<span style=\"color: #ffffff;\">ewrqqqqqqqqqqqqqqqqqqqqqqqqqqqqqqqqqqqqqqqqqqqqqqqqqqqqqqqqqqqqqqqqqqqqqqq<\/span><\/span>\n\t\t\t<\/div>\n\t<div class=\"explanatory-dictionary-entry\">\n\t\t<span class=\"explanatory-dictionary-entry-word\">Rentenantrag<\/span>&nbsp;-&nbsp;\n\t\t<span class=\"explanatory-dictionary-entry-explanation\">Teilen Sie uns telefonisch mit, wenn absehbar ist, dass Sie in Rente gehen werden. Wir schicken Ihnen dann umgehend die notwendigen Unterlagen zu.\r\n\r\nDie Vorlage des Rentenbescheides der gesetzlichen Rentenversicherung ist nicht mehr erforderlich, da die Daten vom Rentenversicherungstr\u00e4ger automatisch \u00fcbermittelt werden. Weitere Informationen erhalten Sie <a href=\"https:\/\/zvk.meinezvk.de\/?page_id=163379\" target=\"_blank\" rel=\"noopener\" data-wpel-link=\"internal\">hier<\/a>.\r\n\r\nSind die Unterlagen komplett, werden wir die Rente festsetzen.\r\nSie k\u00f6nnen sich den Rentenantrag nat\u00fcrlich auch ganz bequem <a href=\"https:\/\/zvk.meinezvk.de\/?page_id=457\" target=\"_blank\" rel=\"noopener\" data-wpel-link=\"internal\">herunterladen<\/a>.\r\n\r\n<span style=\"color: #ffffff;\">..............................................................................................................<\/span><\/span>\n\t\t\t<\/div>\n\t<div class=\"explanatory-dictionary-entry\">\n\t\t<span class=\"explanatory-dictionary-entry-word\">Rentenbeginn<\/span>&nbsp;-&nbsp;\n\t\t<span class=\"explanatory-dictionary-entry-explanation\">Der Anspruch auf eine Betriebsrente entsteht immer dann, wenn auch ein Anspruch beim gesetzlichen Rentenversicherungstr\u00e4ger besteht und die weiteren Voraussetzungen (Wartezeit) erf\u00fcllt sind.\r\nDie Vorlage des Rentenbescheides der gesetzlichen Rentenversicherung ist nicht mehr erforderlich, da die Daten vom Rentenversicherungstr\u00e4ger automatisch \u00fcbermittelt werden. Weitere Informationen erhalten Sie <a href=\"https:\/\/zvk.meinezvk.de\/?page_id=163379\" target=\"_blank\" rel=\"noopener\" data-wpel-link=\"internal\">hier<\/a>.\r\n\r\nSollten Sie keine Rente aus der gesetzlichen Rentenversicherung erhalten, setzen Sie sich bitte telefonisch oder schriftlich mit uns in Verbindung. In diesem Fall erfolgt eine gesonderte Pr\u00fcfung Ihrer Anspruchsvoraussetzungen auf eine Betriebsrente. Gehen Sie vor Ihrem gesetzlichen Regelrenteneintrittsalter in Rente, ist mit <a href=\"https:\/\/zvk.meinezvk.de\/?explandict=abschlaege\" target=\"_blank\" rel=\"noopener\" data-wpel-link=\"internal\">Abschl\u00e4gen<\/a> zu rechnen.\r\n\r\n<span style=\"color: #ffffff;\">...............................................................................................................................................................................<\/span><\/span>\n\t\t\t<\/div>\n\t<div class=\"explanatory-dictionary-entry\">\n\t\t<span class=\"explanatory-dictionary-entry-word\">Verm\u00f6genswirksame Leistungen (VwL)<\/span>&nbsp;-&nbsp;\n\t\t<span class=\"explanatory-dictionary-entry-explanation\">Gern k\u00f6nnen Sie auch Ihre verm\u00f6genswirksamen Leistungen in Ihren Entgeltumwandlungsvertrag flie\u00dfen lassen. Dadurch verschenken Sie keinen Cent dieser Leistung und k\u00f6nnen gleichzeitig Ihren eigenen Beitrag senken.\r\n\r\nVereinbaren Sie gleich beim Abschluss des Vertrages zur Entgeltumwandlung die Ber\u00fccksichtigung Ihrer VwL.\r\n\r\n<span style=\"color: #ffffff;\">margin-top:25px; margin-bottom:10px; border-bottom: 2px solid #E2DCDC;<\/span><\/span>\n\t\t\t<\/div>\n\t<div class=\"explanatory-dictionary-entry\">\n\t\t<span class=\"explanatory-dictionary-entry-word\">Versicherungsnachweis<\/span>&nbsp;-&nbsp;\n\t\t<span class=\"explanatory-dictionary-entry-explanation\">Sie erhalten einmal j\u00e4hrlich einen Versicherungsnachweis. Diesem k\u00f6nnen Sie entnehmen, wie hoch Ihre derzeitige Anwartschaft auf eine monatliche Betriebsrente ist.\r\nSomit haben Sie immer Alles im \u00dcberblick und k\u00f6nnen vergleichen, wie Ihr Versorgungskonto von Jahr zu Jahr w\u00e4chst.\r\n\r\n<span style=\"color: #ffffff;\">.......................................................................................................................................<\/span><\/span>\n\t\t\t<\/div>\n\n\n\n\n\n\n\n\n\n\n\n\n\n\n\n\n\n\n\n\n\n\n\n\n\n\n\n\n\n\n\n\n","protected":false},"excerpt":{"rendered":"","protected":false},"author":7,"featured_media":0,"parent":253,"menu_order":0,"comment_status":"open","ping_status":"open","template":"","meta":{"footnotes":""},"class_list":["post-238","page","type-page","status-publish","hentry"],"_links":{"self":[{"href":"https:\/\/zvk.meinezvk.de\/index.php?rest_route=\/wp\/v2\/pages\/238","targetHints":{"allow":["GET"]}}],"collection":[{"href":"https:\/\/zvk.meinezvk.de\/index.php?rest_route=\/wp\/v2\/pages"}],"about":[{"href":"https:\/\/zvk.meinezvk.de\/index.php?rest_route=\/wp\/v2\/types\/page"}],"author":[{"embeddable":true,"href":"https:\/\/zvk.meinezvk.de\/index.php?rest_route=\/wp\/v2\/users\/7"}],"replies":[{"embeddable":true,"href":"https:\/\/zvk.meinezvk.de\/index.php?rest_route=%2Fwp%2Fv2%2Fcomments&post=238"}],"version-history":[{"count":4,"href":"https:\/\/zvk.meinezvk.de\/index.php?rest_route=\/wp\/v2\/pages\/238\/revisions"}],"predecessor-version":[{"id":420,"href":"https:\/\/zvk.meinezvk.de\/index.php?rest_route=\/wp\/v2\/pages\/238\/revisions\/420"}],"up":[{"embeddable":true,"href":"https:\/\/zvk.meinezvk.de\/index.php?rest_route=\/wp\/v2\/pages\/253"}],"wp:attachment":[{"href":"https:\/\/zvk.meinezvk.de\/index.php?rest_route=%2Fwp%2Fv2%2Fmedia&parent=238"}],"curies":[{"name":"wp","href":"https:\/\/api.w.org\/{rel}","templated":true}]}}