{"id":380,"date":"2015-03-18T10:31:38","date_gmt":"2015-03-18T09:31:38","guid":{"rendered":"http:\/\/zvk.meinezvk.de\/?page_id=380"},"modified":"2021-12-27T17:03:09","modified_gmt":"2021-12-27T16:03:09","slug":"ihre-betriebsrente","status":"publish","type":"page","link":"https:\/\/zvk.meinezvk.de\/?page_id=380","title":{"rendered":"Ihre Betriebsrente (Pflichtversicherung)"},"content":{"rendered":"<p><strong>Eine optimale Absicherung im Alter<\/strong> ist laut Umfrage eines der wichtigsten Ziele der meisten Besch\u00e4ftigten.<strong> Als Besch\u00e4ftigter im kommunalen \u00f6ffentlichen Dienst<\/strong> in Th\u00fcringen <strong>kommen Sie in den Genuss einer starken zus\u00e4tzlichen Altersversorgung<\/strong>.<br \/>\nDarauf haben Sie einen Anspruch.<\/p>\n<p>Die<strong> ZVK Th\u00fcringen<\/strong> unterst\u00fctzt Sie dabei als kompetenter Partner. Mit<\/p>\n<ul>\n<li>ca. 104.000 Versicherten und<\/li>\n<li>ca. 880 Mitgliedern\/Arbeitgebern<\/li>\n<\/ul>\n<p>verf\u00fcgen wir \u00fcber eine gro\u00dfe Solidargemeinschaft als breite Basis f\u00fcr Ihre betriebliche Altersvorsorge.<\/p>\n<p><strong>Durch Ihre T\u00e4tigkeit<\/strong> bei einem unserer Mitglieder sind Sie <strong>automatisch bei uns versichert<\/strong> \u2013 Sie m\u00fcssen sich um nichts k\u00fcmmern. In Zusammenarbeit mit Ihrem Arbeitgeber \u00fcbernimmt die ZVK alle Formalit\u00e4ten rund um Ihre Zusatzversorgung.<\/p>\n<p><strong>Der Aufbau einer zus\u00e4tzlichen Altersvorsorge ist heute wichtiger denn je<\/strong>, um das Absinken des Rentenniveaus der gesetzlichen Rentenversicherung aufzufangen. Zudem erwerben Sie auch Anspr\u00fcche f\u00fcr die Erwerbsminderungs- und Hinterbliebenenversorgung.<br \/>\n<strong>Bei allen Fragen zur Thematik stehen wir Ihnen zur Seite.<\/strong><\/p>\n<div class=\"su-service\"><div class=\"su-service-title\" style=\"padding-left:44px;min-height:30px;line-height:30px\"><i class=\"sui sui-info\" style=\"font-size:30px;color:#0099cc\"><\/i> Sch\u00f6n zu wissen:<\/div><div class=\"su-service-content su-u-clearfix su-u-trim\" style=\"padding-left:44px\">Ihr Arbeitgeber unterst\u00fctzt Sie beim Aufbau Ihrer Betriebsrente und tr\u00e4gt die Hauptlast der Beitr\u00e4ge.<\/div><\/div>\n","protected":false},"excerpt":{"rendered":"<p>Eine optimale Absicherung im Alter ist laut Umfrage eines der wichtigsten Ziele der meisten Besch\u00e4ftigten. Als Besch\u00e4ftigter im kommunalen \u00f6ffentlichen Dienst in Th\u00fcringen kommen Sie in den Genuss einer starken zus\u00e4tzlichen Altersversorgung. Darauf haben&#46;&#46;&#46;<\/p>\n","protected":false},"author":7,"featured_media":0,"parent":0,"menu_order":0,"comment_status":"open","ping_status":"closed","template":"","meta":{"footnotes":""},"class_list":["post-380","page","type-page","status-publish","hentry"],"_links":{"self":[{"href":"https:\/\/zvk.meinezvk.de\/index.php?rest_route=\/wp\/v2\/pages\/380","targetHints":{"allow":["GET"]}}],"collection":[{"href":"https:\/\/zvk.meinezvk.de\/index.php?rest_route=\/wp\/v2\/pages"}],"about":[{"href":"https:\/\/zvk.meinezvk.de\/index.php?rest_route=\/wp\/v2\/types\/page"}],"author":[{"embeddable":true,"href":"https:\/\/zvk.meinezvk.de\/index.php?rest_route=\/wp\/v2\/users\/7"}],"replies":[{"embeddable":true,"href":"https:\/\/zvk.meinezvk.de\/index.php?rest_route=%2Fwp%2Fv2%2Fcomments&post=380"}],"version-history":[{"count":11,"href":"https:\/\/zvk.meinezvk.de\/index.php?rest_route=\/wp\/v2\/pages\/380\/revisions"}],"predecessor-version":[{"id":163005,"href":"https:\/\/zvk.meinezvk.de\/index.php?rest_route=\/wp\/v2\/pages\/380\/revisions\/163005"}],"wp:attachment":[{"href":"https:\/\/zvk.meinezvk.de\/index.php?rest_route=%2Fwp%2Fv2%2Fmedia&parent=380"}],"curies":[{"name":"wp","href":"https:\/\/api.w.org\/{rel}","templated":true}]}}