{"id":475,"date":"2015-03-19T14:53:11","date_gmt":"2015-03-19T13:53:11","guid":{"rendered":"http:\/\/zvk.meinezvk.de\/?page_id=475"},"modified":"2015-06-18T16:54:09","modified_gmt":"2015-06-18T14:54:09","slug":"rentenrechner","status":"publish","type":"page","link":"https:\/\/zvk.meinezvk.de\/?page_id=475","title":{"rendered":"Entgeltumwandlung"},"content":{"rendered":"<p><script src=\"http:\/\/www.kvt-zvk.de\/fileadmin\/templates\/js\/entgeltumwandlung.js\" type=\"text\/javascript\"><\/script><script src=\"t3lib\/jsfunc.validateform.js\" type=\"text\/javascript\"><\/script><br \/>\nEntgeltumwandlung<\/p>\n<div id=\"eingabe\" style=\"display: block;\">\n<form action=\"\" name=\"fDaten\">\n<table style=\"width: 589px; height: 269px;\" border=\"0\" summary=\"\">\n<tbody>\n<tr>\n<td style=\"font-weight: bold;\"><big>Geburtsdatum:<\/big><\/td>\n<td>\n<div style=\"text-align: center;\"><\/div>\n<table border=\"0\" summary=\"\">\n<tbody>\n<tr>\n<td style=\"vertical-align: top; text-align: center;\">TT<\/td>\n<td style=\"vertical-align: top; text-align: center;\"><\/td>\n<td style=\"vertical-align: top; text-align: center;\">MM<\/td>\n<td style=\"vertical-align: top; text-align: center;\"><\/td>\n<td style=\"vertical-align: top; text-align: center;\">JJJJ<\/td>\n<td style=\"vertical-align: top;\"><\/td>\n<\/tr>\n<tr>\n<td style=\"text-align: center;\"><input id=\"inputGebTag\" maxlength=\"2\" name=\"GebTag\" size=\"2\" type=\"text\" value=\"\" \/><\/td>\n<td style=\"text-align: center;\"><\/td>\n<td style=\"text-align: center;\"><input id=\"inputGebMonat\" maxlength=\"2\" name=\"GebMonat\" size=\"2\" type=\"text\" value=\"\" \/><\/td>\n<td style=\"text-align: center;\"><\/td>\n<td style=\"text-align: center;\"><input id=\"inputGebJahr\" maxlength=\"4\" name=\"GebJahr\" size=\"3\" type=\"text\" value=\"\" \/><\/td>\n<td><\/td>\n<\/tr>\n<\/tbody>\n<\/table>\n<\/td>\n<\/tr>\n<tr>\n<td style=\"font-weight: bold;\"><big>Gew\u00fcnschter<br \/>\nVersicherungsbeginn:<\/big><\/td>\n<td>\n<table border=\"0\" summary=\"\">\n<tbody>\n<tr>\n<td>Zum 01.<\/td>\n<td><span id=\"spanSelectMonth\"><br \/>\n<select id=\"selectMonth\" name=\"vers_beginn_monat\" size=\"1\"><option>1<\/option><option>2<\/option><option>3<\/option><option>4<\/option><option>5<\/option><option>6<\/option><option>7<\/option><option>8<\/option><option>9<\/option><option>10<\/option><option>11<\/option><option>12<\/option><\/select><br \/>\n<\/span><\/td>\n<td><span id=\"spanSelectYear\"><br \/>\n<select id=\"selectYear\" name=\"vers_beginn_jahr\" size=\"1\"><option>2008<\/option><option>2009<\/option><\/select><br \/>\n<\/span><\/td>\n<\/tr>\n<\/tbody>\n<\/table>\n<\/td>\n<\/tr>\n<p><!--\n\n\n<tr>\n\n\n<td>Gew\u00fcnschte Risikoabsicherung neben der Altersrente:<\/td>\n\n\n\n\n<td>\n\n\n<table summary=\"\" border=\"0\">\n\n\n<tbody>\n\n\n<tr>\n\n\n<td><input id=\"inputRisikoEM\" class=\"csc-mailform-check\" name=\"cb_EM\" value=\"EM\" type=\"checkbox\"><\/td>\n\n\n\n\n<td><label for=\"inputRisikoEM\">Erwerbsminderung<\/label><\/td>\n\n\n\n\n<td><input id=\"inputRisikoHB\" class=\"csc-mailform-check\" name=\"cb_HB\" value=\"HB\" type=\"checkbox\"><\/td>\n\n\n\n\n<td><label for=\"inputRisikoHB\">Hinterbliebene<\/label><\/td>\n\n\n<\/tr>\n\n\n<\/tbody>\n\n\n<\/table>\n\n\n<\/td>\n\n\n\n\n<td><a class=\"tooltip\" href=\"#\"><img decoding=\"async\" src=\"http:\/\/www.kvt-zvk.de\/fileadmin\/templates\/images\/info_blue.png\" alt=\"\" title=\"\" border=\"0\"><span>Entscheiden\n\nSie hier, welche Risiken Sie zus\u00e4tzlich zur Altersvorsorge absichern\n\nwollen. Eine Erwerbsminderungsrente oder Hinterbliebenenrente erhalten\n\nSie, wenn Sie anspruchsberechtigt im Sinne der gesetzlichen\n\nRentenversicherung sind. Die Varianten sind einzeln, aber auch in\n\nKombination m\u00f6glich.<\/span><\/a><\/td>\n\n\n<\/tr>\n\n\n--><\/p>\n<tr>\n<td style=\"font-weight: bold;\"><big>Renteneintrittsalter:<\/big><\/td>\n<td>\n<table border=\"0\" summary=\"\">\n<tbody>\n<tr>\n<td><input id=\"inputRenteDef\" class=\"csc-mailform-radio\" name=\"rb_Rentenbeginn\" type=\"radio\" value=\"GesRente\" \/><\/td>\n<td><label for=\"inputRenteDef\">Gesetzliche<br \/>\nRegelaltersrente<\/label><\/td>\n<\/tr>\n<\/tbody>\n<\/table>\n<\/td>\n<\/tr>\n<tr>\n<td><\/td>\n<td>\n<table border=\"0\" summary=\"\">\n<tbody>\n<tr>\n<td style=\"vertical-align: top;\"><\/td>\n<td style=\"vertical-align: top;\"><\/td>\n<td style=\"vertical-align: top; text-align: center;\">JJ<\/td>\n<td style=\"vertical-align: top; text-align: center;\"><\/td>\n<td style=\"vertical-align: top; text-align: center;\">MM<\/td>\n<td style=\"vertical-align: top;\"><\/td>\n<\/tr>\n<tr>\n<td><input id=\"inputRenteUser\" class=\"csc-mailform-radio\" name=\"rb_Rentenbeginn\" type=\"radio\" value=\"BenRente\" \/><\/td>\n<td><label for=\"inputRenteUser\">Benutzerdefiniert<\/label><\/td>\n<td style=\"text-align: center;\"><input id=\"inputRenteUserJahr\" maxlength=\"2\" name=\"rente_user_jahr\" size=\"2\" type=\"text\" value=\"\" \/><\/td>\n<td style=\"text-align: center;\"><\/td>\n<td style=\"text-align: center;\"><input id=\"inputRenteUserMonat\" maxlength=\"2\" name=\"rente_user_monat\" size=\"2\" type=\"text\" value=\"\" \/><\/td>\n<td><\/td>\n<\/tr>\n<\/tbody>\n<\/table>\n<\/td>\n<\/tr>\n<tr>\n<td style=\"font-weight: bold;\"><big>Gew\u00fcnschter Betrag in \u20ac:<\/big><\/td>\n<td>\n<table border=\"0\" summary=\"\">\n<tbody>\n<tr>\n<td><input id=\"inputBetragVK\" maxlength=\"4\" name=\"betrag_vk\" size=\"3\" type=\"text\" value=\"\" \/><\/td>\n<\/tr>\n<\/tbody>\n<\/table>\n<\/td>\n<\/tr>\n<tr>\n<td style=\"font-weight: bold;\"><big>Zahlungsrhythmus<\/big><\/td>\n<td>\n<table style=\"width: 179px; height: 56px;\" border=\"0\" summary=\"\">\n<tbody>\n<tr>\n<td><input id=\"inputZRmon\" class=\"csc-mailform-radio\" name=\"rb_Zahlung\" type=\"radio\" value=\"ZRmon\" \/><\/td>\n<td><label for=\"inputZRmon\">monatlich<\/label><\/td>\n<td><input id=\"inputZRvj\" class=\"csc-mailform-radio\" name=\"rb_Zahlung\" type=\"radio\" value=\"ZRvj\" \/><\/td>\n<td><label for=\"inputZRvj\">viertelj\u00e4hrlich<\/label><\/td>\n<\/tr>\n<tr>\n<td style=\"vertical-align: top;\"><input id=\"inputZRhj\" class=\"csc-mailform-radio\" name=\"rb_Zahlung\" type=\"radio\" value=\"ZRhj\" \/><\/td>\n<td style=\"vertical-align: top;\"><label for=\"inputZRhj\">halbj\u00e4hrlich<\/label><\/td>\n<td style=\"vertical-align: top;\"><input id=\"inputZRj\" class=\"csc-mailform-radio\" name=\"rb_Zahlung\" type=\"radio\" value=\"ZRj\" \/><\/td>\n<td style=\"vertical-align: top;\"><label for=\"inputZRj\">j\u00e4hrlich<\/label><\/td>\n<\/tr>\n<\/tbody>\n<\/table>\n<\/td>\n<\/tr>\n<tr>\n<td style=\"font-weight: bold;\"><big>Beitrag aus j\u00e4hrlicher<\/p>\n<p>Sonderzuwendung in \u20ac:<\/big><\/td>\n<td>\n<table border=\"0\" summary=\"\">\n<tbody>\n<tr>\n<td><input id=\"inputSonderVK\" maxlength=\"4\" name=\"sonder_vk\" size=\"3\" type=\"text\" value=\"\" \/><\/td>\n<\/tr>\n<\/tbody>\n<\/table>\n<\/td>\n<\/tr>\n<tr>\n<td style=\"text-align: right;\" colspan=\"1\">\n<p><input id=\"ButtonWeiter\" name=\"weiter\" type=\"button\" value=\"weiter\" \/><\/td>\n<td style=\"vertical-align: top;\" colspan=\"1\"><\/td>\n<\/tr>\n<\/tbody>\n<\/table>\n<\/form>\n<\/div>\n<div id=\"warten\" style=\"display: none; text-align: center;\">\n<p><img decoding=\"async\" title=\"Bitte warten\" src=\"http:\/\/www.kvt-zvk.de\/fileadmin\/templates\/images\/loading.gif\" alt=\"Bitte warten\" border=\"0\" \/><\/p>\n<p>Bitte warten, Ihre Daten werden berechnet&#8230;<\/p><\/div>\n<div id=\"ausgabe\" style=\"display: none;\">\n<form action=\"\" name=\"fAusgabe\">\n<table style=\"width: 100%;\" border=\"0\" summary=\"\">\n<tbody>\n<tr>\n<td colspan=\"2\">Auf Grundlage Ihrer Angaben k\u00f6nnen wir Ihnen<br \/>\nfolgendes Angebot unterbreiten.<\/p>\n<p>Ihre Daten:<\/p>\n<table style=\"width: 100%;\" border=\"0\" summary=\"\">\n<tbody>\n<tr>\n<td>\n<ul>\n<li>Geburtsdatum: <span id=\"outputGebDatum\"><\/span><\/li>\n<li>Vertragsbeginn: <span id=\"outputVertrBeg\"><\/span><\/li>\n<\/ul>\n<p>&nbsp;<\/td>\n<td>\n<ul>\n<li>Rentenbeginn: <span id=\"RentenBeginn\"><\/span><\/li>\n<li>Umzuwandelnder Bruttobeitrag\n<p>(Jahressumme): <span id=\"outputJahresbeitrag\"><\/span>\u00a0\u20ac<\/li>\n<\/ul>\n<p>&nbsp;<\/td>\n<\/tr>\n<\/tbody>\n<\/table>\n<p>Unser individuelles Angebot f\u00fcr Sie inkl. der <b>garantierten<\/b><br \/>\nRentenh\u00f6hen:<\/td>\n<\/tr>\n<tr>\n<td><b>Maximale Risikoabsicherung<\/b><\/td>\n<td><b>Weitere Varianten<\/b><\/td>\n<\/tr>\n<tr>\n<td style=\"text-align: left; vertical-align: top;\">\n<table>\n<tbody>\n<tr>\n<td>Betriebsrente (Altersvorsorge, Erwerbsminderungs- und<br \/>\nHinterbliebenenschutz):<\/td>\n<\/tr>\n<tr>\n<td><b><span id=\"BetriebsRente_HB_EM\"><\/span>\u00a0\u20ac <\/b>monatliche<br \/>\nRente<\/td>\n<\/tr>\n<tr>\n<td><\/td>\n<\/tr>\n<tr>\n<td><\/td>\n<\/tr>\n<tr>\n<td><\/td>\n<\/tr>\n<tr>\n<td><\/td>\n<\/tr>\n<tr>\n<td><\/td>\n<\/tr>\n<tr>\n<td><\/td>\n<\/tr>\n<\/tbody>\n<\/table>\n<p>&nbsp;<\/td>\n<td style=\"text-align: left; vertical-align: top;\">\n<table>\n<tbody>\n<tr>\n<td>Betriebsrente (Altersvorsorge mit<br \/>\nHinterbliebenenschutz):<\/td>\n<\/tr>\n<tr>\n<td><b><span id=\"BetriebsRente_HB\"><\/span>\u00a0\u20ac<\/b><br \/>\nmonatliche Rente<\/td>\n<\/tr>\n<tr>\n<td><\/td>\n<\/tr>\n<tr>\n<td>Betriebsrente (Altersvorsorge mit<br \/>\nErwerbsminderungsschutz):<\/td>\n<\/tr>\n<tr>\n<td><b><span id=\"BetriebsRente_EM\"><\/span>\u00a0\u20ac<\/b><br \/>\nmonatliche Rente<\/td>\n<\/tr>\n<tr>\n<td><\/td>\n<\/tr>\n<tr>\n<td>Betriebsrente (nur eigene Altersversorgung, maximale<br \/>\nLeistung):<\/td>\n<\/tr>\n<tr>\n<td><b><span id=\"BetriebsRente\"><\/span>\u00a0\u20ac<\/b><br \/>\nmonatliche Rente<\/td>\n<\/tr>\n<\/tbody>\n<\/table>\n<p>&nbsp;<\/td>\n<\/tr>\n<tr>\n<td colspan=\"2\">\n<p>Diese Ergebnisse beruhen auf Ihren Angaben. Sie sind unverbindlich und<br \/>\ndienen lediglich der Orientierung. Bei Interesse an einer<br \/>\nEntgeltumwandlung erstellen wir Ihnen gern ein schriftliches Angebot.<\/td>\n<\/tr>\n<tr>\n<td style=\"text-align: right;\" colspan=\"2\">\n<p><input id=\"ButtonZurueck\" name=\"zurueck\" type=\"button\" value=\"Zur\u00fcck zur Eingabe\" \/> <input id=\"ButtonAngebot\" name=\"angebot\" type=\"button\" value=\"Angebot jetzt anfordern!\" \/><\/td>\n<\/tr>\n<\/tbody>\n<\/table>\n<\/form>\n<\/div>\n<div id=\"div_angebot\" style=\"display: none;\">\n<h2>Angebot jetzt anfordern<\/h2>\n<p>&nbsp;<\/p>\n<form action=\"index.php?id=57\" method=\"post\" name=\"fAngebot\">\n<div>\n<div class=\"mailformLabel\"><label for=\"mailformVersicherungsnummer\">Versicherungsnummer:<\/label><\/div>\n<p><input id=\"mailformVersicherungsnummer\" maxlength=\"7\" name=\"Versicherungsnummer\" size=\"32\" type=\"text\" value=\"\" \/><\/p>\n<div class=\"mailformLabel\"><label for=\"mailformAnrede\">Anrede:<\/label><\/div>\n<p><select id=\"mailformAnrede\" name=\"Anrede\" size=\"1\"><option value=\"Herr\">Herr<\/option><option value=\"Frau\">Frau<\/option><\/select><\/p>\n<div class=\"mailformLabel\"><label for=\"mailformTitel\">Titel:<\/label><\/div>\n<p><input id=\"mailformTitel\" name=\"Titel\" size=\"60\" type=\"text\" value=\"\" \/><\/p>\n<div><label for=\"mailformVorname\">Vorname:*<\/label><\/div>\n<p><input id=\"mailformVorname\" name=\"Vorname\" size=\"60\" type=\"text\" value=\"\" \/><\/p>\n<div><label for=\"mailformNachname\">Nachname:*<\/label><\/div>\n<p><input id=\"mailformNachname\" name=\"Nachname\" size=\"60\" type=\"text\" value=\"\" \/><\/p>\n<div><label for=\"mailformStrasse_Hausnummer\">Stra\u00dfe, Hausnummer:*<\/label><\/div>\n<p><input id=\"mailformStrasse_Hausnummer\" name=\"Strasse_Hausnummer\" size=\"60\" type=\"text\" value=\"\" \/><\/p>\n<div class=\"mailformLabel\"><label for=\"mailformPLZ_Wohnort\">PLZ,<br \/>\nWohnort:*<\/label><\/div>\n<p><input id=\"mailformPLZ_Wohnort\" name=\"PLZ_Wohnort\" size=\"60\" type=\"text\" value=\"\" \/><\/p>\n<div class=\"mailformLabel\"><label for=\"mailformTelefon\">Telefon:<\/label><\/div>\n<p><input id=\"mailformTelefon\" name=\"Telefon\" size=\"60\" type=\"text\" value=\"\" \/><\/p>\n<fieldset id=\"mailformDatenschutz\">\n<legend>Datenschutzbestimmungen<br \/>\nakzeptieren<\/legend>\n<p><input id=\"mailformDatenschutzja\" class=\"csc-mailform-radio\" name=\"Datenschutz\" type=\"radio\" value=\"ja\" \/> <label for=\"mailformDatenschutzja\">ja<\/label><\/fieldset>\n<\/div>\n<p><input id=\"idGebDat\" name=\"GebDat\" type=\"hidden\" value=\"\" \/> <input id=\"idVersBeginn\" name=\"VersBeginn\" type=\"hidden\" value=\"\" \/> <input id=\"idEM\" name=\"Erwerbsminderung\" type=\"hidden\" value=\"\" \/> <input id=\"idHB\" name=\"Hinterbliebene\" type=\"hidden\" value=\"\" \/> <input id=\"idEMHB\" name=\"KeinRisiko\" type=\"hidden\" value=\"\" \/> <input id=\"idRentenAlterM\" name=\"RentenAlterMonat\" type=\"hidden\" value=\"\" \/> <input id=\"idRentenAlterJ\" name=\"RentenAlterJahr\" type=\"hidden\" value=\"\" \/> <input id=\"idBetrag\" name=\"Betrag\" type=\"hidden\" value=\"\" \/> <input id=\"idRate\" name=\"Rate\" type=\"hidden\" value=\"\" \/> <input id=\"idSonderbetrag\" name=\"Sonderbetrag\" type=\"hidden\" value=\"\" \/> <input name=\"action\" type=\"hidden\" value=\"sendOfferRequest\" \/> <input id=\"ButtonZurueck2\" name=\"zurueck\" type=\"button\" value=\"Zur\u00fcck\" \/> <input id=\"mailformformtype_mail\" class=\"csc-mailform-submit\" name=\"formtype_mail\" type=\"submit\" value=\"Abschicken\" \/><\/p>\n<\/form>\n<\/div>\n<p><script type=\"text\/javascript\">\/\/ <![CDATA[\nonLoadToDo();\n\/\/ ]]><\/script><\/p>\n","protected":false},"excerpt":{"rendered":"<p>Entgeltumwandlung Geburtsdatum: TT MM JJJJ Gew\u00fcnschter Versicherungsbeginn: Zum 01. 123456789101112 20082009 Renteneintrittsalter: Gesetzliche Regelaltersrente JJ MM Benutzerdefiniert Gew\u00fcnschter Betrag in \u20ac: Zahlungsrhythmus monatlich viertelj\u00e4hrlich halbj\u00e4hrlich j\u00e4hrlich Beitrag aus j\u00e4hrlicher Sonderzuwendung in \u20ac: Bitte warten,&#46;&#46;&#46;<\/p>\n","protected":false},"author":7,"featured_media":0,"parent":0,"menu_order":0,"comment_status":"open","ping_status":"closed","template":"","meta":{"footnotes":""},"class_list":["post-475","page","type-page","status-publish","hentry"],"_links":{"self":[{"href":"https:\/\/zvk.meinezvk.de\/index.php?rest_route=\/wp\/v2\/pages\/475","targetHints":{"allow":["GET"]}}],"collection":[{"href":"https:\/\/zvk.meinezvk.de\/index.php?rest_route=\/wp\/v2\/pages"}],"about":[{"href":"https:\/\/zvk.meinezvk.de\/index.php?rest_route=\/wp\/v2\/types\/page"}],"author":[{"embeddable":true,"href":"https:\/\/zvk.meinezvk.de\/index.php?rest_route=\/wp\/v2\/users\/7"}],"replies":[{"embeddable":true,"href":"https:\/\/zvk.meinezvk.de\/index.php?rest_route=%2Fwp%2Fv2%2Fcomments&post=475"}],"version-history":[{"count":11,"href":"https:\/\/zvk.meinezvk.de\/index.php?rest_route=\/wp\/v2\/pages\/475\/revisions"}],"predecessor-version":[{"id":480,"href":"https:\/\/zvk.meinezvk.de\/index.php?rest_route=\/wp\/v2\/pages\/475\/revisions\/480"}],"wp:attachment":[{"href":"https:\/\/zvk.meinezvk.de\/index.php?rest_route=%2Fwp%2Fv2%2Fmedia&parent=475"}],"curies":[{"name":"wp","href":"https:\/\/api.w.org\/{rel}","templated":true}]}}