{"id":490,"date":"2015-03-26T13:51:29","date_gmt":"2015-03-26T12:51:29","guid":{"rendered":"http:\/\/zvk.meinezvk.de\/?page_id=490"},"modified":"2015-07-14T10:24:32","modified_gmt":"2015-07-14T08:24:32","slug":"wir-sind-auch-nach-dem-erwerbsleben-fuer-sie-da","status":"publish","type":"page","link":"https:\/\/zvk.meinezvk.de\/?page_id=490","title":{"rendered":"Wir sind auch nach dem Erwerbsleben f\u00fcr Sie da!"},"content":{"rendered":"<div id=\"c22\" class=\"csc-default\">\n<p>Nat\u00fcrlich m\u00f6chte Sie die Zusatzversorgungkasse Th\u00fcringen auch <strong>nach Ihrem aktiven Berufsleben<\/strong> weiterhin begleiten. Deshalb stehen wir Ihnen als serviceorientiertes Unternehmen weiterhin gern zur Verf\u00fcgung und mit Rat und Tat zur Seite.<\/p>\n<p><img loading=\"lazy\" decoding=\"async\" class=\"aligncenter size-full wp-image-531\" src=\"http:\/\/zvk.meinezvk.de\/wp-content\/uploads\/sites\/2\/2015\/03\/rentner.png\" alt=\"rentner\" width=\"700\" height=\"315\" srcset=\"https:\/\/zvk.meinezvk.de\/wp-content\/uploads\/sites\/2\/2015\/03\/rentner.png 700w, https:\/\/zvk.meinezvk.de\/wp-content\/uploads\/sites\/2\/2015\/03\/rentner-300x135.png 300w, https:\/\/zvk.meinezvk.de\/wp-content\/uploads\/sites\/2\/2015\/03\/rentner-600x270.png 600w\" sizes=\"auto, (max-width: 700px) 100vw, 700px\" \/>Die folgenden Informationen sollen Ihnen helfen, auch in Zukunft Ihre Betriebsrente m\u00f6glichst sorgenfrei genie\u00dfen zu k\u00f6nnen.<\/p>\n<p><strong>Haben Sie Fragen in Bezug auf Ihre Betriebsrente?<\/strong><br \/>\n<a title=\"Ansprechpartner\" href=\"http:\/\/zvk.meinezvk.de\/?page_id=311\" data-wpel-link=\"internal\"><strong>Kontaktieren Sie uns<\/strong><\/a>! Wir beraten Sie gern.<\/p>\n<\/div>\n","protected":false},"excerpt":{"rendered":"<p>Nat\u00fcrlich m\u00f6chte Sie die Zusatzversorgungkasse Th\u00fcringen auch nach Ihrem aktiven Berufsleben weiterhin begleiten. Deshalb stehen wir Ihnen als serviceorientiertes Unternehmen weiterhin gern zur Verf\u00fcgung und mit Rat und Tat zur Seite. Die folgenden Informationen&#46;&#46;&#46;<\/p>\n","protected":false},"author":7,"featured_media":0,"parent":0,"menu_order":0,"comment_status":"open","ping_status":"closed","template":"","meta":{"footnotes":""},"class_list":["post-490","page","type-page","status-publish","hentry"],"_links":{"self":[{"href":"https:\/\/zvk.meinezvk.de\/index.php?rest_route=\/wp\/v2\/pages\/490","targetHints":{"allow":["GET"]}}],"collection":[{"href":"https:\/\/zvk.meinezvk.de\/index.php?rest_route=\/wp\/v2\/pages"}],"about":[{"href":"https:\/\/zvk.meinezvk.de\/index.php?rest_route=\/wp\/v2\/types\/page"}],"author":[{"embeddable":true,"href":"https:\/\/zvk.meinezvk.de\/index.php?rest_route=\/wp\/v2\/users\/7"}],"replies":[{"embeddable":true,"href":"https:\/\/zvk.meinezvk.de\/index.php?rest_route=%2Fwp%2Fv2%2Fcomments&post=490"}],"version-history":[{"count":4,"href":"https:\/\/zvk.meinezvk.de\/index.php?rest_route=\/wp\/v2\/pages\/490\/revisions"}],"predecessor-version":[{"id":965,"href":"https:\/\/zvk.meinezvk.de\/index.php?rest_route=\/wp\/v2\/pages\/490\/revisions\/965"}],"wp:attachment":[{"href":"https:\/\/zvk.meinezvk.de\/index.php?rest_route=%2Fwp%2Fv2%2Fmedia&parent=490"}],"curies":[{"name":"wp","href":"https:\/\/api.w.org\/{rel}","templated":true}]}}