{"id":557,"date":"2015-04-09T15:14:04","date_gmt":"2015-04-09T13:14:04","guid":{"rendered":"http:\/\/zvk.meinezvk.de\/?page_id=557"},"modified":"2015-06-18T16:54:10","modified_gmt":"2015-06-18T14:54:10","slug":"ihr-zulagenantrag","status":"publish","type":"page","link":"https:\/\/zvk.meinezvk.de\/?page_id=557","title":{"rendered":"Ihr Zulagenantrag"},"content":{"rendered":"<div id=\"attachment_558\" style=\"width: 260px\" class=\"wp-caption alignright\"><a href=\"http:\/\/zvk.meinezvk.de\/wp-content\/uploads\/sites\/2\/2015\/04\/Zulagenantrag.jpg\" data-rel=\"lightbox-image-0\" data-rl_title=\"\" data-rl_caption=\"\" title=\"\" data-wpel-link=\"internal\"><img loading=\"lazy\" decoding=\"async\" aria-describedby=\"caption-attachment-558\" class=\"wp-image-558 size-full\" src=\"http:\/\/zvk.meinezvk.de\/wp-content\/uploads\/sites\/2\/2015\/04\/Zulagenantrag.jpg\" alt=\"Zulagenantrag\" width=\"250\" height=\"368\" srcset=\"https:\/\/zvk.meinezvk.de\/wp-content\/uploads\/sites\/2\/2015\/04\/Zulagenantrag.jpg 250w, https:\/\/zvk.meinezvk.de\/wp-content\/uploads\/sites\/2\/2015\/04\/Zulagenantrag-204x300.jpg 204w\" sizes=\"auto, (max-width: 250px) 100vw, 250px\" \/><\/a><p id=\"caption-attachment-558\" class=\"wp-caption-text\">Den Zulaganantrag senden wir Ihnen automatisch zu!<\/p><\/div>\n<p>Die Zulagen, mit denen der Staat Ihre Beitr\u00e4ge f\u00f6rdert, m\u00fcssen Sie beantragen.<\/p>\n<p><strong>Den \u201eAntrag auf Altersvorsorgezulage&#8220; erhalten Sie von uns automatisch.<\/strong><br \/>\nNachdem Sie diesen ausgef\u00fcllt an die ZVK Th\u00fcringen zur\u00fcckgesendet haben, erledigen wir den Rest f\u00fcr Sie. Sie brauchen sich dann um nichts mehr k\u00fcmmern.<\/p>\n<p>Noch einfacher wird es, wenn Sie aus Ihrem Antrag einen <strong>Dauerzulagenantrag<\/strong> machen. Dann stellen wir den Antrag in den Folgejahren f\u00fcr Sie.<\/p>\n<p>Ergeben sich beim Ausf\u00fcllen Fragen, k\u00f6nnen Sie sich gern an uns wenden.<\/p>\n","protected":false},"excerpt":{"rendered":"<p>Die Zulagen, mit denen der Staat Ihre Beitr\u00e4ge f\u00f6rdert, m\u00fcssen Sie beantragen. Den \u201eAntrag auf Altersvorsorgezulage&#8220; erhalten Sie von uns automatisch. Nachdem Sie diesen ausgef\u00fcllt an die ZVK Th\u00fcringen zur\u00fcckgesendet haben, erledigen wir den&#46;&#46;&#46;<\/p>\n","protected":false},"author":7,"featured_media":0,"parent":534,"menu_order":0,"comment_status":"open","ping_status":"closed","template":"","meta":{"footnotes":""},"class_list":["post-557","page","type-page","status-publish","hentry"],"_links":{"self":[{"href":"https:\/\/zvk.meinezvk.de\/index.php?rest_route=\/wp\/v2\/pages\/557","targetHints":{"allow":["GET"]}}],"collection":[{"href":"https:\/\/zvk.meinezvk.de\/index.php?rest_route=\/wp\/v2\/pages"}],"about":[{"href":"https:\/\/zvk.meinezvk.de\/index.php?rest_route=\/wp\/v2\/types\/page"}],"author":[{"embeddable":true,"href":"https:\/\/zvk.meinezvk.de\/index.php?rest_route=\/wp\/v2\/users\/7"}],"replies":[{"embeddable":true,"href":"https:\/\/zvk.meinezvk.de\/index.php?rest_route=%2Fwp%2Fv2%2Fcomments&post=557"}],"version-history":[{"count":3,"href":"https:\/\/zvk.meinezvk.de\/index.php?rest_route=\/wp\/v2\/pages\/557\/revisions"}],"predecessor-version":[{"id":561,"href":"https:\/\/zvk.meinezvk.de\/index.php?rest_route=\/wp\/v2\/pages\/557\/revisions\/561"}],"up":[{"embeddable":true,"href":"https:\/\/zvk.meinezvk.de\/index.php?rest_route=\/wp\/v2\/pages\/534"}],"wp:attachment":[{"href":"https:\/\/zvk.meinezvk.de\/index.php?rest_route=%2Fwp%2Fv2%2Fmedia&parent=557"}],"curies":[{"name":"wp","href":"https:\/\/api.w.org\/{rel}","templated":true}]}}