{"id":952,"date":"2015-07-13T14:30:28","date_gmt":"2015-07-13T12:30:28","guid":{"rendered":"http:\/\/zvk.meinezvk.de\/?page_id=952"},"modified":"2015-11-18T15:16:44","modified_gmt":"2015-11-18T14:16:44","slug":"newsletter-archiv","status":"publish","type":"page","link":"https:\/\/zvk.meinezvk.de\/?page_id=952","title":{"rendered":"Newsletter-Archiv"},"content":{"rendered":"<div id=\"c307\" class=\"csc-default\">\n<div id=\"c111\" class=\"csc-default\">\n<p>[wysija_archive list_id=&#8220;3&#8243;]<\/p>\n<p><strong><div class=\"su-spoiler su-spoiler-style-fancy su-spoiler-icon-plus su-spoiler-closed\" data-scroll-offset=\"0\" data-anchor-in-url=\"no\"><div class=\"su-spoiler-title\" tabindex=\"0\" role=\"button\"><span class=\"su-spoiler-icon\"><\/span>Newsletter 01\/2014 vom 26.05.2014<\/div><div class=\"su-spoiler-content su-u-clearfix su-u-trim\"><\/strong><\/p>\n<div id=\"c1781\" class=\"csc-default\">\n<p>In der vergangenen Woche haben alle Versicherten der ZVK Th\u00fcringen Post erhalten. Im heutigen Newsletter wollen wir Ihnen die Bestandteile dieses Schreibens noch einmal kurz vorstellen und erl\u00e4utern.<\/p>\n<\/div>\n<div id=\"c1780\" class=\"csc-default\">\n<h1>Versicherungsnachweis<\/h1>\n<p>Den <b>Versicherungsnachweis<\/b> f\u00fcr das Jahr 2013 haben <b>alle Versicherten<\/b> erhalten.<\/p>\n<p>Damit besteht nun die M\u00f6glichkeit, die vom Arbeitgeber gemeldeten Entgelte und Versicherungszeiten zu \u00fcberpr\u00fcfen und fehlerhafte Meldungen gegebenenfalls bei diesem anzuzeigen. Die Frist f\u00fcr Beanstandungen des Versicherungsnachweises betr\u00e4gt sechs Monate ab dem Zugang des Versicherungsnachweises.<\/p>\n<\/div>\n<div id=\"c1782\" class=\"csc-default\">\n<h1>Bescheinigung nach \u00a7 92 EStG<\/h1>\n<p>Diese Bescheinigung erhalten alle Versicherten, die in den vergangenen Jahren die staatliche Riester-F\u00f6rderung in Anspruch genommen haben.<\/p>\n<p>Dies ist<\/p>\n<ul>\n<li>durch die Nutzung des Nettomodells in der Pflichtversicherung, oder<\/li>\n<li>bei geleisteten Beitr\u00e4gen in einem freiwilligen Riester-Vertrag m\u00f6glich.<\/li>\n<\/ul>\n<p>Die Bescheinigung enth\u00e4lt Informationen \u00fcber<\/p>\n<ul>\n<li>die H\u00f6he und die Summe der im abgelaufenen Kalenderjahr geleisteten Altersvorsorgebeitr\u00e4ge,<\/li>\n<li>das Bestehen eines Zulagenanspruches,<\/li>\n<li>die Summe der bis zum Ende des abgelaufenen Beitragsjahres dem Vertrag gutgeschriebenen Zulagen,<\/li>\n<li>den Stand des Altersvorsorgeverm\u00f6gens und<\/li>\n<li>die Best\u00e4tigung der durch den Anbieter erfolgten Daten\u00fcbermittlung der im Vorjahr geleisteten Altersvorsorgebeitr\u00e4ge an die Zentrale Zulagenstelle f\u00fcr Altersverm\u00f6gen (ZfA).<\/li>\n<\/ul>\n<p><b>Die Bescheinigung dient zum einen als Nachweis f\u00fcr die eigenen Unterlagen<\/b>. Zum anderen ist sie die Grundlage bei eventuellen Beanstandungen gegen\u00fcber der ZfA. Daf\u00fcr bleibt ab Zugang der Bescheinigung ein Jahr Zeit.<\/p>\n<\/div>\n<div id=\"c1783\" class=\"csc-default\">\n<h1>Antrag auf Altersvorsorgezulage<\/h1>\n<p>Auch in diesem Jahr haben wir den gesetzlich vorgeschriebenen Antrag auf Altersvorsorgezulage an alle Versicherten versendet, die im Vorjahr (Beitragsjahr) f\u00f6rderf\u00e4hige Beitr\u00e4ge gezahlt und keinen Dauerzulagenantrag gestellt haben.<\/p>\n<p>F\u00fcr Pflicht- und Freiwillige Versicherung ist jeweils ein separater Antrag zu stellen, weshalb in betroffenen F\u00e4llen auch zwei Antragsformulare versandt wurden.<\/p>\n<p>F\u00fcr die Antragstellung gilt eine Frist von zwei Jahren nach Ablauf des entsprechenden Beitragsjahres. Zulagenantr\u00e4ge f\u00fcr 2013 k\u00f6nnen also bis zum 31.12.2015 gestellt werden. Die Antr\u00e4ge sind bei der ZVK Th\u00fcringen zu stellen. F\u00fcr die Frist gilt der Eingang bei der ZVK.<\/p>\n<\/div>\n<div id=\"c1784\" class=\"csc-default\">\n<h1>\u00c4nderungsmitteilung<\/h1>\n<p>F\u00fcr Versicherte, die bereits einen Antrag auf Altersvorsorgezulage als Dauerzulagenantrag gestellt haben, beantragt die ZVK die Zulagen j\u00e4hrlich automatisch aufgrund der erteilten Vollmacht. Diese\u00a0 Versicherten erhielten eine \u00c4nderungsmitteilung zur \u00dcberpr\u00fcfung der von der ZVK f\u00fcr die Zulagenbeantragung verwendeten Daten.<\/p>\n<p>Die \u00c4nderungsmitteilung ist lediglich zur\u00fcckzusenden, wenn sich die darin enthaltenen pers\u00f6nlichen Angaben ge\u00e4ndert haben (z.B. Kind geboren).<br \/>\n<b>Haben Sie Fragen?<br \/>\nDann stehen wir Ihnen unter 03466 \/ 3364 \u2013 85 gern zur Verf\u00fcgung.<\/b><\/p>\n<p>&nbsp;<\/p>\n<p>Ihre Zusatzversorgungskasse Th\u00fcringen<\/p>\n<\/div>\n<div id=\"c1779\" class=\"csc-default\">\n<p><b>Kommunaler Versorgungsverband Th\u00fcringen (ZVK Th\u00fcringen)<\/b><br \/>\n&#8211; K\u00f6rperschaft des \u00f6ffentlichen Rechts &#8211;<br \/>\nSteile Hohle 6<br \/>\n06556 Artern<\/p>\n<p>vertreten durch den Direktor<br \/>\nverantwortlicher Redakteur: Steffen Weber<\/p>\n<p><a class=\"external-link-new-window ext-link wpel-icon-right\" title=\"\u00d6ffnet externen Link in neuem Fenster\" href=\"https:\/\/www.kvt-zvk.de\/\" target=\"_blank\" data-wpel-link=\"external\" rel=\"nofollow external noopener noreferrer\">https:\/\/www.kvt-zvk.de<span class=\"wpel-icon wpel-image wpel-icon-6\"><\/span><\/a> | zvk@kvt-zvk.de<br \/>\nTel.: (0 34 66) 33 64-85<br \/>\nFax: (0 34 66) 33 64-55<\/p>\n<p>Copyright \u00a9 2014 ZVK Th\u00fcringen. Alle Rechte vorbehalten.<\/p>\n<\/div>\n<\/div>\n<\/div>\n<p><strong><\/div><\/div><\/strong><\/p>\n","protected":false},"excerpt":{"rendered":"<p>[wysija_archive list_id=&#8220;3&#8243;]<\/p>\n","protected":false},"author":1,"featured_media":0,"parent":0,"menu_order":0,"comment_status":"closed","ping_status":"closed","template":"","meta":{"footnotes":""},"class_list":["post-952","page","type-page","status-publish","hentry"],"_links":{"self":[{"href":"https:\/\/zvk.meinezvk.de\/index.php?rest_route=\/wp\/v2\/pages\/952","targetHints":{"allow":["GET"]}}],"collection":[{"href":"https:\/\/zvk.meinezvk.de\/index.php?rest_route=\/wp\/v2\/pages"}],"about":[{"href":"https:\/\/zvk.meinezvk.de\/index.php?rest_route=\/wp\/v2\/types\/page"}],"author":[{"embeddable":true,"href":"https:\/\/zvk.meinezvk.de\/index.php?rest_route=\/wp\/v2\/users\/1"}],"replies":[{"embeddable":true,"href":"https:\/\/zvk.meinezvk.de\/index.php?rest_route=%2Fwp%2Fv2%2Fcomments&post=952"}],"version-history":[{"count":4,"href":"https:\/\/zvk.meinezvk.de\/index.php?rest_route=\/wp\/v2\/pages\/952\/revisions"}],"predecessor-version":[{"id":1253,"href":"https:\/\/zvk.meinezvk.de\/index.php?rest_route=\/wp\/v2\/pages\/952\/revisions\/1253"}],"wp:attachment":[{"href":"https:\/\/zvk.meinezvk.de\/index.php?rest_route=%2Fwp%2Fv2%2Fmedia&parent=952"}],"curies":[{"name":"wp","href":"https:\/\/api.w.org\/{rel}","templated":true}]}}